{"id":33,"date":"2011-08-01T13:08:16","date_gmt":"2011-08-01T13:08:16","guid":{"rendered":"http:\/\/harlem-lifestyle.com\/?page_id=33"},"modified":"2022-03-03T17:40:25","modified_gmt":"2022-03-03T16:40:25","slug":"c-g-v","status":"publish","type":"page","link":"https:\/\/harlem-lifestyle.com\/de\/c-g-v\/","title":{"rendered":"Allgemeine Bedingungen"},"content":{"rendered":"<p><em><strong>Bestellung<\/strong><\/em><br \/>\nDie im Online-Shop von Harlem Lifestyle angebotene Produktpalette stellt eine M\u00f6glichkeit f\u00fcr den Kunden dar, der Firma Harlem Lifestyle ein Angebot zum Kauf der genannten Produkte auf der Website zu machen. Alle Preise sind in Euro angegeben.<\/p>\n<p><em><strong>Lieferung und Versandkosten<\/strong>\u00a0<\/em><br \/>\nDie Lieferzeit betr\u00e4gt in der Regel <strong>48 bis 72 Stunden <\/strong>ab dem Zeitpunkt der Bestellung. Sollten die gelieferten Artikel offensichtliche Material- oder Herstellungsfehler aufweisen, wozu auch Transportst\u00f6rungen geh\u00f6ren, so reklamieren Sie diese bitte unverz\u00fcglich bei uns. Die Durchf\u00fchrung oder Nichtdurchf\u00fchrung dieser Reklamation ber\u00fchrt Ihre gesetzlichen Rechte nicht.<\/p>\n<p><em><strong>Zahlung<\/strong><\/em><br \/>\nSie k\u00f6nnen sich f\u00fcr eine Zahlung per Kreditkarte (Visa, MasterCard) oder PayPal entscheiden. Harlem Lifestyle beh\u00e4lt sich das Recht vor, im Falle eines negativen Ergebnisses der Adress- und\/oder Bonit\u00e4tspr\u00fcfung eine begrenzte Anzahl von Zahlungsmitteln zu akzeptieren.<\/p>\n<p><strong><em>Schutz der Privatsph\u00e4re<\/em><\/strong><br \/>\nAlle personenbezogenen Daten werden vertraulich behandelt und der Schutz Ihrer Interessen gem\u00e4\u00df den gesetzlichen Vorschriften wird ber\u00fccksichtigt.<\/p>\n<p><em><strong>R\u00fccksendungen und Beschwerden<\/strong><\/em><br \/>\nDer Kunde hat ab dem Lieferdatum 14 Tage Zeit, um von seinem Widerrufsrecht Gebrauch zu machen und die Ware gem\u00e4\u00df den Bestimmungen des Verbraucherschutzgesetzes (Code de la Consommation), Artikel L 121-20, zur\u00fcckzusenden. Der Kunde muss Harlem Lifestyle \u00fcber seine Absicht, die Ware zur\u00fcckzusenden, informieren, indem er eine E-Mail an contact@harlem-lifestyle.com mit dem Betreff \"Return Merchandise\" schickt. Die Kosten f\u00fcr die R\u00fccksendung der Ware tr\u00e4gt der Kunde. Die Produkte m\u00fcssen sich im Originalzustand und in der Originalverpackung befinden und innerhalb von 7 Tagen nach der Lieferung zur\u00fcckgesendet werden. Die Versandkosten f\u00fcr die R\u00fccksendung gehen zu Lasten des Kunden. Wir empfehlen den Versand als eingeschriebenes Colissimo-Paket, das Streitigkeiten \u00fcber den Erhalt des Pakets vermeidet. R\u00fccksendungen m\u00fcssen eindeutig gekennzeichnet sein (Bestellnummer, Name, Vorname und Adresse) und an :<\/p>\n<p><strong>Harlem Lifestyle<\/strong><br \/>\n<strong>47 avenue Pierre Ziller<\/strong><br \/>\n<strong>06700 Saint-Laurent-du-Var - Frankreich<\/strong><\/p>\n<p>Harlem Lifestyle beh\u00e4lt sich das Recht vor, die Erstattung der R\u00fccksendung zu verweigern, wenn die Artikel \u00fcber einen l\u00e4ngeren Zeitraum benutzt wurden, wenn sie besch\u00e4digt, verschmutzt, ohne Originalverpackung oder in einem Zustand zur\u00fcckgeschickt werden, der es nicht erlaubt, sie zum Verkauf anzubieten. Das Original der Verkaufsrechnung muss den zur\u00fcckgesandten Artikeln beigef\u00fcgt werden, und der Kunde ist daf\u00fcr verantwortlich, eine Kopie davon aufzubewahren. Die R\u00fcckerstattung erfolgt direkt \u00fcber PayPal. Die urspr\u00fcnglichen Versandkosten werden in jedem Fall nicht zur\u00fcckerstattet und gehen zu Lasten des Kunden. Bitte beachten Sie, dass wir nur R\u00fccksendungen von Waren annehmen k\u00f6nnen, die im Harlem Lifestyle Online Shop gekauft wurden. Wenn Sie Waren zur\u00fcckgeben m\u00f6chten, die anderswo gekauft wurden, wenden Sie sich bitte an den Shop, in dem die Waren urspr\u00fcnglich gekauft wurden.<\/p>","protected":false},"excerpt":{"rendered":"<p>Bestellung Die im Harlem Lifestyle Online Shop pr\u00e4sentierte Produktpalette stellt eine M\u00f6glichkeit f\u00fcr den Kunden dar, Folgendes zu tun<\/p>","protected":false},"author":2,"featured_media":0,"parent":0,"menu_order":22,"comment_status":"closed","ping_status":"open","template":"template-fullwidth.php","meta":{"footnotes":""},"class_list":["post-33","page","type-page","status-publish","hentry"],"_links":{"self":[{"href":"https:\/\/harlem-lifestyle.com\/de\/wp-json\/wp\/v2\/pages\/33","targetHints":{"allow":["GET"]}}],"collection":[{"href":"https:\/\/harlem-lifestyle.com\/de\/wp-json\/wp\/v2\/pages"}],"about":[{"href":"https:\/\/harlem-lifestyle.com\/de\/wp-json\/wp\/v2\/types\/page"}],"author":[{"embeddable":true,"href":"https:\/\/harlem-lifestyle.com\/de\/wp-json\/wp\/v2\/users\/2"}],"replies":[{"embeddable":true,"href":"https:\/\/harlem-lifestyle.com\/de\/wp-json\/wp\/v2\/comments?post=33"}],"version-history":[{"count":0,"href":"https:\/\/harlem-lifestyle.com\/de\/wp-json\/wp\/v2\/pages\/33\/revisions"}],"wp:attachment":[{"href":"https:\/\/harlem-lifestyle.com\/de\/wp-json\/wp\/v2\/media?parent=33"}],"curies":[{"name":"wp","href":"https:\/\/api.w.org\/{rel}","templated":true}]}}