{"id":42,"date":"2011-08-01T13:15:33","date_gmt":"2011-08-01T11:15:33","guid":{"rendered":"http:\/\/harlem-lifestyle.com\/?page_id=42"},"modified":"2024-01-21T15:15:37","modified_gmt":"2024-01-21T14:15:37","slug":"paiement-securise","status":"publish","type":"page","link":"https:\/\/harlem-lifestyle.com\/de\/paiement-securise\/","title":{"rendered":"Sichere Zahlungen"},"content":{"rendered":"<h3>Sichere Online-Zahlung per Kreditkarte durch <em>Payplug<\/em> oder <em>Paypal<\/em><\/h3>\n<p>Mit dieser L\u00f6sung wird Ihre Bestellung sofort bearbeitet. Die akzeptierten Karten sind: CB, Visa, MasterCard. Die Zahlung ist sicher und wir haben keinen Zugriff auf Ihre Bankdaten, die nur f\u00fcr die Transaktion verschl\u00fcsselt an das Zahlungsmodul Payplug oder PayPal weitergeleitet werden.<\/p>\n<p>Wir garantieren Ihnen ein Zahlungssystem auf einem sicheren Server (PCI-DSS-zertifiziert), der die Wahrung der Vertraulichkeit der Informationen durch Schutz- und Kryptologieverfahren gew\u00e4hrleistet.<\/p>\n<p>Ihre Kreditkartennummer wird nicht unverschl\u00fcsselt \u00fcber das Netz \u00fcbertragen, sondern systematisch verschl\u00fcsselt. Diese Nummer wird nicht auf unseren Servern gespeichert.<\/p>\n<h3>Mehr \u00fcber\u00a0<strong><em>Payplug<\/em><\/strong><\/h3>\n<p>Natixis est devenu l&rsquo;actionnaire majoritaire de PayPlug en avril 2017.<\/p>\n<p>\u00dcber Natixis Payments :<\/p>\n<p>Als Tech-Player im Zahlungsverkehr bietet Natixis Payments ma\u00dfgeschneiderte und nutzerorientierte L\u00f6sungen f\u00fcr den Einzelhandel, f\u00fcr Unternehmen, KMU, Beh\u00f6rden, Verb\u00e4nde, Finanzinstitute, Fintechs und Privatpersonen in Europa.<\/p>\n<p>Filiale du Groupe BPCE, Natixis Payments s&rsquo;appuie \u00e0 la fois sur un socle technologique robuste, sur ses fintechs et ses \u00e9quipes d&rsquo;experts pour d\u00e9velopper une gamme compl\u00e8te de solutions, en interne et avec des partenaires soigneusement s\u00e9lectionn\u00e9s. Elle intervient sur l&rsquo;ensemble de la cha\u00eene de valeur des paiements, de l&rsquo;\u00e9mission \u00e0 l&rsquo;acquisition, de l&rsquo;e-paiement aux portemonnaies \u00e9lectroniques, en passant par les cartes pr\u00e9pay\u00e9es.<\/p>\n<p>Als erster Anbieter von Apple Pay, Samsung Pay und Instant Payment in Frankreich und gr\u00f6\u00dfter Herausgeber von Visa-Karten in Kontinentaleuropa verwaltet Natixis Payments 23 Millionen Karten und \u00fcber 8 Milliarden Transaktionen pro Jahr.<\/p>\n<h3>Zahlung mit Ihrem Konto\u00a0<strong><em>PayPal<\/em><\/strong>\u00a0direkt<\/h3>\n<p>Mit dieser L\u00f6sung wird Ihre Bestellung sofort bearbeitet. Die Zahlung erfolgt in einem sicheren Modus, indem Sie sich direkt mit Ihrem \u00fcblichen PayPal-Konto verbinden. Sie geben Ihre Kartendaten nicht bekannt.<\/p>\n<h3>Mehr \u00fcber\u00a0<strong><em>PayPal<\/em><\/strong><\/h3>\n<p>Unangefochtener Marktf\u00fchrer im Bereich der Online-Zahlungen,\u00a0<strong><em>PayPal<\/em><\/strong>\u00a0erm\u00f6glicht es K\u00e4ufern und Verk\u00e4ufern, online Zahlungen zu senden und zu empfangen. PayPal hat \u00fcber 100 Millionen Konten in 190 L\u00e4ndern und Regionen der Welt.<\/p>\n<p>Es wird von allen H\u00e4ndlern akzeptiert und tr\u00e4gt dazu bei, Ihre Kreditkarteninformationen durch die besten Systeme auf dem Markt f\u00fcr Sicherheit und Betrugspr\u00e4vention zu sch\u00fctzen.\u00a0<strong>Wenn Sie PayPal verwenden, werden Ihre finanziellen Informationen niemals an den H\u00e4ndler weitergegeben.<\/strong>. T\u00e4tigen Sie Eink\u00e4ufe oder senden Sie Zahlungen mit\u00a0<strong><em>PayPal<\/em><\/strong>\u00a0: es ist kostenlos. Kaufen und bezahlen Sie in aller Ruhe.\u00a0<strong><em>PayPal<\/em><\/strong>\u00a0wird von Millionen von H\u00e4ndlern weltweit akzeptiert und ist die meistgenutzte Zahlungsmethode auf eBay.<\/p>","protected":false},"excerpt":{"rendered":"<p>Sichere Online-Zahlung per Kreditkarte \u00fcber Payplug oder Paypal Mit dieser L\u00f6sung wird Ihre Bestellung sofort bearbeitet. Die<\/p>","protected":false},"author":2,"featured_media":0,"parent":0,"menu_order":21,"comment_status":"closed","ping_status":"closed","template":"","meta":{"footnotes":""},"class_list":["post-42","page","type-page","status-publish","hentry"],"_links":{"self":[{"href":"https:\/\/harlem-lifestyle.com\/de\/wp-json\/wp\/v2\/pages\/42","targetHints":{"allow":["GET"]}}],"collection":[{"href":"https:\/\/harlem-lifestyle.com\/de\/wp-json\/wp\/v2\/pages"}],"about":[{"href":"https:\/\/harlem-lifestyle.com\/de\/wp-json\/wp\/v2\/types\/page"}],"author":[{"embeddable":true,"href":"https:\/\/harlem-lifestyle.com\/de\/wp-json\/wp\/v2\/users\/2"}],"replies":[{"embeddable":true,"href":"https:\/\/harlem-lifestyle.com\/de\/wp-json\/wp\/v2\/comments?post=42"}],"version-history":[{"count":1,"href":"https:\/\/harlem-lifestyle.com\/de\/wp-json\/wp\/v2\/pages\/42\/revisions"}],"predecessor-version":[{"id":40221,"href":"https:\/\/harlem-lifestyle.com\/de\/wp-json\/wp\/v2\/pages\/42\/revisions\/40221"}],"wp:attachment":[{"href":"https:\/\/harlem-lifestyle.com\/de\/wp-json\/wp\/v2\/media?parent=42"}],"curies":[{"name":"wp","href":"https:\/\/api.w.org\/{rel}","templated":true}]}}