{"id":5212,"date":"2021-08-25T07:26:28","date_gmt":"2021-08-25T07:26:28","guid":{"rendered":"http:\/\/dummy.xtemos.com\/woodmart2\/?page_id=5212"},"modified":"2025-07-26T21:19:28","modified_gmt":"2025-07-26T19:19:28","slug":"notre-histoire","status":"publish","type":"page","link":"https:\/\/harlem-lifestyle.com\/de\/unsere-geschichte\/","title":{"rendered":"Unsere Geschichte"},"content":{"rendered":"<div class=\"wpb-content-wrapper\"><div class=\"vc_row wpb_row vc_row-fluid vc_custom_1629877038080 row-reverse-mobile row-reverse-tablet wd-rs-6125f32826e3d\"><div class=\"wpb_column vc_column_container vc_col-sm-12 vc_col-lg-6 vc_col-md-6 wd-rs-6125f30edad72\"><div class=\"vc_column-inner vc_custom_1629877010833\"><div class=\"wpb_wrapper\">\t\t<div id=\"wd-65ac13e9874a2\" class=\"wd-image wd-wpb wd-rs-65ac13e9874a2 text-left vc_custom_1705776119611\">\n\t\t\t\n\t\t\t<img decoding=\"async\" width=\"1000\" height=\"1391\" src=\"https:\/\/harlem-lifestyle.com\/wp-content\/uploads\/alice-1.jpg\" class=\"attachment-full size-full\" alt=\"Harlem Lifestyle\" srcset=\"https:\/\/harlem-lifestyle.com\/wp-content\/uploads\/alice-1.jpg 1000w, https:\/\/harlem-lifestyle.com\/wp-content\/uploads\/alice-1-430x598.jpg 430w, https:\/\/harlem-lifestyle.com\/wp-content\/uploads\/alice-1-150x209.jpg 150w, https:\/\/harlem-lifestyle.com\/wp-content\/uploads\/alice-1-700x974.jpg 700w, https:\/\/harlem-lifestyle.com\/wp-content\/uploads\/alice-1-216x300.jpg 216w, https:\/\/harlem-lifestyle.com\/wp-content\/uploads\/alice-1-575x800.jpg 575w, https:\/\/harlem-lifestyle.com\/wp-content\/uploads\/alice-1-768x1068.jpg 768w, https:\/\/harlem-lifestyle.com\/wp-content\/uploads\/alice-1-860x1196.jpg 860w\" sizes=\"(max-width: 1000px) 100vw, 1000px\" title=\"\">\n\t\t\t\t\t<\/div>\n\t\t<\/div><\/div><\/div><div class=\"wpb_column vc_column_container vc_col-sm-12 vc_col-lg-offset-1 vc_col-lg-5 vc_col-md-6 vc_col-xs-12 wd-rs-6125f320eb687\"><div class=\"vc_column-inner vc_custom_1629877027060\"><div class=\"wpb_wrapper\">\n\t\t<div id=\"wd-65ac130ff0b41\" class=\"title-wrapper wd-wpb wd-set-mb reset-last-child  wd-rs-65ac130ff0b41 wd-title-color-primary wd-title-style-default text-left vc_custom_1705775896089 wd-underline-colored\">\n\t\t\t\t\t\t\t\n\t\t\t\t<div class=\"title-subtitle  subtitle-color-primary font-default subtitle-style-default wd-font-weight-600 wd-fontsize-xs\">HARLEM LIFESTYLE<\/div>\n\t\t\t\n\t\t\t<div class=\"liner-continer\">\n\t\t\t\t<h4 class=\"woodmart-title-container title  wd-font-weight- wd-fontsize-xxl\" >UNSERE GESCHICHTE<\/h4>\n\t\t\t\t\t\t\t<\/div>\n\t\t\t\n\t\t\t\n\t\t\t\n\t\t<\/div>\n\t\t\n\t\t\t\t<div id=\"wd-65ac1286e93bf\" class=\"wd-text-block wd-wpb reset-last-child wd-rs-65ac1286e93bf text-left wd-width-enabled wd-fontsize-s vc_custom_1705775759339\" style=\"--wd-max-width: 90%;\">\n\t\t\t<p>Harlem Lifestyle hat sich zur f\u00fchrenden franz\u00f6sischen Pr\u00eat-\u00e0-porter-Marke entwickelt in Bezug auf\u00a0<strong>T-Shirts\u00a0<\/strong>und<strong>\u00a0Originelle Sweatshirts<\/strong>.<\/p>\n<p>&nbsp;<\/p>\n\t\t<\/div>\n\t\t\t\t<div id=\"wd-68022f1829c8c\" class=\"wd-text-block wd-wpb reset-last-child wd-rs-68022f1829c8c text-left wd-fontsize-custom vc_custom_1744974802043\">\n\t\t\t<p>Die Geschichte von Harlem Lifestyle: Ein Abenteuer zwischen Nizza und New York<\/p>\n<p class=\"\" data-start=\"207\" data-end=\"508\">Alles begann im Jahr 2010 in einem kleinen Ladenlokal am Ende einer Gasse in Nizza. Drei modebegeisterte Freunde mit langj\u00e4hriger Erfahrung in der Bekleidungsbranche beschlossen, ihre eigene Marke zu gr\u00fcnden. Eine etwas verr\u00fcckte Idee, die von der Lust gen\u00e4hrt wurde, mit den Codes zu brechen und die Dinge auf ihre Weise zu tun.<\/p>\n<p class=\"\" data-start=\"510\" data-end=\"802\">Mais ce que peu de gens savent, c\u2019est que l\u2019\u00e2me d\u2019Harlem Lifestyle vient de bien plus loin que la C\u00f4te d\u2019Azur. Elle s\u2019est forg\u00e9e \u00e0 des milliers de kilom\u00e8tres, dans les rues vibrantes de New York et plus pr\u00e9cis\u00e9ment dans le quartier de Harlem, o\u00f9 l&rsquo;un des fondateurs de la marque eu la chance de vivre plusieurs ann\u00e9es.<\/p>\n<p class=\"\" data-start=\"804\" data-end=\"1173\">Dort, zwischen den inspirierenden Graffitis, den Hip-Hop-Kl\u00e4ngen, die aus jeder Stra\u00dfenecke ert\u00f6nen, und dieser unglaublichen kreativen Energie, haben wir einen Gro\u00dfteil der Markenidentit\u00e4t gesch\u00f6pft. Harlem steht f\u00fcr freie Meinungs\u00e4u\u00dferung, Wagemut, die Vermischung der Kulturen und die Kraft der Botschaft. Es ist dieser einzigartige Vibe, den wir jedem unserer T-Shirts einhauchen wollten.<\/p>\n<p class=\"\" data-start=\"1175\" data-end=\"1504\">Mit ihrer 1. Kollektion <strong>CANDY<\/strong> und unser zum Kult gewordenes T-Shirt <em data-start=\"1229\" data-end=\"1258\">\"<strong>BAMBI IST EIN SOHN EINES REHS<\/strong>\"<\/em>Harlem Lifestyle hat sich schnell zu einer der Top-Marken f\u00fcr kreative T-Shirts entwickelt. Stars haben sie \u00fcbernommen, Zeitschriften wie <em data-start=\"1393\" data-end=\"1401\">Grazia<\/em> oder <em data-start=\"1405\" data-end=\"1412\">Hier ist<\/em> haben sie gelobt, aber im Grunde genommen ist die St\u00e4rke von Harlem Lifestyle ihre Aufrichtigkeit.<\/p>\n<p class=\"\" data-start=\"1506\" data-end=\"1593\">Eine freie Marke, die sich \u00fcber Konventionen lustig macht und laut ausspricht, was andere verschweigen.<\/p>\n<p class=\"\" data-start=\"1595\" data-end=\"1636\">Mehr als ein Stil ist es eine Geisteshaltung.<\/p>\n<p class=\"\" data-start=\"1638\" data-end=\"1671\"><strong data-start=\"1638\" data-end=\"1671\">Das ist Harlem Lifestyle.<\/strong><\/p>\n\t\t<\/div>\n\t\t<div class=\"vc_separator wpb_content_element vc_separator_align_center vc_sep_width_100 vc_sep_pos_align_center vc_separator_no_text vc_custom_1615616514122\" ><span class=\"vc_sep_holder vc_sep_holder_l\"><span style=\"border-color:rgb(10,10,10);border-color:rgba(10,10,10,0.12);\" class=\"vc_sep_line\"><\/span><\/span><span class=\"vc_sep_holder vc_sep_holder_r\"><span style=\"border-color:rgb(10,10,10);border-color:rgba(10,10,10,0.12);\" class=\"vc_sep_line\"><\/span><\/span>\n<\/div><\/div><\/div><\/div><\/div><section data-vc-full-width=\"true\" data-vc-full-width-temp=\"true\" data-vc-full-width-init=\"false\" class=\"vc_section vc_custom_1753557561367 vc_section-has-fill wd-bg-right-center wd-rs-688529637c361\"><div class=\"vc_row wpb_row vc_row-fluid vc_custom_1615814278162 vc_row-o-equal-height vc_row-o-content-middle vc_row-flex\"><div class=\"wpb_column vc_column_container vc_col-sm-6 color-scheme-light wd-rs-6125f35912e56\"><div class=\"vc_column-inner vc_custom_1629877084287\"><div class=\"wpb_wrapper\">\n\t\t<div id=\"wd-65ac3783a1ae6\" class=\"title-wrapper wd-wpb wd-set-mb reset-last-child  wd-rs-65ac3783a1ae6 wd-title-color-primary wd-title-style-default text-left vc_custom_1705785248310 wd-width-enabled wd-underline-colored\" style=\"--wd-max-width: 90%;\">\n\t\t\t\t\t\t\t\n\t\t\t\t<div class=\"title-subtitle  subtitle-color-primary font-default subtitle-style-default wd-font-weight-600 wd-fontsize-xs\">HARLEM LIFESTYLE<\/div>\n\t\t\t\n\t\t\t<div class=\"liner-continer\">\n\t\t\t\t<h4 class=\"woodmart-title-container title  wd-font-weight- wd-fontsize-xxl\" >Life is too short too wear boring clothes<\/h4>\n\t\t\t\t\t\t\t<\/div>\n\t\t\t\n\t\t\t\n\t\t\t\n\t\t<\/div>\n\t\t\n\t\t<div id=\"wd-65ac37a356bd2\" class=\"wd-rs-65ac37a356bd2  wd-button-wrapper text-center inline-element\"><a href=\"#\" title=\"\" class=\"btn btn-color-white btn-style-link btn-shape-rectangle btn-size-default\">Mit Liebe<\/a><\/div><\/div><\/div><\/div><div class=\"wpb_column vc_column_container vc_col-sm-6 wd-rs-6125f353ede07\"><div class=\"vc_column-inner vc_custom_1629877079783\"><div class=\"wpb_wrapper\"><div class=\"vc_row wpb_row vc_inner vc_row-fluid vc_custom_1615814565315 vc_row-has-fill vc_row-o-equal-height vc_row-flex\"><div class=\"wpb_column vc_column_container vc_col-sm-6 vc_col-xs-6 vc_col-has-fill\"><div class=\"vc_column-inner vc_custom_1499604113587\"><div class=\"wpb_wrapper\">\t\t\t<div class=\"woodmart-counter wd-wpb  wd-rs-6802345a015f8 counter-large text-center color-scheme-custom\" id=\"wd-6802345a015f8\">\n\t\t\t\t<div class=\"counter-value wd-font-weight-600\" data-state=\"new\" data-final=\"2010\">\n\t\t\t\t\t0\t\t\t\t<\/div>\n\t\t\t\t\t\t\t\t\t<div class=\"counter-label\">ENTSTEHUNGSJAHR<\/div>\n\t\t\t\t\t\t\t\t\t\t\t<\/div>\n\n\t\t<\/div><\/div><\/div><div class=\"wpb_column vc_column_container vc_col-sm-6 vc_col-xs-6\"><div class=\"vc_column-inner vc_custom_1499604100036\"><div class=\"wpb_wrapper\">\t\t\t<div class=\"woodmart-counter wd-wpb  wd-rs-68851112f0149 counter-large text-center color-scheme-custom\" id=\"wd-68851112f0149\">\n\t\t\t\t<div class=\"counter-value wd-font-weight-600\" data-state=\"new\" data-final=\"100000\">\n\t\t\t\t\t0\t\t\t\t<\/div>\n\t\t\t\t\t\t\t\t\t<div class=\"counter-label\">BESTELLUNGEN<\/div>\n\t\t\t\t\t\t\t\t\t\t\t<\/div>\n\n\t\t<\/div><\/div><\/div><\/div><div class=\"vc_row wpb_row vc_inner vc_row-fluid vc_custom_1499603294997 vc_row-has-fill\"><div class=\"wpb_column vc_column_container vc_col-sm-6 vc_col-xs-6 vc_col-has-fill\"><div class=\"vc_column-inner vc_custom_1499604519781\"><div class=\"wpb_wrapper\">\t\t\t<div class=\"woodmart-counter wd-wpb  wd-rs-688510f695d95 counter-large text-center color-scheme-custom\" id=\"wd-688510f695d95\">\n\t\t\t\t<div class=\"counter-value wd-font-weight-600\" data-state=\"new\" data-final=\"70000\">\n\t\t\t\t\t0\t\t\t\t<\/div>\n\t\t\t\t\t\t\t\t\t<div class=\"counter-label\">FANS<\/div>\n\t\t\t\t\t\t\t\t\t\t\t<\/div>\n\n\t\t<\/div><\/div><\/div><div class=\"wpb_column vc_column_container vc_col-sm-6 vc_col-xs-6\"><div class=\"vc_column-inner vc_custom_1499604526470\"><div class=\"wpb_wrapper\">\t\t\t<div class=\"woodmart-counter wd-wpb  wd-rs-65aff8d1e341e counter-large text-center color-scheme-custom\" id=\"wd-65aff8d1e341e\">\n\t\t\t\t<div class=\"counter-value wd-font-weight-600\" data-state=\"new\" data-final=\"3\">\n\t\t\t\t\t0\t\t\t\t<\/div>\n\t\t\t\t\t\t\t\t\t<div class=\"counter-label\">TEXTILZERTIFIZIERUNGEN<\/div>\n\t\t\t\t\t\t\t\t\t\t\t<\/div>\n\n\t\t<\/div><\/div><\/div><\/div><div class=\"vc_row wpb_row vc_inner vc_row-fluid vc_custom_1499603310379\"><div class=\"wpb_column vc_column_container vc_col-sm-6 vc_col-xs-6 vc_col-has-fill\"><div class=\"vc_column-inner vc_custom_1499604535206\"><div class=\"wpb_wrapper\">\n\t\t<div id=\"wd-65ac3766e511a\" class=\"title-wrapper wd-wpb wd-set-mb reset-last-child  wd-rs-65ac3766e511a wd-title-color-default wd-title-style-default text-center  wd-title-empty wd-underline-colored\">\n\t\t\t\t\t\t\t\n\t\t\t\t<div class=\"title-subtitle  subtitle-color-default font-default subtitle-style-default wd-font-weight-600 wd-fontsize-xs\">98%<\/div>\n\t\t\t\n\t\t\t<div class=\"liner-continer\">\n\t\t\t\t<h4 class=\"woodmart-title-container title  wd-font-weight- wd-fontsize-l\" ><\/h4>\n\t\t\t\t\t\t\t<\/div>\n\t\t\t\n\t\t\t\t\t\t\t<div class=\"title-after_title reset-last-child  wd-fontsize-xs\">ZUFRIEDENE KUNDEN<\/div>\n\t\t\t\n\t\t\t\n\t\t<\/div>\n\t\t\n\t\t<\/div><\/div><\/div><div class=\"wpb_column vc_column_container vc_col-sm-6 vc_col-xs-6\"><div class=\"vc_column-inner vc_custom_1499604548790\"><div class=\"wpb_wrapper\">\t\t\t<div class=\"info-box-wrapper\">\n\t\t\t\t<div id=\"wd-65ac37c1777f0\" class=\"wd-rs-65ac37c1777f0 wd-info-box wd-wpb text-center box-icon-align-top box-style- color-scheme- wd-bg-none\">\n\t\t\t\t\t\t\t\t\t\t\t<div class=\"box-icon-wrapper  box-with-icon box-icon-simple\">\n\t\t\t\t\t\t\t<div class=\"info-box-icon\">\n\t\t\t\t\t\t\t\t<img decoding=\"async\" width=\"40\" height=\"40\" src=\"https:\/\/harlem-lifestyle.com\/wp-content\/uploads\/330490-40x40.png\" class=\"attachment-40x40 size-40x40\" alt=\"Harlem Lifestyle\" srcset=\"https:\/\/harlem-lifestyle.com\/wp-content\/uploads\/330490-40x40.png 40w, https:\/\/harlem-lifestyle.com\/wp-content\/uploads\/330490-430x430.png 430w, https:\/\/harlem-lifestyle.com\/wp-content\/uploads\/330490-150x150.png 150w, https:\/\/harlem-lifestyle.com\/wp-content\/uploads\/330490-300x300.png 300w, https:\/\/harlem-lifestyle.com\/wp-content\/uploads\/330490-30x30.png 30w, https:\/\/harlem-lifestyle.com\/wp-content\/uploads\/330490-45x45.png 45w, https:\/\/harlem-lifestyle.com\/wp-content\/uploads\/330490-50x50.png 50w, https:\/\/harlem-lifestyle.com\/wp-content\/uploads\/330490.png 512w\" sizes=\"(max-width: 40px) 100vw, 40px\" title=\"\">\t\t\t\t\t\t\t<\/div>\n\t\t\t\t\t\t<\/div>\n\t\t\t\t\t\t\t\t\t\t<div class=\"info-box-content\">\n\t\t\t\t\t\t\t\t\t\t\t\t<div class=\"info-box-inner reset-last-child\"><p>MADE IN FRANKREICH<\/p>\n<\/div>\n\n\t\t\t\t\t\t\t\t\t\t\t<\/div>\n\n\t\t\t\t\t\n\t\t\t\t\t<style><\/style>\t\t\t\t<\/div>\n\t\t\t<\/div>\n\t\t<\/div><\/div><\/div><\/div><\/div><\/div><\/div><\/div><\/section><div class=\"vc_row-full-width vc_clearfix\"><\/div>\n<\/div>","protected":false},"excerpt":{"rendered":"HARLEM LIFESTYLE UNSERE GESCHICHTE Harlem Lifestyle hat sich zur f\u00fchrenden franz\u00f6sischen Pr\u00eat-\u00e0-porter-Marke f\u00fcr originelle T-Shirts und Sweatshirts entwickelt.","protected":false},"author":2001,"featured_media":0,"parent":0,"menu_order":0,"comment_status":"closed","ping_status":"closed","template":"","meta":{"footnotes":""},"class_list":["post-5212","page","type-page","status-publish","hentry"],"_links":{"self":[{"href":"https:\/\/harlem-lifestyle.com\/de\/wp-json\/wp\/v2\/pages\/5212","targetHints":{"allow":["GET"]}}],"collection":[{"href":"https:\/\/harlem-lifestyle.com\/de\/wp-json\/wp\/v2\/pages"}],"about":[{"href":"https:\/\/harlem-lifestyle.com\/de\/wp-json\/wp\/v2\/types\/page"}],"author":[{"embeddable":true,"href":"https:\/\/harlem-lifestyle.com\/de\/wp-json\/wp\/v2\/users\/2001"}],"replies":[{"embeddable":true,"href":"https:\/\/harlem-lifestyle.com\/de\/wp-json\/wp\/v2\/comments?post=5212"}],"version-history":[{"count":18,"href":"https:\/\/harlem-lifestyle.com\/de\/wp-json\/wp\/v2\/pages\/5212\/revisions"}],"predecessor-version":[{"id":50622,"href":"https:\/\/harlem-lifestyle.com\/de\/wp-json\/wp\/v2\/pages\/5212\/revisions\/50622"}],"wp:attachment":[{"href":"https:\/\/harlem-lifestyle.com\/de\/wp-json\/wp\/v2\/media?parent=5212"}],"curies":[{"name":"wp","href":"https:\/\/api.w.org\/{rel}","templated":true}]}}