{"id":5288,"date":"2021-08-25T09:00:10","date_gmt":"2021-08-25T09:00:10","guid":{"rendered":"http:\/\/dummy.xtemos.com\/woodmart2\/?page_id=5288"},"modified":"2024-01-23T21:37:49","modified_gmt":"2024-01-23T20:37:49","slug":"contact","status":"publish","type":"page","link":"https:\/\/harlem-lifestyle.com\/de\/contact\/","title":{"rendered":"Kontakt"},"content":{"rendered":"<div class=\"wpb-content-wrapper\"><div class=\"vc_row wpb_row vc_row-fluid vc_custom_1496926452255 vc_row-o-equal-height vc_row-flex\"><div class=\"wpb_column vc_column_container vc_col-sm-12 vc_col-lg-6 vc_col-md-6 vc_col-has-fill\"><div class=\"vc_column-inner vc_custom_1496927710186\"><div class=\"wpb_wrapper\">\n\t\t<div id=\"wd-65ac0d0a9a56a\" class=\"title-wrapper wd-wpb wd-set-mb reset-last-child  wd-rs-65ac0d0a9a56a wd-title-color-default wd-title-style-default text-left  wd-underline-colored\">\n\t\t\t\t\t\t\t\n\t\t\t\t<div class=\"title-subtitle  subtitle-color-default font-default subtitle-style-default wd-font-weight- wd-fontsize-xs\">H\u00c4UFIG GESTELLTE FRAGEN<\/div>\n\t\t\t\n\t\t\t<div class=\"liner-continer\">\n\t\t\t\t<h4 class=\"woodmart-title-container title  wd-font-weight- wd-fontsize-l\" >H\u00c4UFIG GESTELLTE FRAGEN<\/h4>\n\t\t\t\t\t\t\t<\/div>\n\t\t\t\n\t\t\t\n\t\t\t\n\t\t<\/div>\n\t\t\n\t\t\n\t\t<div id=\"wd-61825698b13f0\" class=\"wd-accordion wd-wpb wd-rs-61825698b13f0  wd-style-default wd-titles-left wd-opener-pos-right wd-opener-style-arrow\" data-state=\"first\">\n\t\t\t\t\t\t\t\n\t\t\t\t\n\t\t\t\t<div class=\"wd-accordion-item\">\n\t\t\t\t\t<div class=\"wd-accordion-title wd-role-btn wd-active font-text wd-fontsize-s wd-font-weight-600\" data-accordion-index=\"0\" tabindex=\"0\">\n\t\t\t\t\t\t<div class=\"wd-accordion-title-text\">\n\t\t\t\t\t\t\t\t\t\t\t\t\t\t<span>\n\t\t\t\t\t\t\t\tWelche Gr\u00f6\u00dfe empfehlen Sie mir?\t\t\t\t\t\t\t<\/span>\n\t\t\t\t\t\t<\/div>\n\t\t\t\t\t\t<span class=\"wd-accordion-opener\"><\/span>\n\t\t\t\t\t<\/div>\n\n\t\t\t\t\t<div class=\"wd-accordion-content wd-entry-content wd-active\" data-accordion-index=\"0\">\n\t\t\t\t\t\t\t\t\t\t\t\t\t\n<pre class=\"aLF-aPX-K0-aPE\">Sehen Sie sich unseren Gr\u00f6\u00dfenratgeber an.\r\n\r\nSie finden ihn auf jeder unserer Produktseiten, wenn Sie auf \"Gr\u00f6\u00dfenratgeber\" klicken.\r\n\r\nUm herauszufinden, ob Ihr Lieblingsst\u00fcck gro\u00df oder klein ausf\u00e4llt, k\u00f6nnen Sie sich unsere Gr\u00f6\u00dfenvorschl\u00e4ge ansehen, die Sie auf unserer Seite \u00fcber der Schaltfl\u00e4che \"In den Warenkorb\" finden.<\/pre>\n\t\t\t\t\t\t\t\t\t\t\t<\/div>\n\t\t\t\t<\/div>\n\t\t\t\t\t\t\t\n\t\t\t\t\n\t\t\t\t<div class=\"wd-accordion-item\">\n\t\t\t\t\t<div class=\"wd-accordion-title wd-role-btn font-text wd-fontsize-s wd-font-weight-600\" data-accordion-index=\"1\" tabindex=\"0\">\n\t\t\t\t\t\t<div class=\"wd-accordion-title-text\">\n\t\t\t\t\t\t\t\t\t\t\t\t\t\t<span>\n\t\t\t\t\t\t\t\tWie weit ist meine Bestellung?\t\t\t\t\t\t\t<\/span>\n\t\t\t\t\t\t<\/div>\n\t\t\t\t\t\t<span class=\"wd-accordion-opener\"><\/span>\n\t\t\t\t\t<\/div>\n\n\t\t\t\t\t<div class=\"wd-accordion-content wd-entry-content\" data-accordion-index=\"1\">\n\t\t\t\t\t\t\t\t\t\t\t\t\t\n<pre class=\"aLF-aPX-K0-aPE\">Um den Lieferstatus Ihrer Bestellung zu verfolgen, gehen Sie in Ihren Bereich Mein Konto &gt; Meine Bestellungen.\r\n\r\nKlicken Sie auf die Nummer der betreffenden Bestellung und dann auf \"Meine Bestellung verfolgen\" oder \"Mein Paket verfolgen\".\r\n\r\nDie Vorbereitungszeit f\u00fcr eine Bestellung kann zwischen 1 und 2 Werktagen variieren. Die Lieferzeit (die bei der Aufgabe der Bestellung angegeben wurde) beginnt, sobald die Bestellung abgeschickt wurde. Die Lieferzeit betr\u00e4gt in der Regel 48 bis 72 Stunden in Frankreich, 5 bis 7 Tage in Europa und etwa 10 Tage f\u00fcr internationale Ziele.\r\n\r\nDer Tracking-Barcode muss vom Spediteur gescannt werden. Es kann daher vorkommen, dass die Tracking-Nummer erst nach 48 bis 72 Stunden wirksam wird. In diesem Fall bitten wir Sie, es zu einem sp\u00e4teren Zeitpunkt erneut zu versuchen.\r\n<\/pre>\n\t\t\t\t\t\t\t\t\t\t\t<\/div>\n\t\t\t\t<\/div>\n\t\t\t\t\t\t\t\n\t\t\t\t\n\t\t\t\t<div class=\"wd-accordion-item\">\n\t\t\t\t\t<div class=\"wd-accordion-title wd-role-btn font-text wd-fontsize-s wd-font-weight-600\" data-accordion-index=\"2\" tabindex=\"0\">\n\t\t\t\t\t\t<div class=\"wd-accordion-title-text\">\n\t\t\t\t\t\t\t\t\t\t\t\t\t\t<span>\n\t\t\t\t\t\t\t\tWie tausche ich?\t\t\t\t\t\t\t<\/span>\n\t\t\t\t\t\t<\/div>\n\t\t\t\t\t\t<span class=\"wd-accordion-opener\"><\/span>\n\t\t\t\t\t<\/div>\n\n\t\t\t\t\t<div class=\"wd-accordion-content wd-entry-content\" data-accordion-index=\"2\">\n\t\t\t\t\t\t\t\t\t\t\t\t\t\n<pre class=\"aLF-aPX-K0-aPE\">Ab dem Zeitpunkt des Erhalts der Produkte hat der Verbraucher eine gesetzliche Frist von 14 (vierzehn) Tagen, um einen Umtausch zu verlangen. Um dieses Recht auszu\u00fcben, muss der Verbraucher eine E-Mail mit seiner Bestellnummer, dem\/den vom Umtausch betroffenen Artikel(n), dem\/den gew\u00fcnschten Umtauschartikel(n) und den Gr\u00fcnden f\u00fcr den Umtauschwunsch an den Kundenservice unter der folgenden E-Mail-Adresse schicken: contact@harlem-lifestyle.com . Die Teile m\u00fcssen in ihrem Originalzustand ungetragen zur\u00fcckgesandt werden.\r\n\r\nEin Produkt kann nur gegen einen anderen Artikel mit einem nicht rabattierten Verkaufspreis umgetauscht werden, der niedriger oder gleich dem urspr\u00fcnglich bestellten Produkt ist.\r\n\r\nDie umzutauschenden Artikel sind an die folgende Adresse zu senden:\r\n\r\nHARLEM LIFESTYLE\r\n47 avenue Pierre Ziller\r\n06700 Saint Laurent du Var\r\nFRANKREICH\r\n<\/pre>\n\t\t\t\t\t\t\t\t\t\t\t<\/div>\n\t\t\t\t<\/div>\n\t\t\t\t\t\t\t\n\t\t\t\t\n\t\t\t\t<div class=\"wd-accordion-item\">\n\t\t\t\t\t<div class=\"wd-accordion-title wd-role-btn font-text wd-fontsize-s wd-font-weight-600\" data-accordion-index=\"3\" tabindex=\"0\">\n\t\t\t\t\t\t<div class=\"wd-accordion-title-text\">\n\t\t\t\t\t\t\t\t\t\t\t\t\t\t<span>\n\t\t\t\t\t\t\t\tWie kann ich ein Feedback geben?\t\t\t\t\t\t\t<\/span>\n\t\t\t\t\t\t<\/div>\n\t\t\t\t\t\t<span class=\"wd-accordion-opener\"><\/span>\n\t\t\t\t\t<\/div>\n\n\t\t\t\t\t<div class=\"wd-accordion-content wd-entry-content\" data-accordion-index=\"3\">\n\t\t\t\t\t\t\t\t\t\t\t\t\t\n<pre>Ab dem Zeitpunkt des Erhalts der Produkte hat der Verbraucher ein gesetzliches Widerrufsrecht von 14 (vierzehn) Tagen, ohne sich rechtfertigen zu m\u00fcssen.\r\n\r\nDer Kunde hat nur die direkten Kosten f\u00fcr die R\u00fccksendung der Waren zu tragen. Die Art der R\u00fcckerstattung entspricht der Zahlungsart, die bei der urspr\u00fcnglichen Transaktion verwendet wurde.\r\nUm von diesem Recht Gebrauch zu machen, muss der Verbraucher eine E-Mail mit seiner Bestellnummer, den von der R\u00fccksendung betroffenen Artikeln und den Gr\u00fcnden f\u00fcr die R\u00fccksendung an den Kundenservice unter folgender E-Mail-Adresse senden: contact@harlem-lifestyle.com\r\n\r\nDer Verbraucher schickt die Produkte ohne unangemessene Verz\u00f6gerung an den Verk\u00e4ufer zur\u00fcck :\r\n\r\n<strong><em>HARLEM LIFESTYLE\r\n<\/em>47 avenue Pierre Ziller<\/strong>\r\n<strong>06700 Saint Laurent du Var<\/strong>\r\n\r\nWenn die R\u00fcckerstattung bevorzugt wird, wird der Verbraucher innerhalb von 7 bis 10 Tagen nach Erhalt der Produkte r\u00fcckerstattet, vorausgesetzt, dass die Produkte in ihrer Originalverpackung, vollst\u00e4ndig, in einwandfreiem Zustand, ungetragen, ungewaschen und zusammen mit der Originalrechnung beim Verk\u00e4ufer angekommen sind. Eine R\u00fccksendung, aus der hervorgeht, dass eines dieser Kriterien nicht erf\u00fcllt ist, wird nicht akzeptiert und das Produkt wird an den Verbraucher zur\u00fcckgesandt.<\/pre>\n\t\t\t\t\t\t\t\t\t\t\t<\/div>\n\t\t\t\t<\/div>\n\t\t\t\t\t\t\t\t\t\t\t\t\t\t<\/div>\n\n\t\t<\/div><\/div><\/div><div class=\"wpb_column vc_column_container vc_col-sm-12 vc_col-lg-6 vc_col-md-6\"><div class=\"vc_column-inner vc_custom_1496927688909\"><div class=\"wpb_wrapper\">\n\t\t<div id=\"wd-65ac11a27181a\" class=\"title-wrapper wd-wpb wd-set-mb reset-last-child  wd-rs-65ac11a27181a wd-title-color-default wd-title-style-default text-left  wd-underline-colored\">\n\t\t\t\t\t\t\t\n\t\t\t\t<div class=\"title-subtitle  subtitle-color-default font-default subtitle-style-default wd-font-weight- wd-fontsize-xs\">KONTAKTIEREN SIE UNS<\/div>\n\t\t\t\n\t\t\t<div class=\"liner-continer\">\n\t\t\t\t<h4 class=\"woodmart-title-container title  wd-font-weight- wd-fontsize-l\" >HABEN SIE EINE FRAGE?<\/h4>\n\t\t\t\t\t\t\t<\/div>\n\t\t\t\n\t\t\t\n\t\t\t\n\t\t<\/div>\n\t\t\n\t\t\n<div class=\"wpcf7 no-js\" id=\"wpcf7-f1938-o1\" lang=\"en-US\" dir=\"ltr\" data-wpcf7-id=\"1938\">\n<div class=\"screen-reader-response\"><p role=\"status\" aria-live=\"polite\" aria-atomic=\"true\"><\/p> <ul><\/ul><\/div>\n<form action=\"\/de\/wp-json\/wp\/v2\/pages\/5288#wpcf7-f1938-o1\" method=\"post\" class=\"wpcf7-form init\" aria-label=\"Kontaktformular\" novalidate=\"novalidate\" data-status=\"init\" data-trp-original-action=\"\/de\/wp-json\/wp\/v2\/pages\/5288#wpcf7-f1938-o1\">\n<fieldset class=\"hidden-fields-container\"><input type=\"hidden\" name=\"_wpcf7\" value=\"1938\" \/><input type=\"hidden\" name=\"_wpcf7_version\" value=\"6.1.5\" \/><input type=\"hidden\" name=\"_wpcf7_locale\" value=\"en_US\" \/><input type=\"hidden\" name=\"_wpcf7_unit_tag\" value=\"wpcf7-f1938-o1\" \/><input type=\"hidden\" name=\"_wpcf7_container_post\" value=\"0\" \/><input type=\"hidden\" name=\"_wpcf7_posted_data_hash\" value=\"\" \/><input type=\"hidden\" name=\"_wpcf7_recaptcha_response\" value=\"\" \/>\n<\/fieldset>\n<div class=\"row\">\n\t<p class=\"col-md-6\"><label>Ihr Name<\/label><span class=\"wpcf7-form-control-wrap\" data-name=\"your-name\"><input size=\"40\" maxlength=\"400\" class=\"wpcf7-form-control wpcf7-text wpcf7-validates-as-required\" aria-required=\"true\" aria-invalid=\"false\" value=\"\" type=\"text\" name=\"your-name\" \/><\/span>\n\t<\/p>\n\t<p class=\"col-md-6\"><label>Deine E-Mail<\/label><span class=\"wpcf7-form-control-wrap\" data-name=\"your-email\"><input size=\"40\" maxlength=\"400\" class=\"wpcf7-form-control wpcf7-email wpcf7-validates-as-required wpcf7-text wpcf7-validates-as-email\" aria-required=\"true\" aria-invalid=\"false\" value=\"\" type=\"email\" name=\"your-email\" \/><\/span>\n\t<\/p>\n<\/div>\n<p><label>Ihre Nachricht<\/label><span class=\"wpcf7-form-control-wrap\" data-name=\"your-message\"><textarea cols=\"40\" rows=\"10\" maxlength=\"2000\" class=\"wpcf7-form-control wpcf7-textarea\" aria-invalid=\"false\" name=\"your-message\"><\/textarea><\/span>\n<\/p>\n<p><input class=\"wpcf7-form-control wpcf7-submit has-spinner btn-color-black\" type=\"submit\" value=\"SENDEN\" \/>\n<\/p><div class=\"wpcf7-response-output\" aria-hidden=\"true\"><\/div>\n<input type=\"hidden\" name=\"trp-form-language\" value=\"de\"\/><\/form>\n<\/div>\n<\/div><\/div><\/div><\/div>\n<\/div>","protected":false},"excerpt":{"rendered":"H\u00c4UFIGE FRAGEN H\u00e4ufig gestellte Fragen H\u00e4ufig gestellte Fragen Welche Gr\u00f6\u00dfe empfehlen Sie mir? Sehen Sie sich unseren Gr\u00f6\u00dfenratgeber an. Sie finden ihn unter","protected":false},"author":2001,"featured_media":0,"parent":0,"menu_order":0,"comment_status":"closed","ping_status":"closed","template":"","meta":{"footnotes":""},"class_list":["post-5288","page","type-page","status-publish","hentry"],"_links":{"self":[{"href":"https:\/\/harlem-lifestyle.com\/de\/wp-json\/wp\/v2\/pages\/5288","targetHints":{"allow":["GET"]}}],"collection":[{"href":"https:\/\/harlem-lifestyle.com\/de\/wp-json\/wp\/v2\/pages"}],"about":[{"href":"https:\/\/harlem-lifestyle.com\/de\/wp-json\/wp\/v2\/types\/page"}],"author":[{"embeddable":true,"href":"https:\/\/harlem-lifestyle.com\/de\/wp-json\/wp\/v2\/users\/2001"}],"replies":[{"embeddable":true,"href":"https:\/\/harlem-lifestyle.com\/de\/wp-json\/wp\/v2\/comments?post=5288"}],"version-history":[{"count":11,"href":"https:\/\/harlem-lifestyle.com\/de\/wp-json\/wp\/v2\/pages\/5288\/revisions"}],"predecessor-version":[{"id":40716,"href":"https:\/\/harlem-lifestyle.com\/de\/wp-json\/wp\/v2\/pages\/5288\/revisions\/40716"}],"wp:attachment":[{"href":"https:\/\/harlem-lifestyle.com\/de\/wp-json\/wp\/v2\/media?parent=5288"}],"curies":[{"name":"wp","href":"https:\/\/api.w.org\/{rel}","templated":true}]}}