{"id":5499,"date":"2014-03-02T09:30:53","date_gmt":"2014-03-02T08:30:53","guid":{"rendered":"http:\/\/harlem-lifestyle.com\/?page_id=5499"},"modified":"2026-02-04T17:47:30","modified_gmt":"2026-02-04T16:47:30","slug":"lieferung-und-rucksendung","status":"publish","type":"page","link":"https:\/\/harlem-lifestyle.com\/de\/lieferung-und-rucksendung\/","title":{"rendered":"Lieferung und R\u00fccksendung"},"content":{"rendered":"<h2 style=\"text-align: center;\">LIEFERUNG<\/h2>\n<ul>\n<li>\n<h4>Lieferung<strong> <span style=\"text-decoration: underline;\">Frankreich<\/span><\/strong> : 4,99<strong>\u00a0Euro<\/strong> en Lockers ou Point relais et 6,99 euros \u00e0 domicile par Mondial relay * <span style=\"color: #ff00ff;\"><strong>Angeboten ab 60 Euro<\/strong><\/span>.<\/h4>\n<\/li>\n<li>\n<h4>Lieferung <strong><span style=\"text-decoration: underline;\">Europa<\/span><\/strong> : 4,99<strong>\u00a0Euro<\/strong> en Lockers ou Point relais et 6,99 euros \u00e0 domicile par Mondial relay ou par voie postale * <span style=\"color: #ff00ff;\"><strong>Angeboten ab 60 Euro<\/strong><\/span>.<\/h4>\n<\/li>\n<li>\n<h4>Rest des <strong><span style=\"text-decoration: underline;\">Welt<\/span><\/strong> : 11,99<strong>\u00a0Euro<\/strong> auf dem Postweg * <span style=\"color: #ff00ff;\"><strong>Angeboten ab 60 Euro<\/strong><\/span>.<\/h4>\n<\/li>\n<\/ul>\n<p>Sobald Ihre Zahlung akzeptiert wurde,\u00a0<strong>Ihr Paket wird dann versendet<\/strong>\u00a0<strong>par Mondial relay ou La Poste sous forme de Courrier Suivi ou de Colissimo<\/strong> en fonction de la destination <strong>innerhalb von 24 bis 48 Stunden<\/strong> (hors week-end et jours f\u00e9ri\u00e9s). Apr\u00e8s chaque envoi, vous recevrez un mail de notification avec votre num\u00e9ro de suivi vous permettant de tracker votre commande. Les d\u00e9lais\u00a0 de Mondial relay ou postaux en France m\u00e9tropolitaine sont de 3 \u00e0 5 jours ouvr\u00e9s heures hors weekend et jours f\u00e9ri\u00e9s. Pour les envois Hors France, il faut compter \u00a0entre 3 et 10 jours ouvr\u00e9s.<\/p>\n<p>Les d\u00e9lais sont indiqu\u00e9s \u00e0 titre indicatif, certaines livraisons n\u00e9cessitent plus de temps de pr\u00e9paration suite \u00e0 l\u2019attente d\u2019un r\u00e9assort de tailles par exemple ou d&rsquo;un rallongement du d\u00e9lai de livraison d\u00fb \u00e0 des difficult\u00e9s incombant aux transporteurs.<\/p>\n<hr \/>\n<hr \/>\n<p style=\"text-align: left;\">Nous informons notre client\u00e8le qu&rsquo;un colis suivi dont La Poste indique un tracking \u00e0 l&rsquo;\u00e9tat livr\u00e9 est consid\u00e9r\u00e9 comme tel d&rsquo;un point de vue l\u00e9gal.<\/p>\n<hr \/>\n<hr \/>\n<h2 style=\"text-align: center;\">AUSTAUSCH<\/h2>\n<p>A compter de la r\u00e9ception des produits, le consommateur dispose d\u2019un d\u00e9lai l\u00e9gal de 14 (quatorze) jours pour demander un \u00e9change. Pour exercer ce droit, le consommateur doit adresser un email pr\u00e9cisant son num\u00e9ro de commande, le ou les articles concern\u00e9(s) par l&rsquo;\u00e9change, le ou les article(s) souhait\u00e9s en \u00e9change et les raisons de la demande d&rsquo;\u00e9change au service client \u00e0 l&rsquo;adresse email suivante : contact@harlem-lifestyle.com . Un produit ne peut \u00eatre \u00e9chang\u00e9 que contre un autre article au prix de vente non-remis\u00e9 inf\u00e9rieur ou \u00e9gal ou produit initialement command\u00e9.<\/p>\n<p>Der Verbraucher schickt die umzutauschenden Produkte ohne unangemessene Verz\u00f6gerung an den Verk\u00e4ufer zur\u00fcck :<\/p>\n<p><strong><em>HARLEM LIFESTYLE<br \/>\n<\/em>47 avenue Pierre Ziller<\/strong><br \/>\n<strong> 06700 Saint Laurent du Var<br \/>\nFRANKREICH<\/strong><\/p>\n<p>Der Verbraucher hat die direkten Kosten f\u00fcr die R\u00fccksendung der Waren zu tragen. Der Verbraucher muss die Produkte ohne unangemessene Verz\u00f6gerung an den Verk\u00e4ufer zur\u00fccksenden. Der Verbraucher tr\u00e4gt die Risiken, die mit der R\u00fccksendung eines Produkts verbunden sind. Es obliegt ihm, alle notwendigen Ma\u00dfnahmen zur Sicherung seiner R\u00fccksendung zu ergreifen (Verpackung, Schutz). Im Falle einer Sendung, die ohne Unterschrift abgegeben wurde und nicht beim Verk\u00e4ufer eingegangen ist, obliegt es dem Verbraucher, den Beweis f\u00fcr den Erhalt des Produkts zu erbringen.<\/p>\n<p>Ohne diesen Nachweis kann kein Umtausch vorgenommen werden. Es wird kein Umtausch vorgenommen, wenn das zur\u00fcckgesandte Produkt nicht beim Verk\u00e4ufer angekommen ist.<br \/>\nDaher empfehlen wir allen Verbrauchern, die einen Umtausch vornehmen m\u00f6chten, dringend, eine Lieferung per Einschreiben mit einer Erkl\u00e4rung \u00fcber den Wert des Produkts und einer Versicherung sowie eine \u00dcbergabe gegen Unterschrift zu verlangen.<\/p>\n<hr \/>\n<hr \/>\n<h2 style=\"text-align: center;\">RETURN<\/h2>\n<p>Ab dem Zeitpunkt des Erhalts der Produkte hat der Verbraucher ein gesetzliches Widerrufsrecht von 14 (vierzehn) Tagen, ohne sich rechtfertigen zu m\u00fcssen.<\/p>\n<p>Der Kunde hat nur die unmittelbaren Kosten der R\u00fccksendung der Waren zu tragen. Die Art der R\u00fcckerstattung entspricht der Zahlungsmethode, die bei der urspr\u00fcnglichen Transaktion verwendet wurde.<br \/>\nPour exercer ce droit, le consommateur doit\u00a0adresser un email pr\u00e9cisant son num\u00e9ro de commande, les articles concern\u00e9s par le retour, et les raisons du retour\u00a0au service client \u00e0 l&rsquo;adresse email suivante : contact@harlem-lifestyle.com<\/p>\n<p>Der Verbraucher schickt die Produkte ohne unangemessene Verz\u00f6gerung an den Verk\u00e4ufer zur\u00fcck :<\/p>\n<p><strong><em>HARLEM LIFESTYLE<br \/>\n<\/em>47 avenue Pierre Ziller<\/strong><br \/>\n<strong> 06700 Saint Laurent du Var<\/strong><\/p>\n<p>Der Verbraucher erh\u00e4lt sein Geld innerhalb von 7 bis 10 Tagen nach Erhalt der Ware zur\u00fcck, sofern die Ware in ihrer Originalverpackung, vollst\u00e4ndig, in einwandfreiem Zustand, ungetragen, ungewaschen und zusammen mit der Originalrechnung beim Verk\u00e4ufer eingetroffen ist. Eine R\u00fccksendung, aus der hervorgeht, dass eines dieser Kriterien nicht erf\u00fcllt ist, wird nicht akzeptiert und das Produkt wird an den Verbraucher zur\u00fcckgesandt.<\/p>\n<p>Die Risiken, die mit der R\u00fccksendung eines Produkts verbunden sind, liegen beim Verbraucher. Es obliegt ihm, alle notwendigen Ma\u00dfnahmen zu ergreifen, um seine R\u00fccksendung zu sichern (Verpackung, Schutz). Im Falle einer Sendung, die ohne Unterschrift abgegeben wurde und nicht beim Verk\u00e4ufer eingegangen ist, obliegt es dem Verbraucher, den Beweis f\u00fcr den Erhalt des Produkts zu erbringen.<br \/>\nOhne diesen Nachweis kann keine R\u00fcckerstattung erfolgen. Es wird keine Erstattung vorgenommen, wenn das zur\u00fcckgesandte Produkt nicht beim Verk\u00e4ufer angekommen ist.<br \/>\nDaher empfehlen wir allen Verbrauchern, die eine R\u00fccksendung vornehmen m\u00f6chten, dringend, eine Lieferung per Einschreiben mit einer Erkl\u00e4rung \u00fcber den Wert des Produkts und einer Versicherung sowie eine \u00dcbergabe gegen Unterschrift zu verlangen.<\/p>","protected":false},"excerpt":{"rendered":"<p>LIVRAISON Livraison France : 4,99\u00a0euros en Lockers ou Point relais et 6,99 euros \u00e0 domicile par Mondial relay * Offerte<\/p>","protected":false},"author":2,"featured_media":0,"parent":0,"menu_order":14,"comment_status":"closed","ping_status":"closed","template":"","meta":{"footnotes":""},"class_list":["post-5499","page","type-page","status-publish","hentry"],"_links":{"self":[{"href":"https:\/\/harlem-lifestyle.com\/de\/wp-json\/wp\/v2\/pages\/5499","targetHints":{"allow":["GET"]}}],"collection":[{"href":"https:\/\/harlem-lifestyle.com\/de\/wp-json\/wp\/v2\/pages"}],"about":[{"href":"https:\/\/harlem-lifestyle.com\/de\/wp-json\/wp\/v2\/types\/page"}],"author":[{"embeddable":true,"href":"https:\/\/harlem-lifestyle.com\/de\/wp-json\/wp\/v2\/users\/2"}],"replies":[{"embeddable":true,"href":"https:\/\/harlem-lifestyle.com\/de\/wp-json\/wp\/v2\/comments?post=5499"}],"version-history":[{"count":10,"href":"https:\/\/harlem-lifestyle.com\/de\/wp-json\/wp\/v2\/pages\/5499\/revisions"}],"predecessor-version":[{"id":53769,"href":"https:\/\/harlem-lifestyle.com\/de\/wp-json\/wp\/v2\/pages\/5499\/revisions\/53769"}],"wp:attachment":[{"href":"https:\/\/harlem-lifestyle.com\/de\/wp-json\/wp\/v2\/media?parent=5499"}],"curies":[{"name":"wp","href":"https:\/\/api.w.org\/{rel}","templated":true}]}}