{"id":9704,"date":"2017-08-31T11:18:42","date_gmt":"2017-08-31T09:18:42","guid":{"rendered":"http:\/\/harlem-lifestyle.com\/?page_id=9704"},"modified":"2024-01-21T14:39:46","modified_gmt":"2024-01-21T13:39:46","slug":"suivre-ma-commande","status":"publish","type":"page","link":"https:\/\/harlem-lifestyle.com\/de\/meine-bestellung-verfolgen\/","title":{"rendered":"Meine Bestellung verfolgen"},"content":{"rendered":"<div class=\"woocommerce\">\n<form action=\"https:\/\/harlem-lifestyle.com\/de\/meine-bestellung-verfolgen\/\" method=\"post\" class=\"woocommerce-form woocommerce-form-track-order track_order\" data-trp-original-action=\"https:\/\/harlem-lifestyle.com\/de\/meine-bestellung-verfolgen\/\">\n\n\t\n\t<p data-no-translation=\"\" data-trp-gettext=\"\">Um den Status deiner Bestellung zu verfolgen, gib bitte deine Bestellnummer ein und klicke auf \u201eNachverfolgen\u201c. Die Bestellnummer steht auf dem Bestellbeleg oder in der Best\u00e4tigungsmail, die du erhalten haben solltest.<\/p>\n\n\t<p class=\"form-row form-row-first\"><label for=\"orderid\" data-no-translation=\"\" data-trp-gettext=\"\">Bestellnummer<\/label> <input class=\"input-text\" type=\"text\" name=\"orderid\" id=\"orderid\" value=\"\" placeholder=\"Diese findest du in der Bestellbest\u00e4tigungs-E-Mail.\" data-no-translation-placeholder=\"\" \/><\/p>\t<p class=\"form-row form-row-last\"><label for=\"order_email\" data-no-translation=\"\" data-trp-gettext=\"\">Rechnungs-E-Mail<\/label> <input class=\"input-text\" type=\"text\" name=\"order_email\" id=\"order_email\" value=\"\" placeholder=\"Die E-Mail, die du bei der Bestellung verwendet hast.\" data-no-translation-placeholder=\"\" \/><\/p>\t<div class=\"clear\"><\/div>\n\n\t\n\t<p class=\"form-row\"><button type=\"submit\" class=\"button\" name=\"track\" value=\"Nachverfolgen\" data-no-translation=\"\" data-trp-gettext=\"\" data-no-translation-value=\"\">Nachverfolgen<\/button><\/p>\n\t<input type=\"hidden\" id=\"woocommerce-order-tracking-nonce\" name=\"woocommerce-order-tracking-nonce\" value=\"d1d897dbe2\" \/><input type=\"hidden\" name=\"_wp_http_referer\" value=\"\/de\/wp-json\/wp\/v2\/pages\/9704\" \/>\n\t\n<input type=\"hidden\" name=\"trp-form-language\" value=\"de\"\/><\/form>\n<\/div>\n<p>&nbsp;<\/p>\n<p>&nbsp;<\/p>\n<p><strong>Si votre num\u00e9ro de suivi de colis indique qu&rsquo;il n&rsquo;est pas reconnu, cela signifie simplement que La Poste n&rsquo;a pas scann\u00e9 le code barre de votre envoi ce qui arrive r\u00e9guli\u00e8rement. Si c&rsquo;est le cas nous vous invitons \u00e0 r\u00e9essayer un peu plus tard.<\/strong><\/p>","protected":false},"excerpt":{"rendered":"<p>&nbsp; &nbsp; Si votre num\u00e9ro de suivi de colis indique qu&rsquo;il n&rsquo;est pas reconnu, cela signifie simplement que La Poste<\/p>","protected":false},"author":2,"featured_media":0,"parent":0,"menu_order":1,"comment_status":"closed","ping_status":"closed","template":"","meta":{"footnotes":""},"class_list":["post-9704","page","type-page","status-publish","hentry"],"_links":{"self":[{"href":"https:\/\/harlem-lifestyle.com\/de\/wp-json\/wp\/v2\/pages\/9704","targetHints":{"allow":["GET"]}}],"collection":[{"href":"https:\/\/harlem-lifestyle.com\/de\/wp-json\/wp\/v2\/pages"}],"about":[{"href":"https:\/\/harlem-lifestyle.com\/de\/wp-json\/wp\/v2\/types\/page"}],"author":[{"embeddable":true,"href":"https:\/\/harlem-lifestyle.com\/de\/wp-json\/wp\/v2\/users\/2"}],"replies":[{"embeddable":true,"href":"https:\/\/harlem-lifestyle.com\/de\/wp-json\/wp\/v2\/comments?post=9704"}],"version-history":[{"count":1,"href":"https:\/\/harlem-lifestyle.com\/de\/wp-json\/wp\/v2\/pages\/9704\/revisions"}],"predecessor-version":[{"id":40212,"href":"https:\/\/harlem-lifestyle.com\/de\/wp-json\/wp\/v2\/pages\/9704\/revisions\/40212"}],"wp:attachment":[{"href":"https:\/\/harlem-lifestyle.com\/de\/wp-json\/wp\/v2\/media?parent=9704"}],"curies":[{"name":"wp","href":"https:\/\/api.w.org\/{rel}","templated":true}]}}