{"id":11259,"date":"2018-04-02T16:32:13","date_gmt":"2018-04-02T14:32:13","guid":{"rendered":"http:\/\/harlem-lifestyle.com\/?post_type=product&#038;p=11259"},"modified":"2026-03-01T20:26:04","modified_gmt":"2026-03-01T19:26:04","slug":"t-shirt-bambi-is-a-son-of-a-biche-round","status":"publish","type":"product","link":"https:\/\/harlem-lifestyle.com\/de\/produkt\/t-shirt-bambi-is-a-son-of-a-biche-round\/","title":{"rendered":"Bambi T-Shirt - H"},"content":{"rendered":"<p>Dieses 190 g schwere T-Shirt f\u00fcr M\u00e4nner besteht aus 100% gek\u00e4mmter Baumwolle, hat einen Rundhalsausschnitt und kurze \u00c4rmel. Sauberkeitsstreifen am Kragen. Strapazierf\u00e4higes Material mit ultraweichem Griff.<\/p>","protected":false},"excerpt":{"rendered":"<p>Dieses T-Shirt f\u00fcr M\u00e4nner besteht aus 100% Baumwolle f\u00fcr die Farben wei\u00df oder andere und aus 90% Baumwolle und 10% Viskose f\u00fcr die Farbe grau. Es hat einen Rundhalsausschnitt und kurze \u00c4rmel. Sauberkeitsstreifen am Kragen. Strapazierf\u00e4higes Material mit einem Gewicht von 190 g und ultraweichem Griff.<\/p>\n<p>&#x25aa; T-Shirt blanc manches courtes<br \/>\n&#x25aa; Col Rond<br \/>\n&#x25aa; Bande de propret\u00e9 au col<br \/>\n&#x25aa; Mati\u00e8re r\u00e9sistante et toucher ultra-doux<br \/>\n&#x25aa; 190g\/m\u00b2<br \/>\n&#x25aa; Coupe droite<br \/>\n&#x25aa; 100 % Coton peign\u00e9 en blanc ou autres<br \/>\n&#x25aa; 90 % Coton 10 % Viscose en gris<br \/>\n&#x25aa; imprim\u00e9 bambi is a son of a biche<\/p>","protected":false},"featured_media":12374,"template":"","meta":[],"product_brand":[],"product_cat":[92,419,307,93],"product_tag":[],"class_list":{"0":"post-11259","1":"product","2":"type-product","3":"status-publish","4":"has-post-thumbnail","6":"product_cat-homme","7":"product_cat-best-of","8":"product_cat-collectors-homme","9":"product_cat-t-shirts-col-rond-homme","11":"first","12":"instock","13":"sale","14":"featured","15":"shipping-taxable","16":"purchasable","17":"product-type-variable"},"_links":{"self":[{"href":"https:\/\/harlem-lifestyle.com\/de\/wp-json\/wp\/v2\/product\/11259","targetHints":{"allow":["GET"]}}],"collection":[{"href":"https:\/\/harlem-lifestyle.com\/de\/wp-json\/wp\/v2\/product"}],"about":[{"href":"https:\/\/harlem-lifestyle.com\/de\/wp-json\/wp\/v2\/types\/product"}],"wp:featuredmedia":[{"embeddable":true,"href":"https:\/\/harlem-lifestyle.com\/de\/wp-json\/wp\/v2\/media\/12374"}],"wp:attachment":[{"href":"https:\/\/harlem-lifestyle.com\/de\/wp-json\/wp\/v2\/media?parent=11259"}],"wp:term":[{"taxonomy":"product_brand","embeddable":true,"href":"https:\/\/harlem-lifestyle.com\/de\/wp-json\/wp\/v2\/product_brand?post=11259"},{"taxonomy":"product_cat","embeddable":true,"href":"https:\/\/harlem-lifestyle.com\/de\/wp-json\/wp\/v2\/product_cat?post=11259"},{"taxonomy":"product_tag","embeddable":true,"href":"https:\/\/harlem-lifestyle.com\/de\/wp-json\/wp\/v2\/product_tag?post=11259"}],"curies":[{"name":"wp","href":"https:\/\/api.w.org\/{rel}","templated":true}]}}