{"id":11529,"date":"2018-04-19T11:35:18","date_gmt":"2018-04-19T09:35:18","guid":{"rendered":"http:\/\/harlem-lifestyle.com\/?post_type=product&#038;p=11529"},"modified":"2026-03-01T20:03:19","modified_gmt":"2026-03-01T19:03:19","slug":"t-shirt-high-round-f","status":"publish","type":"product","link":"https:\/\/harlem-lifestyle.com\/de\/produkt\/t-shirt-high-round-f\/","title":{"rendered":"T-Shirt High - F"},"content":{"rendered":"<p>Dieses T-Shirt f\u00fcr Frauen besteht aus 100% Baumwolle, hat einen Rundhalsausschnitt und kurze \u00c4rmel. Sauberkeitsstreifen am Kragen. Strapazierf\u00e4higes Material mit ultraweichem Griff. Das Motiv stellt Cannabisbl\u00e4tter dar.<\/p>","protected":false},"excerpt":{"rendered":"<p>Dieses 190g schwere T-Shirt f\u00fcr Frauen besteht aus 100% Baumwolle, hat einen Rundhalsausschnitt und kurze \u00c4rmel. Sauberkeitsstreifen am Kragen. Strapazierf\u00e4higes Material mit ultraweichem Griff. Der leichte Oversize-Schnitt sorgt daf\u00fcr, dass Sie sich den ganzen Tag lang wohlf\u00fchlen.<\/p>\n<p>\u25aa Kurz\u00e4rmeliges T-Shirt<br \/>\n\u25aa Rundhalsausschnitt<br \/>\n\u25aa Sauberkeitsband am Kragen<br \/>\n\u25aa Strapazierf\u00e4higes Material und ultraweicher Griff<br \/>\n\u25aa Leicht \u00fcbergro\u00dfer Schnitt<br \/>\n\u25aa 190g\/m\u00b2<br \/>\n\u25aa gedruckt Cannabisbl\u00e4tter<\/p>","protected":false},"featured_media":12376,"template":"","meta":[],"product_brand":[],"product_cat":[96,97],"product_tag":[],"class_list":{"0":"post-11529","1":"product","2":"type-product","3":"status-publish","4":"has-post-thumbnail","6":"product_cat-femme","7":"product_cat-t-shirts-col-rond-femme","9":"first","10":"instock","11":"sale","12":"shipping-taxable","13":"product-type-variable"},"_links":{"self":[{"href":"https:\/\/harlem-lifestyle.com\/de\/wp-json\/wp\/v2\/product\/11529","targetHints":{"allow":["GET"]}}],"collection":[{"href":"https:\/\/harlem-lifestyle.com\/de\/wp-json\/wp\/v2\/product"}],"about":[{"href":"https:\/\/harlem-lifestyle.com\/de\/wp-json\/wp\/v2\/types\/product"}],"wp:featuredmedia":[{"embeddable":true,"href":"https:\/\/harlem-lifestyle.com\/de\/wp-json\/wp\/v2\/media\/12376"}],"wp:attachment":[{"href":"https:\/\/harlem-lifestyle.com\/de\/wp-json\/wp\/v2\/media?parent=11529"}],"wp:term":[{"taxonomy":"product_brand","embeddable":true,"href":"https:\/\/harlem-lifestyle.com\/de\/wp-json\/wp\/v2\/product_brand?post=11529"},{"taxonomy":"product_cat","embeddable":true,"href":"https:\/\/harlem-lifestyle.com\/de\/wp-json\/wp\/v2\/product_cat?post=11529"},{"taxonomy":"product_tag","embeddable":true,"href":"https:\/\/harlem-lifestyle.com\/de\/wp-json\/wp\/v2\/product_tag?post=11529"}],"curies":[{"name":"wp","href":"https:\/\/api.w.org\/{rel}","templated":true}]}}