{"id":30818,"date":"2021-01-12T18:03:18","date_gmt":"2021-01-12T17:03:18","guid":{"rendered":"http:\/\/harlem-lifestyle.com\/?post_type=product&#038;p=30818"},"modified":"2026-03-29T23:02:55","modified_gmt":"2026-03-29T21:02:55","slug":"sweatshirt-bambi-h","status":"publish","type":"product","link":"https:\/\/harlem-lifestyle.com\/de\/produkt\/sweatshirt-bambi-h\/","title":{"rendered":"Sweat Bambi is a son of a reh - H"},"content":{"rendered":"<p><em>Sweat Homme Coupe Droite 270 g\/m\u00b2, 50% Coton 50% Polyester, afin de profiter \u00e0 la fois de la r\u00e9sistance et de la douceur au quotidien. Coutures lat\u00e9rales et double surpiq\u00fbre aux emmanchures et \u00e0 l&rsquo;encolure. Le motif repr\u00e9sente bambi is a son of a biche.<\/em><\/p>","protected":false},"excerpt":{"rendered":"<p>Herren-Sweatshirt mit geradem Schnitt 270 g\/m\u00b2, 50% Baumwolle 50% Polyester, damit Sie im Alltag sowohl von der Strapazierf\u00e4higkeit als auch von der Weichheit profitieren k\u00f6nnen. Seitenn\u00e4hte und doppelte Steppn\u00e4hte an den Armausschnitten und am Halsausschnitt.<\/p>\n<p>\u25aa Sweat 270 g\/m\u00b2<\/p>\n<p>\u25aa 50% Baumwolle 50% Polyester<\/p>\n<p>\u25aa Seitenn\u00e4hte<\/p>\n<p>\u25aa Doppelte Steppn\u00e4hte an \u00c4rmeln und Kragen<\/p>\n<p>\u25aa gedruckt bambi is a son of a reh<\/p>","protected":false},"featured_media":39079,"template":"","meta":[],"product_brand":[],"product_cat":[92,94],"product_tag":[],"class_list":{"0":"post-30818","1":"product","2":"type-product","3":"status-publish","4":"has-post-thumbnail","6":"product_cat-homme","7":"product_cat-sweats-homme","9":"first","10":"instock","11":"shipping-taxable","12":"purchasable","13":"product-type-variable"},"_links":{"self":[{"href":"https:\/\/harlem-lifestyle.com\/de\/wp-json\/wp\/v2\/product\/30818","targetHints":{"allow":["GET"]}}],"collection":[{"href":"https:\/\/harlem-lifestyle.com\/de\/wp-json\/wp\/v2\/product"}],"about":[{"href":"https:\/\/harlem-lifestyle.com\/de\/wp-json\/wp\/v2\/types\/product"}],"wp:featuredmedia":[{"embeddable":true,"href":"https:\/\/harlem-lifestyle.com\/de\/wp-json\/wp\/v2\/media\/39079"}],"wp:attachment":[{"href":"https:\/\/harlem-lifestyle.com\/de\/wp-json\/wp\/v2\/media?parent=30818"}],"wp:term":[{"taxonomy":"product_brand","embeddable":true,"href":"https:\/\/harlem-lifestyle.com\/de\/wp-json\/wp\/v2\/product_brand?post=30818"},{"taxonomy":"product_cat","embeddable":true,"href":"https:\/\/harlem-lifestyle.com\/de\/wp-json\/wp\/v2\/product_cat?post=30818"},{"taxonomy":"product_tag","embeddable":true,"href":"https:\/\/harlem-lifestyle.com\/de\/wp-json\/wp\/v2\/product_tag?post=30818"}],"curies":[{"name":"wp","href":"https:\/\/api.w.org\/{rel}","templated":true}]}}