{"id":32711,"date":"2021-09-27T19:35:37","date_gmt":"2021-09-27T17:35:37","guid":{"rendered":"http:\/\/harlem-lifestyle.com\/?post_type=product&#038;p=32711"},"modified":"2026-03-01T20:39:20","modified_gmt":"2026-03-01T19:39:20","slug":"sweatshirt-white-snow-round","status":"publish","type":"product","link":"https:\/\/harlem-lifestyle.com\/de\/produkt\/sweatshirt-white-snow-round\/","title":{"rendered":"Sweatshirt White snow - H"},"content":{"rendered":"<p>Sweat Homme Coupe Droite 270 g\/m\u00b2, 50% Coton 50% Polyester, afin de profiter \u00e0 la fois de la r\u00e9sistance et de la douceur au quotidien. Coutures lat\u00e9rales et double surpiq\u00fbre aux emmanchures et \u00e0 l&rsquo;encolure. le motif repr\u00e9sente blanche neige.<\/p>","protected":false},"excerpt":{"rendered":"<p>\u25aa Sweatshirt wei\u00df oder grau<br \/>\n\u25aa 50% Baumwolle 50% Polyester<br \/>\n\u25aa Seitenn\u00e4hte<br \/>\n\u25aa Doppelte Steppn\u00e4hte an \u00c4rmeln und Kragen<br \/>\n\u25aa gedruckt Schneewittchen<\/p>","protected":false},"featured_media":39093,"template":"","meta":[],"product_brand":[],"product_cat":[92,94],"product_tag":[],"class_list":{"0":"post-32711","1":"product","2":"type-product","3":"status-publish","4":"has-post-thumbnail","6":"product_cat-homme","7":"product_cat-sweats-homme","9":"first","10":"instock","11":"shipping-taxable","12":"purchasable","13":"product-type-variable"},"_links":{"self":[{"href":"https:\/\/harlem-lifestyle.com\/de\/wp-json\/wp\/v2\/product\/32711","targetHints":{"allow":["GET"]}}],"collection":[{"href":"https:\/\/harlem-lifestyle.com\/de\/wp-json\/wp\/v2\/product"}],"about":[{"href":"https:\/\/harlem-lifestyle.com\/de\/wp-json\/wp\/v2\/types\/product"}],"wp:featuredmedia":[{"embeddable":true,"href":"https:\/\/harlem-lifestyle.com\/de\/wp-json\/wp\/v2\/media\/39093"}],"wp:attachment":[{"href":"https:\/\/harlem-lifestyle.com\/de\/wp-json\/wp\/v2\/media?parent=32711"}],"wp:term":[{"taxonomy":"product_brand","embeddable":true,"href":"https:\/\/harlem-lifestyle.com\/de\/wp-json\/wp\/v2\/product_brand?post=32711"},{"taxonomy":"product_cat","embeddable":true,"href":"https:\/\/harlem-lifestyle.com\/de\/wp-json\/wp\/v2\/product_cat?post=32711"},{"taxonomy":"product_tag","embeddable":true,"href":"https:\/\/harlem-lifestyle.com\/de\/wp-json\/wp\/v2\/product_tag?post=32711"}],"curies":[{"name":"wp","href":"https:\/\/api.w.org\/{rel}","templated":true}]}}