{"id":34951,"date":"2022-10-15T15:48:44","date_gmt":"2022-10-15T13:48:44","guid":{"rendered":"http:\/\/harlem-lifestyle.com\/?post_type=product&#038;p=34951"},"modified":"2026-03-01T20:03:49","modified_gmt":"2026-03-01T19:03:49","slug":"t-shirt-monkey-d-luffy-f","status":"publish","type":"product","link":"https:\/\/harlem-lifestyle.com\/de\/produkt\/t-shirt-monkey-d-luffy-f\/","title":{"rendered":"T-Shirt Monkey D. Luffy - F"},"content":{"rendered":"<p>Dieses T-Shirt f\u00fcr Frauen besteht aus 100% Baumwolle, hat einen Rundhalsausschnitt und kurze \u00c4rmel. Sauberkeitsstreifen am Kragen. Strapazierf\u00e4higes Material mit ultraweichem Griff. Das Motiv zeigt Monkey D. Luffy aus dem Manga One Piece.<\/p>","protected":false},"excerpt":{"rendered":"<p>Dieses 190g schwere T-Shirt f\u00fcr Frauen besteht aus 100% Baumwolle, hat einen Rundhalsausschnitt und kurze \u00c4rmel. Sauberkeitsstreifen am Kragen. Strapazierf\u00e4higes Material mit ultraweichem Griff. Der leichte Oversize-Schnitt sorgt daf\u00fcr, dass Sie sich den ganzen Tag lang wohlf\u00fchlen. <\/p>\n<p>\u25aa Kurz\u00e4rmeliges T-Shirt<br \/>\n\u25aa Rundhalsausschnitt<br \/>\n\u25aa Sauberkeitsband am Kragen<br \/>\n\u25aa Strapazierf\u00e4higes Material und ultraweicher Griff<br \/>\n\u25aa Leicht \u00fcbergro\u00dfer Schnitt<br \/>\n\u25aa 190g\/m\u00b2<br \/>\n\u25aa Gedruckt Monkey D. Luffy aus dem Manga One Piece.<\/p>","protected":false},"featured_media":34936,"template":"","meta":[],"product_brand":[],"product_cat":[426,96,97],"product_tag":[],"class_list":{"0":"post-34951","1":"product","2":"type-product","3":"status-publish","4":"has-post-thumbnail","6":"product_cat-slodes-femme","7":"product_cat-femme","8":"product_cat-t-shirts-col-rond-femme","10":"first","11":"instock","12":"sale","13":"shipping-taxable","14":"purchasable","15":"product-type-variable"},"_links":{"self":[{"href":"https:\/\/harlem-lifestyle.com\/de\/wp-json\/wp\/v2\/product\/34951","targetHints":{"allow":["GET"]}}],"collection":[{"href":"https:\/\/harlem-lifestyle.com\/de\/wp-json\/wp\/v2\/product"}],"about":[{"href":"https:\/\/harlem-lifestyle.com\/de\/wp-json\/wp\/v2\/types\/product"}],"wp:featuredmedia":[{"embeddable":true,"href":"https:\/\/harlem-lifestyle.com\/de\/wp-json\/wp\/v2\/media\/34936"}],"wp:attachment":[{"href":"https:\/\/harlem-lifestyle.com\/de\/wp-json\/wp\/v2\/media?parent=34951"}],"wp:term":[{"taxonomy":"product_brand","embeddable":true,"href":"https:\/\/harlem-lifestyle.com\/de\/wp-json\/wp\/v2\/product_brand?post=34951"},{"taxonomy":"product_cat","embeddable":true,"href":"https:\/\/harlem-lifestyle.com\/de\/wp-json\/wp\/v2\/product_cat?post=34951"},{"taxonomy":"product_tag","embeddable":true,"href":"https:\/\/harlem-lifestyle.com\/de\/wp-json\/wp\/v2\/product_tag?post=34951"}],"curies":[{"name":"wp","href":"https:\/\/api.w.org\/{rel}","templated":true}]}}