{"id":35060,"date":"2022-11-07T15:58:34","date_gmt":"2022-11-07T14:58:34","guid":{"rendered":"http:\/\/harlem-lifestyle.com\/?post_type=product&#038;p=35060"},"modified":"2026-03-01T20:03:44","modified_gmt":"2026-03-01T19:03:44","slug":"t-shirt-mickey-skull-f","status":"publish","type":"product","link":"https:\/\/harlem-lifestyle.com\/de\/produkt\/t-shirt-mickey-skull-f\/","title":{"rendered":"T-Shirt Mickey Skull - F"},"content":{"rendered":"<p>Dieses T-Shirt f\u00fcr Frauen besteht aus 100% Baumwolle f\u00fcr die Farben wei\u00df oder andere und aus 90% Baumwolle und 10% Viskose f\u00fcr die Farbe grau. Es hat einen Rundhalsausschnitt und kurze \u00c4rmel. Sauberkeitsband am Kragen. Strapazierf\u00e4higes Material mit ultraweichem Griff. Das Motiv zeigt mickey mouse als Skelett.<\/p>","protected":false},"excerpt":{"rendered":"<p>Dieses 190g schwere T-Shirt f\u00fcr Frauen besteht aus 100% Baumwolle, hat einen Rundhalsausschnitt und kurze \u00c4rmel. Sauberkeitsstreifen am Kragen. Strapazierf\u00e4higes Material mit ultraweichem Griff. Der leichte Oversize-Schnitt sorgt daf\u00fcr, dass Sie sich den ganzen Tag lang wohlf\u00fchlen. <\/p>\n<p>\u25aa Kurz\u00e4rmeliges T-Shirt<br \/>\n\u25aa Rundhalsausschnitt<br \/>\n\u25aa Sauberkeitsband am Kragen<br \/>\n\u25aa Strapazierf\u00e4higes Material und ultraweicher Griff<br \/>\n\u25aa Leicht \u00fcbergro\u00dfer Schnitt<br \/>\n\u25aa 190g\/m\u00b2<br \/>\n\u25aa bedruckt mickey mouse skeleton<\/p>","protected":false},"featured_media":35059,"template":"","meta":[],"product_brand":[],"product_cat":[96,97],"product_tag":[],"class_list":{"0":"post-35060","1":"product","2":"type-product","3":"status-publish","4":"has-post-thumbnail","6":"product_cat-femme","7":"product_cat-t-shirts-col-rond-femme","9":"first","10":"instock","11":"sale","12":"shipping-taxable","13":"purchasable","14":"product-type-variable"},"_links":{"self":[{"href":"https:\/\/harlem-lifestyle.com\/de\/wp-json\/wp\/v2\/product\/35060","targetHints":{"allow":["GET"]}}],"collection":[{"href":"https:\/\/harlem-lifestyle.com\/de\/wp-json\/wp\/v2\/product"}],"about":[{"href":"https:\/\/harlem-lifestyle.com\/de\/wp-json\/wp\/v2\/types\/product"}],"wp:featuredmedia":[{"embeddable":true,"href":"https:\/\/harlem-lifestyle.com\/de\/wp-json\/wp\/v2\/media\/35059"}],"wp:attachment":[{"href":"https:\/\/harlem-lifestyle.com\/de\/wp-json\/wp\/v2\/media?parent=35060"}],"wp:term":[{"taxonomy":"product_brand","embeddable":true,"href":"https:\/\/harlem-lifestyle.com\/de\/wp-json\/wp\/v2\/product_brand?post=35060"},{"taxonomy":"product_cat","embeddable":true,"href":"https:\/\/harlem-lifestyle.com\/de\/wp-json\/wp\/v2\/product_cat?post=35060"},{"taxonomy":"product_tag","embeddable":true,"href":"https:\/\/harlem-lifestyle.com\/de\/wp-json\/wp\/v2\/product_tag?post=35060"}],"curies":[{"name":"wp","href":"https:\/\/api.w.org\/{rel}","templated":true}]}}