{"id":36834,"date":"2023-04-08T19:33:03","date_gmt":"2023-04-08T17:33:03","guid":{"rendered":"http:\/\/harlem-lifestyle.com\/?post_type=product&#038;p=36834"},"modified":"2026-03-01T19:51:28","modified_gmt":"2026-03-01T18:51:28","slug":"t-shirt-bambi-v-f","status":"publish","type":"product","link":"https:\/\/harlem-lifestyle.com\/de\/produkt\/t-shirt-bambi-v-f\/","title":{"rendered":"T-Shirt BAMBI - V - F"},"content":{"rendered":"<p>Dieses T-Shirt f\u00fcr Frauen ist aus 100% Baumwolle gefertigt, hat einen V-Ausschnitt und kurze \u00c4rmel. Sauberkeitsstreifen am Kragen. Strapazierf\u00e4higes Material mit ultraweichem Griff. Das Motiv stellt Bambi is a son of a rehe dar.<\/p>","protected":false},"excerpt":{"rendered":"<p>Ce T-shirt femme est fabriqu\u00e9 en 100% coton avec un col v et des manches courtes. Bande de propret\u00e9 au col. Mati\u00e8re r\u00e9sistante et toucher ultra-doux. Sa coupe est droite.<\/p>\n<p>\u25aa Kurz\u00e4rmeliges T-Shirt<br \/>\n\u25aa Col V c\u00f4tel\u00e9<br \/>\n\u25aa Wei\u00df: 100 % Baumwolle<br \/>\n\u25aa Grau: 85% Baumwolle \/ 15% Viskose<br \/>\n\u25aa Sauberkeitsband am Kragen<br \/>\n\u25aa Strapazierf\u00e4higes Material und ultraweicher Griff<br \/>\n\u25aa Gerader Schnitt<br \/>\n\u25aa Gedruckt Bambi ist ein Sohn eines Rehs<\/p>","protected":false},"featured_media":51711,"template":"","meta":[],"product_brand":[],"product_cat":[96,243],"product_tag":[],"class_list":{"0":"post-36834","1":"product","2":"type-product","3":"status-publish","4":"has-post-thumbnail","6":"product_cat-femme","7":"product_cat-t-shirt-col-v","9":"first","10":"instock","11":"sale","12":"shipping-taxable","13":"purchasable","14":"product-type-variable"},"_links":{"self":[{"href":"https:\/\/harlem-lifestyle.com\/de\/wp-json\/wp\/v2\/product\/36834","targetHints":{"allow":["GET"]}}],"collection":[{"href":"https:\/\/harlem-lifestyle.com\/de\/wp-json\/wp\/v2\/product"}],"about":[{"href":"https:\/\/harlem-lifestyle.com\/de\/wp-json\/wp\/v2\/types\/product"}],"wp:featuredmedia":[{"embeddable":true,"href":"https:\/\/harlem-lifestyle.com\/de\/wp-json\/wp\/v2\/media\/51711"}],"wp:attachment":[{"href":"https:\/\/harlem-lifestyle.com\/de\/wp-json\/wp\/v2\/media?parent=36834"}],"wp:term":[{"taxonomy":"product_brand","embeddable":true,"href":"https:\/\/harlem-lifestyle.com\/de\/wp-json\/wp\/v2\/product_brand?post=36834"},{"taxonomy":"product_cat","embeddable":true,"href":"https:\/\/harlem-lifestyle.com\/de\/wp-json\/wp\/v2\/product_cat?post=36834"},{"taxonomy":"product_tag","embeddable":true,"href":"https:\/\/harlem-lifestyle.com\/de\/wp-json\/wp\/v2\/product_tag?post=36834"}],"curies":[{"name":"wp","href":"https:\/\/api.w.org\/{rel}","templated":true}]}}