{"id":39717,"date":"2023-11-26T11:21:44","date_gmt":"2023-11-26T10:21:44","guid":{"rendered":"http:\/\/harlem-lifestyle.com\/?post_type=product&#038;p=39717"},"modified":"2026-03-01T20:03:47","modified_gmt":"2026-03-01T19:03:47","slug":"t-shirt-middle-finger-f","status":"publish","type":"product","link":"https:\/\/harlem-lifestyle.com\/de\/produkt\/t-shirt-middle-finger-f\/","title":{"rendered":"Middle Finger T-Shirt - F"},"content":{"rendered":"<p>Dieses 190g schwere T-Shirt f\u00fcr Frauen besteht aus 100% gek\u00e4mmter Baumwolle, hat einen Rundhalsausschnitt und kurze \u00c4rmel. Sauberkeitsstreifen am Kragen. Strapazierf\u00e4higes Material mit ultraweichem Griff.<\/p>","protected":false},"excerpt":{"rendered":"<p>Dieses 190g schwere T-Shirt f\u00fcr Frauen besteht aus 100% Baumwolle, hat einen Rundhalsausschnitt und kurze \u00c4rmel. Sauberkeitsstreifen am Kragen. Strapazierf\u00e4higes Material mit ultraweichem Griff. Der leichte Oversize-Schnitt sorgt daf\u00fcr, dass Sie sich den ganzen Tag lang wohlf\u00fchlen.<\/p>\n<p>\u25aa Wei\u00dfes T-Shirt mit kurzen \u00c4rmeln<br \/>\n\u25aa Rundhalsausschnitt<br \/>\n\u25aa Sauberkeitsband am Kragen<br \/>\n\u25aa Strapazierf\u00e4higes Material und ultraweicher Griff<br \/>\n\u25aa 190g\/m\u00b2<br \/>\n\u25aa Leicht \u00fcbergro\u00dfer Schnitt<br \/>\n\u25aa 100 % Gek\u00e4mmte Baumwolle in wei\u00df oder andere<br \/>\n\u25aa 90 % Baumwolle 10 % Viskose in grau<br \/>\n\u25aa imprim\u00e9 \u00ab\u00a0my middle finger salutes you\u00a0\u00bb<\/p>","protected":false},"featured_media":39586,"template":"","meta":[],"product_brand":[],"product_cat":[426,96,97],"product_tag":[],"class_list":{"0":"post-39717","1":"product","2":"type-product","3":"status-publish","4":"has-post-thumbnail","6":"product_cat-slodes-femme","7":"product_cat-femme","8":"product_cat-t-shirts-col-rond-femme","10":"first","11":"instock","12":"sale","13":"shipping-taxable","14":"purchasable","15":"product-type-variable"},"_links":{"self":[{"href":"https:\/\/harlem-lifestyle.com\/de\/wp-json\/wp\/v2\/product\/39717","targetHints":{"allow":["GET"]}}],"collection":[{"href":"https:\/\/harlem-lifestyle.com\/de\/wp-json\/wp\/v2\/product"}],"about":[{"href":"https:\/\/harlem-lifestyle.com\/de\/wp-json\/wp\/v2\/types\/product"}],"wp:featuredmedia":[{"embeddable":true,"href":"https:\/\/harlem-lifestyle.com\/de\/wp-json\/wp\/v2\/media\/39586"}],"wp:attachment":[{"href":"https:\/\/harlem-lifestyle.com\/de\/wp-json\/wp\/v2\/media?parent=39717"}],"wp:term":[{"taxonomy":"product_brand","embeddable":true,"href":"https:\/\/harlem-lifestyle.com\/de\/wp-json\/wp\/v2\/product_brand?post=39717"},{"taxonomy":"product_cat","embeddable":true,"href":"https:\/\/harlem-lifestyle.com\/de\/wp-json\/wp\/v2\/product_cat?post=39717"},{"taxonomy":"product_tag","embeddable":true,"href":"https:\/\/harlem-lifestyle.com\/de\/wp-json\/wp\/v2\/product_tag?post=39717"}],"curies":[{"name":"wp","href":"https:\/\/api.w.org\/{rel}","templated":true}]}}