{"id":40277,"date":"2024-01-22T14:23:25","date_gmt":"2024-01-22T13:23:25","guid":{"rendered":"https:\/\/harlem-lifestyle.com\/produit\/sweat-merde-f\/"},"modified":"2026-03-01T19:54:28","modified_gmt":"2026-03-01T18:54:28","slug":"sweat-merde-f","status":"publish","type":"product","link":"https:\/\/harlem-lifestyle.com\/de\/produkt\/sweat-shit-f\/","title":{"rendered":"Sweatshirt Merde - F"},"content":{"rendered":"<p><em>Damen-Sweatshirt mit geradem Schnitt 270 g\/m\u00b2, 50% Baumwolle 50% Polyester, damit Sie im Alltag sowohl Strapazierf\u00e4higkeit als auch Weichheit genie\u00dfen k\u00f6nnen. Seitenn\u00e4hte und doppelte Steppn\u00e4hte an den Armausschnitten und am Halsausschnitt.<\/em><\/p>\n<p>\u25aa Sweatshirt mit geradem Schnitt<br \/>\n\u25aa 270 g\/m\u00b2<br \/>\n\u25aa 50% Baumwolle 50% Polyester<br \/>\n\u25aa Seitenn\u00e4hte<br \/>\n\u25aa Doppelte Steppn\u00e4hte<br \/>\n\u25aa Imprim\u00e9\u00a0\u00ab\u00a0merde, shit always sounds better in french\u00a0\u00bb<\/p>","protected":false},"excerpt":{"rendered":"<p><em>Damen-Sweatshirt mit geradem Schnitt 270 g\/m\u00b2, 50% Baumwolle 50% Polyester, damit Sie im Alltag sowohl Strapazierf\u00e4higkeit als auch Weichheit genie\u00dfen k\u00f6nnen. Seitenn\u00e4hte und doppelte Steppn\u00e4hte an den Armausschnitten und am Halsausschnitt.<\/em><\/p>\n<p>\u25aa Sweatshirt mit geradem Schnitt<br \/>\n\u25aa 270 g\/m\u00b2<br \/>\n\u25aa 50% Baumwolle 50% Polyester<br \/>\n\u25aa Seitenn\u00e4hte<br \/>\n\u25aa Doppelte Steppn\u00e4hte<br \/>\n\u25aa Imprim\u00e9\u00a0\u00ab\u00a0merde, shit always sounds better in french\u00a0\u00bb<\/p>","protected":false},"featured_media":40618,"template":"","meta":[],"product_brand":[],"product_cat":[99],"product_tag":[247,308],"class_list":{"0":"post-40277","1":"product","2":"type-product","3":"status-publish","4":"has-post-thumbnail","6":"product_cat-sweats-femme","7":"product_tag-femme","8":"product_tag-sweats-femme","9":"product_shipping_class-309","11":"first","12":"instock","13":"purchasable","14":"product-type-variable","15":"has-default-attributes"},"_links":{"self":[{"href":"https:\/\/harlem-lifestyle.com\/de\/wp-json\/wp\/v2\/product\/40277","targetHints":{"allow":["GET"]}}],"collection":[{"href":"https:\/\/harlem-lifestyle.com\/de\/wp-json\/wp\/v2\/product"}],"about":[{"href":"https:\/\/harlem-lifestyle.com\/de\/wp-json\/wp\/v2\/types\/product"}],"wp:featuredmedia":[{"embeddable":true,"href":"https:\/\/harlem-lifestyle.com\/de\/wp-json\/wp\/v2\/media\/40618"}],"wp:attachment":[{"href":"https:\/\/harlem-lifestyle.com\/de\/wp-json\/wp\/v2\/media?parent=40277"}],"wp:term":[{"taxonomy":"product_brand","embeddable":true,"href":"https:\/\/harlem-lifestyle.com\/de\/wp-json\/wp\/v2\/product_brand?post=40277"},{"taxonomy":"product_cat","embeddable":true,"href":"https:\/\/harlem-lifestyle.com\/de\/wp-json\/wp\/v2\/product_cat?post=40277"},{"taxonomy":"product_tag","embeddable":true,"href":"https:\/\/harlem-lifestyle.com\/de\/wp-json\/wp\/v2\/product_tag?post=40277"}],"curies":[{"name":"wp","href":"https:\/\/api.w.org\/{rel}","templated":true}]}}