{"id":40288,"date":"2024-01-22T14:23:26","date_gmt":"2024-01-22T13:23:26","guid":{"rendered":"https:\/\/harlem-lifestyle.com\/produit\/sweat-horror-friends-f\/"},"modified":"2026-03-01T19:54:24","modified_gmt":"2026-03-01T18:54:24","slug":"sweat-horror-friends-f","status":"publish","type":"product","link":"https:\/\/harlem-lifestyle.com\/de\/produkt\/sweat-horror-friends-f\/","title":{"rendered":"Sweat horror friends - F"},"content":{"rendered":"<p><em>Damen-Sweatshirt mit geradem Schnitt 270 g\/m\u00b2, 50% Baumwolle 50% Polyester, damit Sie im Alltag sowohl Strapazierf\u00e4higkeit als auch Weichheit genie\u00dfen k\u00f6nnen. Seitenn\u00e4hte und doppelte Steppn\u00e4hte an den Armausschnitten und am Halsausschnitt.<\/em><\/p>\n<p><span>\u25aa Sweatshirt mit geradem Schnitt<br \/>\u25aa 270 g\/m\u00b2<br \/>\u25aa 50% Baumwolle 50% Polyester<br \/>\u25aa Seitenn\u00e4hte<br \/>\u25aa Doppelte Steppn\u00e4hte<br \/><\/span><\/p>","protected":false},"excerpt":{"rendered":"<p><em>Damen-Sweatshirt mit geradem Schnitt 270 g\/m\u00b2, 50% Baumwolle 50% Polyester, damit Sie im Alltag sowohl Strapazierf\u00e4higkeit als auch Weichheit genie\u00dfen k\u00f6nnen. Seitenn\u00e4hte und doppelte Steppn\u00e4hte an den Armausschnitten und am Halsausschnitt.<\/em><\/p>\n<p><span>\u25aa Sweatshirt mit geradem Schnitt<br \/>\u25aa 270 g\/m\u00b2<br \/>\u25aa 50% Baumwolle 50% Polyester<br \/>\u25aa Seitenn\u00e4hte<br \/>\u25aa Doppelte Steppn\u00e4hte<br \/><\/span><\/p>","protected":false},"featured_media":40614,"template":"","meta":[],"product_brand":[],"product_cat":[99],"product_tag":[247,308],"class_list":{"0":"post-40288","1":"product","2":"type-product","3":"status-publish","4":"has-post-thumbnail","6":"product_cat-sweats-femme","7":"product_tag-femme","8":"product_tag-sweats-femme","10":"first","11":"instock","12":"purchasable","13":"product-type-variable","14":"has-default-attributes"},"_links":{"self":[{"href":"https:\/\/harlem-lifestyle.com\/de\/wp-json\/wp\/v2\/product\/40288","targetHints":{"allow":["GET"]}}],"collection":[{"href":"https:\/\/harlem-lifestyle.com\/de\/wp-json\/wp\/v2\/product"}],"about":[{"href":"https:\/\/harlem-lifestyle.com\/de\/wp-json\/wp\/v2\/types\/product"}],"wp:featuredmedia":[{"embeddable":true,"href":"https:\/\/harlem-lifestyle.com\/de\/wp-json\/wp\/v2\/media\/40614"}],"wp:attachment":[{"href":"https:\/\/harlem-lifestyle.com\/de\/wp-json\/wp\/v2\/media?parent=40288"}],"wp:term":[{"taxonomy":"product_brand","embeddable":true,"href":"https:\/\/harlem-lifestyle.com\/de\/wp-json\/wp\/v2\/product_brand?post=40288"},{"taxonomy":"product_cat","embeddable":true,"href":"https:\/\/harlem-lifestyle.com\/de\/wp-json\/wp\/v2\/product_cat?post=40288"},{"taxonomy":"product_tag","embeddable":true,"href":"https:\/\/harlem-lifestyle.com\/de\/wp-json\/wp\/v2\/product_tag?post=40288"}],"curies":[{"name":"wp","href":"https:\/\/api.w.org\/{rel}","templated":true}]}}