{"id":40500,"date":"2024-01-22T14:24:00","date_gmt":"2024-01-22T13:24:00","guid":{"rendered":"https:\/\/harlem-lifestyle.com\/produit\/t-shirt-bang-h\/"},"modified":"2026-03-01T20:26:04","modified_gmt":"2026-03-01T19:26:04","slug":"t-shirt-bang-h","status":"publish","type":"product","link":"https:\/\/harlem-lifestyle.com\/de\/produkt\/t-shirt-bang-h\/","title":{"rendered":"Bong T-Shirt - H"},"content":{"rendered":"<p><em>Dieses T-Shirt f\u00fcr M\u00e4nner besteht aus 100% Baumwolle f\u00fcr die Farben wei\u00df oder andere und aus 90% Baumwolle und 10% Viskose f\u00fcr die Farbe grau. Es hat einen Rundhalsausschnitt und kurze \u00c4rmel. Sauberkeitsstreifen am Kragen. Strapazierf\u00e4higes Material mit einem Gewicht von 190 g und ultraweichem Griff.<\/em><\/p>\n<p>\u25aa Wei\u00dfes T-Shirt mit kurzen \u00c4rmeln<br \/>\u25aa Rundhalsausschnitt<br \/>\u25aa Sauberkeitsband am Kragen<br \/>\u25aa Strapazierf\u00e4higes Material und ultraweicher Griff<br \/><span data-mce-fragment=\"1\">\u25aa 190g\/m\u00b2<\/span><br \/>\u25aa Gerader Schnitt<br \/>\u25aa 100 % Gek\u00e4mmte Baumwolle in wei\u00df oder andere<br \/>\u25aa 90 % Baumwolle 10 % Viskose in grau<br \/>\u25aa imprim\u00e9\u00a0\u00ab\u00a0bang\u00a0\u00bb<\/p>","protected":false},"excerpt":{"rendered":"<p><em>Dieses T-Shirt f\u00fcr M\u00e4nner besteht aus 100% Baumwolle f\u00fcr die Farben wei\u00df oder andere und aus 90% Baumwolle und 10% Viskose f\u00fcr die Farbe grau. Es hat einen Rundhalsausschnitt und kurze \u00c4rmel. Sauberkeitsstreifen am Kragen. Strapazierf\u00e4higes Material mit einem Gewicht von 190 g und ultraweichem Griff.<\/em><\/p>\n<p>\u25aa Wei\u00dfes T-Shirt mit kurzen \u00c4rmeln<br \/>\u25aa Rundhalsausschnitt<br \/>\u25aa Sauberkeitsband am Kragen<br \/>\u25aa Strapazierf\u00e4higes Material und ultraweicher Griff<br \/><span data-mce-fragment=\"1\">\u25aa 190g\/m\u00b2<\/span><br \/>\u25aa Gerader Schnitt<br \/>\u25aa 100 % Gek\u00e4mmte Baumwolle in wei\u00df oder andere<br \/>\u25aa 90 % Baumwolle 10 % Viskose in grau<br \/>\u25aa imprim\u00e9\u00a0\u00ab\u00a0bang\u00a0\u00bb<\/p>","protected":false},"featured_media":40684,"template":"","meta":[],"product_brand":[],"product_cat":[92,93],"product_tag":[249,250],"class_list":{"0":"post-40500","1":"product","2":"type-product","3":"status-publish","4":"has-post-thumbnail","6":"product_cat-homme","7":"product_cat-t-shirts-col-rond-homme","8":"product_tag-homme","9":"product_tag-t-shirts-homme","11":"first","12":"instock","13":"sale","14":"purchasable","15":"product-type-variable","16":"has-default-attributes"},"_links":{"self":[{"href":"https:\/\/harlem-lifestyle.com\/de\/wp-json\/wp\/v2\/product\/40500","targetHints":{"allow":["GET"]}}],"collection":[{"href":"https:\/\/harlem-lifestyle.com\/de\/wp-json\/wp\/v2\/product"}],"about":[{"href":"https:\/\/harlem-lifestyle.com\/de\/wp-json\/wp\/v2\/types\/product"}],"wp:featuredmedia":[{"embeddable":true,"href":"https:\/\/harlem-lifestyle.com\/de\/wp-json\/wp\/v2\/media\/40684"}],"wp:attachment":[{"href":"https:\/\/harlem-lifestyle.com\/de\/wp-json\/wp\/v2\/media?parent=40500"}],"wp:term":[{"taxonomy":"product_brand","embeddable":true,"href":"https:\/\/harlem-lifestyle.com\/de\/wp-json\/wp\/v2\/product_brand?post=40500"},{"taxonomy":"product_cat","embeddable":true,"href":"https:\/\/harlem-lifestyle.com\/de\/wp-json\/wp\/v2\/product_cat?post=40500"},{"taxonomy":"product_tag","embeddable":true,"href":"https:\/\/harlem-lifestyle.com\/de\/wp-json\/wp\/v2\/product_tag?post=40500"}],"curies":[{"name":"wp","href":"https:\/\/api.w.org\/{rel}","templated":true}]}}