{"id":40506,"date":"2024-01-22T14:24:00","date_gmt":"2024-01-22T13:24:00","guid":{"rendered":"https:\/\/harlem-lifestyle.com\/produit\/t-shirt-merde-h\/"},"modified":"2026-03-01T20:27:10","modified_gmt":"2026-03-01T19:27:10","slug":"t-shirt-scheise-h","status":"publish","type":"product","link":"https:\/\/harlem-lifestyle.com\/de\/produkt\/t-shirt-scheise-h\/","title":{"rendered":"T-Shirt Merde - H"},"content":{"rendered":"<p><em>Dieses T-Shirt f\u00fcr M\u00e4nner besteht aus 100% Baumwolle f\u00fcr die Farben wei\u00df oder andere und aus 90% Baumwolle und 10% Viskose f\u00fcr die Farbe grau. Es hat einen Rundhalsausschnitt und kurze \u00c4rmel. Sauberkeitsstreifen am Kragen. Strapazierf\u00e4higes Material mit einem Gewicht von 190 g und ultraweichem Griff.<\/em><\/p>\n<p>\u25aa Wei\u00dfes T-Shirt mit kurzen \u00c4rmeln<br \/>\n\u25aa Rundhalsausschnitt<br \/>\n\u25aa Sauberkeitsband am Kragen<br \/>\n\u25aa Strapazierf\u00e4higes Material und ultraweicher Griff<br \/>\n<span data-mce-fragment=\"1\">\u25aa 190g\/m\u00b2<\/span><br \/>\n\u25aa Gerader Schnitt<br \/>\n\u25aa 100 % Gek\u00e4mmte Baumwolle in wei\u00df oder andere<br \/>\n\u25aa 90 % Baumwolle 10 % Viskose in grau<br \/>\n\u25aa gedruckt schei\u00dfe shit sounds better ein french.<\/p>","protected":false},"excerpt":{"rendered":"<p><em>Dieses T-Shirt f\u00fcr M\u00e4nner besteht aus 100% Baumwolle f\u00fcr die Farben wei\u00df oder andere und aus 90% Baumwolle und 10% Viskose f\u00fcr die Farbe grau. Es hat einen Rundhalsausschnitt und kurze \u00c4rmel. Sauberkeitsstreifen am Kragen. Strapazierf\u00e4higes Material mit einem Gewicht von 190 g und ultraweichem Griff.<\/em><\/p>\n<p>\u25aa Wei\u00dfes T-Shirt mit kurzen \u00c4rmeln<br \/>\n\u25aa Rundhalsausschnitt<br \/>\n\u25aa Sauberkeitsband am Kragen<br \/>\n\u25aa Strapazierf\u00e4higes Material und ultraweicher Griff<br \/>\n<span data-mce-fragment=\"1\">\u25aa 190g\/m\u00b2<\/span><br \/>\n\u25aa Gerader Schnitt<br \/>\n\u25aa 100 % Gek\u00e4mmte Baumwolle in wei\u00df oder andere<br \/>\n\u25aa 90 % Baumwolle 10 % Viskose in grau<br \/>\n\u25aa gedruckt schei\u00dfe shit sounds better ein french.<\/p>","protected":false},"featured_media":40624,"template":"","meta":[],"product_brand":[],"product_cat":[427,92,93],"product_tag":[249,250],"class_list":{"0":"post-40506","1":"product","2":"type-product","3":"status-publish","4":"has-post-thumbnail","6":"product_cat-soldes-homme","7":"product_cat-homme","8":"product_cat-t-shirts-col-rond-homme","9":"product_tag-homme","10":"product_tag-t-shirts-homme","12":"first","13":"instock","14":"sale","15":"purchasable","16":"product-type-variable","17":"has-default-attributes"},"_links":{"self":[{"href":"https:\/\/harlem-lifestyle.com\/de\/wp-json\/wp\/v2\/product\/40506","targetHints":{"allow":["GET"]}}],"collection":[{"href":"https:\/\/harlem-lifestyle.com\/de\/wp-json\/wp\/v2\/product"}],"about":[{"href":"https:\/\/harlem-lifestyle.com\/de\/wp-json\/wp\/v2\/types\/product"}],"wp:featuredmedia":[{"embeddable":true,"href":"https:\/\/harlem-lifestyle.com\/de\/wp-json\/wp\/v2\/media\/40624"}],"wp:attachment":[{"href":"https:\/\/harlem-lifestyle.com\/de\/wp-json\/wp\/v2\/media?parent=40506"}],"wp:term":[{"taxonomy":"product_brand","embeddable":true,"href":"https:\/\/harlem-lifestyle.com\/de\/wp-json\/wp\/v2\/product_brand?post=40506"},{"taxonomy":"product_cat","embeddable":true,"href":"https:\/\/harlem-lifestyle.com\/de\/wp-json\/wp\/v2\/product_cat?post=40506"},{"taxonomy":"product_tag","embeddable":true,"href":"https:\/\/harlem-lifestyle.com\/de\/wp-json\/wp\/v2\/product_tag?post=40506"}],"curies":[{"name":"wp","href":"https:\/\/api.w.org\/{rel}","templated":true}]}}