{"id":40528,"date":"2024-01-22T14:24:03","date_gmt":"2024-01-22T13:24:03","guid":{"rendered":"https:\/\/harlem-lifestyle.com\/produit\/t-shirt-toilet-girl-h\/"},"modified":"2026-03-01T20:31:37","modified_gmt":"2026-03-01T19:31:37","slug":"t-shirt-toilet-girl-h","status":"publish","type":"product","link":"https:\/\/harlem-lifestyle.com\/de\/produkt\/t-shirt-toilet-girl-h\/","title":{"rendered":"Toilet girl T-Shirt - H"},"content":{"rendered":"<p><em>Dieses 190 g schwere T-Shirt f\u00fcr M\u00e4nner besteht aus 100% gek\u00e4mmter Baumwolle, hat einen Rundhalsausschnitt und kurze \u00c4rmel. Sauberkeitsstreifen am Kragen. Strapazierf\u00e4higes Material mit ultraweichem Griff.<br \/>\n<\/em><\/p>\n<p><span data-mce-fragment=\"1\">\u25aa Kurz\u00e4rmeliges T-Shirt<\/span><br data-mce-fragment=\"1\" \/><span data-mce-fragment=\"1\">\u25aa Rundhalsausschnitt<\/span><br data-mce-fragment=\"1\" \/><span data-mce-fragment=\"1\">\u25aa Sauberkeitsband am Kragen<\/span><br data-mce-fragment=\"1\" \/><span data-mce-fragment=\"1\">\u25aa Strapazierf\u00e4higes Material und ultraweicher Griff<\/span><br data-mce-fragment=\"1\" \/><span data-mce-fragment=\"1\">\u25aa Gerader Schnitt<br \/>\n\u25aa 190g\/m\u00b2<br \/>\n\u25aa 100 % Gek\u00e4mmte Baumwolle\u00a0<\/span><span data-mce-fragment=\"1\"><br \/>\n<\/span><span data-mce-fragment=\"1\">\u25aa gedruckt<\/span><span data-mce-fragment=\"1\">\u00a0<\/span>fuck you very much.<\/p>","protected":false},"excerpt":{"rendered":"<p><em>Dieses 190 g schwere T-Shirt f\u00fcr M\u00e4nner besteht aus 100% gek\u00e4mmter Baumwolle, hat einen Rundhalsausschnitt und kurze \u00c4rmel. Sauberkeitsstreifen am Kragen. Strapazierf\u00e4higes Material mit ultraweichem Griff.<br \/>\n<\/em><\/p>\n<p><span data-mce-fragment=\"1\">\u25aa Kurz\u00e4rmeliges T-Shirt<\/span><br data-mce-fragment=\"1\" \/><span data-mce-fragment=\"1\">\u25aa Rundhalsausschnitt<\/span><br data-mce-fragment=\"1\" \/><span data-mce-fragment=\"1\">\u25aa Sauberkeitsband am Kragen<\/span><br data-mce-fragment=\"1\" \/><span data-mce-fragment=\"1\">\u25aa Strapazierf\u00e4higes Material und ultraweicher Griff<\/span><br data-mce-fragment=\"1\" \/><span data-mce-fragment=\"1\">\u25aa Gerader Schnitt<br \/>\n\u25aa 190g\/m\u00b2<br \/>\n\u25aa 100 % Gek\u00e4mmte Baumwolle\u00a0<\/span><span data-mce-fragment=\"1\"><br \/>\n<\/span><span data-mce-fragment=\"1\">\u25aa gedruckt<\/span><span data-mce-fragment=\"1\">\u00a0<\/span>fuck you very much.<\/p>","protected":false},"featured_media":40687,"template":"","meta":[],"product_brand":[],"product_cat":[92,93],"product_tag":[316,249,250],"class_list":{"0":"post-40528","1":"product","2":"type-product","3":"status-publish","4":"has-post-thumbnail","6":"product_cat-homme","7":"product_cat-t-shirts-col-rond-homme","8":"product_tag-best-seller-homme","9":"product_tag-homme","10":"product_tag-t-shirts-homme","12":"first","13":"instock","14":"sale","15":"purchasable","16":"product-type-variable"},"_links":{"self":[{"href":"https:\/\/harlem-lifestyle.com\/de\/wp-json\/wp\/v2\/product\/40528","targetHints":{"allow":["GET"]}}],"collection":[{"href":"https:\/\/harlem-lifestyle.com\/de\/wp-json\/wp\/v2\/product"}],"about":[{"href":"https:\/\/harlem-lifestyle.com\/de\/wp-json\/wp\/v2\/types\/product"}],"wp:featuredmedia":[{"embeddable":true,"href":"https:\/\/harlem-lifestyle.com\/de\/wp-json\/wp\/v2\/media\/40687"}],"wp:attachment":[{"href":"https:\/\/harlem-lifestyle.com\/de\/wp-json\/wp\/v2\/media?parent=40528"}],"wp:term":[{"taxonomy":"product_brand","embeddable":true,"href":"https:\/\/harlem-lifestyle.com\/de\/wp-json\/wp\/v2\/product_brand?post=40528"},{"taxonomy":"product_cat","embeddable":true,"href":"https:\/\/harlem-lifestyle.com\/de\/wp-json\/wp\/v2\/product_cat?post=40528"},{"taxonomy":"product_tag","embeddable":true,"href":"https:\/\/harlem-lifestyle.com\/de\/wp-json\/wp\/v2\/product_tag?post=40528"}],"curies":[{"name":"wp","href":"https:\/\/api.w.org\/{rel}","templated":true}]}}