{"id":40552,"date":"2024-01-22T14:24:07","date_gmt":"2024-01-22T13:24:07","guid":{"rendered":"https:\/\/harlem-lifestyle.com\/produit\/t-shirt-maggie-simpson-f\/"},"modified":"2026-03-01T20:03:40","modified_gmt":"2026-03-01T19:03:40","slug":"t-shirt-maggie-simpson-f","status":"publish","type":"product","link":"https:\/\/harlem-lifestyle.com\/de\/produkt\/t-shirt-maggie-simpson-f\/","title":{"rendered":"T-Shirt maggie simpson - F"},"content":{"rendered":"<p><em>Dieses 190g schwere T-Shirt f\u00fcr Frauen besteht aus 100% Baumwolle, hat einen Rundhalsausschnitt und kurze \u00c4rmel. Sauberkeitsstreifen am Kragen. Strapazierf\u00e4higes Material mit ultraweichem Griff. Der leichte Oversize-Schnitt sorgt daf\u00fcr, dass Sie sich den ganzen Tag lang wohlf\u00fchlen.<br \/>\n<\/em><\/p>\n<p><span data-mce-fragment=\"1\">\u25aa Kurz\u00e4rmeliges T-Shirt<\/span><br data-mce-fragment=\"1\" \/><span data-mce-fragment=\"1\">\u25aa Rundhalsausschnitt<br \/>\n<\/span><span data-mce-fragment=\"1\">\u25aa 100% Baumwolle<\/span><br data-mce-fragment=\"1\" \/><span data-mce-fragment=\"1\">\u25aa Sauberkeitsband am Kragen<\/span><br data-mce-fragment=\"1\" \/><span data-mce-fragment=\"1\">\u25aa Strapazierf\u00e4higes Material und ultraweicher Griff<\/span><br data-mce-fragment=\"1\" \/><span data-mce-fragment=\"1\">\u25aa Leicht \u00fcbergro\u00dfer Schnitt<br \/>\n\u25aa 190g\/m\u00b2<\/span><br data-mce-fragment=\"1\" \/><span data-mce-fragment=\"1\">\u25aa gedruckt\u00a0<\/span>Maggie Simpson<\/p>","protected":false},"excerpt":{"rendered":"<p><em>Dieses 190g schwere T-Shirt f\u00fcr Frauen besteht aus 100% Baumwolle, hat einen Rundhalsausschnitt und kurze \u00c4rmel. Sauberkeitsstreifen am Kragen. Strapazierf\u00e4higes Material mit ultraweichem Griff. Der leichte Oversize-Schnitt sorgt daf\u00fcr, dass Sie sich den ganzen Tag lang wohlf\u00fchlen.<br \/>\n<\/em><\/p>\n<p><span data-mce-fragment=\"1\">\u25aa Kurz\u00e4rmeliges T-Shirt<\/span><br data-mce-fragment=\"1\" \/><span data-mce-fragment=\"1\">\u25aa Rundhalsausschnitt<br \/>\n<\/span><span data-mce-fragment=\"1\">\u25aa 100% Baumwolle<\/span><br data-mce-fragment=\"1\" \/><span data-mce-fragment=\"1\">\u25aa Sauberkeitsband am Kragen<\/span><br data-mce-fragment=\"1\" \/><span data-mce-fragment=\"1\">\u25aa Strapazierf\u00e4higes Material und ultraweicher Griff<\/span><br data-mce-fragment=\"1\" \/><span data-mce-fragment=\"1\">\u25aa Leicht \u00fcbergro\u00dfer Schnitt<br \/>\n\u25aa 190g\/m\u00b2<\/span><br data-mce-fragment=\"1\" \/><span data-mce-fragment=\"1\">\u25aa gedruckt\u00a0<\/span>Maggie Simpson<\/p>","protected":false},"featured_media":18839,"template":"","meta":[],"product_brand":[],"product_cat":[96,97],"product_tag":[247,248],"class_list":{"0":"post-40552","1":"product","2":"type-product","3":"status-publish","4":"has-post-thumbnail","6":"product_cat-femme","7":"product_cat-t-shirts-col-rond-femme","8":"product_tag-femme","9":"product_tag-t-shirts-femme","11":"first","12":"instock","13":"sale","14":"purchasable","15":"product-type-variable"},"_links":{"self":[{"href":"https:\/\/harlem-lifestyle.com\/de\/wp-json\/wp\/v2\/product\/40552","targetHints":{"allow":["GET"]}}],"collection":[{"href":"https:\/\/harlem-lifestyle.com\/de\/wp-json\/wp\/v2\/product"}],"about":[{"href":"https:\/\/harlem-lifestyle.com\/de\/wp-json\/wp\/v2\/types\/product"}],"wp:featuredmedia":[{"embeddable":true,"href":"https:\/\/harlem-lifestyle.com\/de\/wp-json\/wp\/v2\/media\/18839"}],"wp:attachment":[{"href":"https:\/\/harlem-lifestyle.com\/de\/wp-json\/wp\/v2\/media?parent=40552"}],"wp:term":[{"taxonomy":"product_brand","embeddable":true,"href":"https:\/\/harlem-lifestyle.com\/de\/wp-json\/wp\/v2\/product_brand?post=40552"},{"taxonomy":"product_cat","embeddable":true,"href":"https:\/\/harlem-lifestyle.com\/de\/wp-json\/wp\/v2\/product_cat?post=40552"},{"taxonomy":"product_tag","embeddable":true,"href":"https:\/\/harlem-lifestyle.com\/de\/wp-json\/wp\/v2\/product_tag?post=40552"}],"curies":[{"name":"wp","href":"https:\/\/api.w.org\/{rel}","templated":true}]}}