{"id":41071,"date":"2024-02-10T10:35:34","date_gmt":"2024-02-10T09:35:34","guid":{"rendered":"https:\/\/harlem-lifestyle.com\/?post_type=product&#038;p=41071"},"modified":"2025-08-29T23:17:26","modified_gmt":"2025-08-29T21:17:26","slug":"t-shirt-yin-yang-cat-f-r","status":"publish","type":"product","link":"https:\/\/harlem-lifestyle.com\/de\/produkt\/t-shirt-yin-yang-cat-f-r\/","title":{"rendered":"T-Shirt Yin Yang Cat F - R"},"content":{"rendered":"<p>Dieses 190g schwere T-Shirt f\u00fcr Frauen besteht aus 100% gek\u00e4mmter Baumwolle, hat einen Rundhalsausschnitt und kurze \u00c4rmel. Sauberkeitsstreifen am Kragen. Strapazierf\u00e4higes Material mit ultraweichem Griff.<\/p>","protected":false},"excerpt":{"rendered":"<p style=\"text-align: left;\">Dieses T-Shirt f\u00fcr Frauen besteht aus 100% Baumwolle f\u00fcr die Farben wei\u00df oder andere und aus 90% Baumwolle und 10% Viskose f\u00fcr die Farbe grau. Es hat einen Rundhalsausschnitt und kurze \u00c4rmel. Sauberkeitsstreifen am Kragen. Strapazierf\u00e4higes Material mit einem Gewicht von 190 g und ultraweichem Griff. Muster auf der Vorder- und R\u00fcckseite.<\/p>\n<p>\u25aa Wei\u00dfes T-Shirt mit kurzen \u00c4rmeln<br \/>\n\u25aa Rundhalsausschnitt<br \/>\n\u25aa Sauberkeitsband am Kragen<br \/>\n\u25aa Strapazierf\u00e4higes Material und ultraweicher Griff<br \/>\n\u25aa 190g\/m\u00b2<br \/>\n\u25aa Gerader Schnitt<br \/>\n\u25aa 100 % Gek\u00e4mmte Baumwolle in wei\u00df oder andere<br \/>\n\u25aa 90 % Baumwolle 10 % Viskose in grau<br \/>\n\u25aa vorne und hinten mit Yin Yang und Katzen bedruckt<\/p>","protected":false},"featured_media":41069,"template":"","meta":[],"product_brand":[],"product_cat":[96,97],"product_tag":[],"class_list":{"0":"post-41071","1":"product","2":"type-product","3":"status-publish","4":"has-post-thumbnail","6":"product_cat-femme","7":"product_cat-t-shirts-col-rond-femme","9":"first","10":"instock","11":"featured","12":"shipping-taxable","13":"purchasable","14":"product-type-variable"},"_links":{"self":[{"href":"https:\/\/harlem-lifestyle.com\/de\/wp-json\/wp\/v2\/product\/41071","targetHints":{"allow":["GET"]}}],"collection":[{"href":"https:\/\/harlem-lifestyle.com\/de\/wp-json\/wp\/v2\/product"}],"about":[{"href":"https:\/\/harlem-lifestyle.com\/de\/wp-json\/wp\/v2\/types\/product"}],"wp:featuredmedia":[{"embeddable":true,"href":"https:\/\/harlem-lifestyle.com\/de\/wp-json\/wp\/v2\/media\/41069"}],"wp:attachment":[{"href":"https:\/\/harlem-lifestyle.com\/de\/wp-json\/wp\/v2\/media?parent=41071"}],"wp:term":[{"taxonomy":"product_brand","embeddable":true,"href":"https:\/\/harlem-lifestyle.com\/de\/wp-json\/wp\/v2\/product_brand?post=41071"},{"taxonomy":"product_cat","embeddable":true,"href":"https:\/\/harlem-lifestyle.com\/de\/wp-json\/wp\/v2\/product_cat?post=41071"},{"taxonomy":"product_tag","embeddable":true,"href":"https:\/\/harlem-lifestyle.com\/de\/wp-json\/wp\/v2\/product_tag?post=41071"}],"curies":[{"name":"wp","href":"https:\/\/api.w.org\/{rel}","templated":true}]}}