{"id":41514,"date":"2024-03-20T16:17:48","date_gmt":"2024-03-20T15:17:48","guid":{"rendered":"https:\/\/harlem-lifestyle.com\/?post_type=product&#038;p=41514"},"modified":"2026-03-01T20:03:15","modified_gmt":"2026-03-01T19:03:15","slug":"t-shirt-hannya-red-eyes-f","status":"publish","type":"product","link":"https:\/\/harlem-lifestyle.com\/de\/produkt\/t-shirt-hannya-red-eyes-f\/","title":{"rendered":"Hannya Red Eyes T-Shirt - F"},"content":{"rendered":"<p>Dieses 190g schwere T-Shirt f\u00fcr Frauen besteht aus 100% gek\u00e4mmter Baumwolle, hat einen Rundhalsausschnitt und kurze \u00c4rmel. Sauberkeitsstreifen am Kragen. Strapazierf\u00e4higes Material mit ultraweichem Griff.<\/p>","protected":false},"excerpt":{"rendered":"<p>Dieses T-Shirt f\u00fcr Frauen besteht aus 100% Baumwolle f\u00fcr die Farben wei\u00df oder andere und aus 90% Baumwolle und 10% Viskose f\u00fcr die Farbe grau. Es hat einen Rundhalsausschnitt und kurze \u00c4rmel. Sauberkeitsstreifen am Kragen. Strapazierf\u00e4higes Material mit einem Gewicht von 190 g und ultraweichem Griff.<\/p>\n<p>\u25aa Wei\u00dfes T-Shirt mit kurzen \u00c4rmeln<br \/>\n\u25aa Rundhalsausschnitt<br \/>\n\u25aa Sauberkeitsband am Kragen<br \/>\n\u25aa Strapazierf\u00e4higes Material und ultraweicher Griff<br \/>\n\u25aa 190g\/m\u00b2<br \/>\n\u25aa Gerader Schnitt<br \/>\n\u25aa 100 % Gek\u00e4mmte Baumwolle in wei\u00df oder andere<br \/>\n\u25aa 90 % Baumwolle 10 % Viskose in grau<br \/>\n\u25aa gedruckt japanische Maske D\u00e4mon hannya<\/p>","protected":false},"featured_media":41499,"template":"","meta":[],"product_brand":[],"product_cat":[426,96,97],"product_tag":[],"class_list":{"0":"post-41514","1":"product","2":"type-product","3":"status-publish","4":"has-post-thumbnail","6":"product_cat-slodes-femme","7":"product_cat-femme","8":"product_cat-t-shirts-col-rond-femme","10":"first","11":"instock","12":"sale","13":"featured","14":"shipping-taxable","15":"purchasable","16":"product-type-variable"},"_links":{"self":[{"href":"https:\/\/harlem-lifestyle.com\/de\/wp-json\/wp\/v2\/product\/41514","targetHints":{"allow":["GET"]}}],"collection":[{"href":"https:\/\/harlem-lifestyle.com\/de\/wp-json\/wp\/v2\/product"}],"about":[{"href":"https:\/\/harlem-lifestyle.com\/de\/wp-json\/wp\/v2\/types\/product"}],"wp:featuredmedia":[{"embeddable":true,"href":"https:\/\/harlem-lifestyle.com\/de\/wp-json\/wp\/v2\/media\/41499"}],"wp:attachment":[{"href":"https:\/\/harlem-lifestyle.com\/de\/wp-json\/wp\/v2\/media?parent=41514"}],"wp:term":[{"taxonomy":"product_brand","embeddable":true,"href":"https:\/\/harlem-lifestyle.com\/de\/wp-json\/wp\/v2\/product_brand?post=41514"},{"taxonomy":"product_cat","embeddable":true,"href":"https:\/\/harlem-lifestyle.com\/de\/wp-json\/wp\/v2\/product_cat?post=41514"},{"taxonomy":"product_tag","embeddable":true,"href":"https:\/\/harlem-lifestyle.com\/de\/wp-json\/wp\/v2\/product_tag?post=41514"}],"curies":[{"name":"wp","href":"https:\/\/api.w.org\/{rel}","templated":true}]}}