{"id":54364,"date":"2026-02-26T17:59:33","date_gmt":"2026-02-26T16:59:33","guid":{"rendered":"https:\/\/harlem-lifestyle.com\/?post_type=product&#038;p=54364"},"modified":"2026-03-01T20:03:25","modified_gmt":"2026-03-01T19:03:25","slug":"t-shirt-joker-f","status":"publish","type":"product","link":"https:\/\/harlem-lifestyle.com\/de\/produkt\/t-shirt-joker-f\/","title":{"rendered":"Joker T-Shirt - F"},"content":{"rendered":"<p>Dieses 190g schwere T-Shirt f\u00fcr Frauen besteht aus 100% gek\u00e4mmter Baumwolle, hat einen Rundhalsausschnitt und kurze \u00c4rmel. Sauberkeitsstreifen am Kragen. Strapazierf\u00e4higes Material mit ultraweichem Griff.<\/p>","protected":false},"excerpt":{"rendered":"<p>Dieses T-Shirt f\u00fcr Frauen besteht aus 100% Baumwolle f\u00fcr die Farben wei\u00df oder andere und aus 90% Baumwolle und 10% Viskose f\u00fcr die Farbe grau. Es hat einen Rundhalsausschnitt und kurze \u00c4rmel. Sauberkeitsstreifen am Kragen. Strapazierf\u00e4higes Material mit einem Gewicht von 190 g und ultraweichem Griff.<\/p>\n<p>&#x25aa; T-Shirt blanc manches courtes<br \/>\n&#x25aa; Col Rond<br \/>\n&#x25aa; Bande de propret\u00e9 au col<br \/>\n&#x25aa; Mati\u00e8re r\u00e9sistante et toucher ultra-doux<br \/>\n&#x25aa; 190g\/m\u00b2<br \/>\n&#x25aa; Coupe droite<br \/>\n&#x25aa; 100 % Coton peign\u00e9 en blanc ou autres<br \/>\n&#x25aa; 90 % Coton 10 % Viscose en gris<br \/>\n&#x25aa; imprim\u00e9 film Joker<\/p>","protected":false},"featured_media":54338,"template":"","meta":[],"product_brand":[],"product_cat":[97,422,96],"product_tag":[],"class_list":{"0":"post-54364","1":"product","2":"type-product","3":"status-publish","4":"has-post-thumbnail","6":"product_cat-t-shirts-col-rond-femme","7":"product_cat-new-arrivals-femme","8":"product_cat-femme","10":"first","11":"instock","12":"sale","13":"featured","14":"shipping-taxable","15":"purchasable","16":"product-type-variable"},"_links":{"self":[{"href":"https:\/\/harlem-lifestyle.com\/de\/wp-json\/wp\/v2\/product\/54364","targetHints":{"allow":["GET"]}}],"collection":[{"href":"https:\/\/harlem-lifestyle.com\/de\/wp-json\/wp\/v2\/product"}],"about":[{"href":"https:\/\/harlem-lifestyle.com\/de\/wp-json\/wp\/v2\/types\/product"}],"wp:featuredmedia":[{"embeddable":true,"href":"https:\/\/harlem-lifestyle.com\/de\/wp-json\/wp\/v2\/media\/54338"}],"wp:attachment":[{"href":"https:\/\/harlem-lifestyle.com\/de\/wp-json\/wp\/v2\/media?parent=54364"}],"wp:term":[{"taxonomy":"product_brand","embeddable":true,"href":"https:\/\/harlem-lifestyle.com\/de\/wp-json\/wp\/v2\/product_brand?post=54364"},{"taxonomy":"product_cat","embeddable":true,"href":"https:\/\/harlem-lifestyle.com\/de\/wp-json\/wp\/v2\/product_cat?post=54364"},{"taxonomy":"product_tag","embeddable":true,"href":"https:\/\/harlem-lifestyle.com\/de\/wp-json\/wp\/v2\/product_tag?post=54364"}],"curies":[{"name":"wp","href":"https:\/\/api.w.org\/{rel}","templated":true}]}}