{"id":8846,"date":"2017-08-13T11:35:35","date_gmt":"2017-08-13T09:35:35","guid":{"rendered":"http:\/\/harlem-lifestyle.com\/?post_type=product&#038;p=8846"},"modified":"2026-03-01T20:03:42","modified_gmt":"2026-03-01T19:03:42","slug":"t-shirt-merde-round-f","status":"publish","type":"product","link":"https:\/\/harlem-lifestyle.com\/de\/produkt\/t-shirt-merde-round-f\/","title":{"rendered":"T-Shirt Merde - F"},"content":{"rendered":"<p>Dieses T-Shirt f\u00fcr Frauen besteht aus 100% Baumwolle f\u00fcr die Farben wei\u00df oder andere und aus 90% Baumwolle und 10% Viskose f\u00fcr die Farbe grau. Es hat einen Rundhalsausschnitt und kurze \u00c4rmel. Sauberkeitsband am Kragen. Strapazierf\u00e4higes Material mit ultraweichem Griff. Das Motiv stellt merde shit sounds better in french dar.<\/p>","protected":false},"excerpt":{"rendered":"<p>Dieses 190g schwere T-Shirt f\u00fcr Frauen besteht aus 100% Baumwolle, hat einen Rundhalsausschnitt und kurze \u00c4rmel. Sauberkeitsstreifen am Kragen. Strapazierf\u00e4higes Material mit ultraweichem Griff. Der leichte Oversize-Schnitt sorgt daf\u00fcr, dass Sie sich den ganzen Tag lang wohlf\u00fchlen. <\/p>\n<p>\u25aa Kurz\u00e4rmeliges T-Shirt<br \/>\n\u25aa Rundhalsausschnitt<br \/>\n\u25aa Sauberkeitsband am Kragen<br \/>\n\u25aa Strapazierf\u00e4higes Material und ultraweicher Griff<br \/>\n\u25aa Leicht \u00fcbergro\u00dfer Schnitt<br \/>\n\u25aa 190g\/m\u00b2<br \/>\n\u25aa gedruckt merde shit sounds better in german<\/p>","protected":false},"featured_media":40624,"template":"","meta":[],"product_brand":[],"product_cat":[426,96,97],"product_tag":[],"class_list":{"0":"post-8846","1":"product","2":"type-product","3":"status-publish","4":"has-post-thumbnail","6":"product_cat-slodes-femme","7":"product_cat-femme","8":"product_cat-t-shirts-col-rond-femme","10":"first","11":"instock","12":"sale","13":"shipping-taxable","14":"purchasable","15":"product-type-variable"},"_links":{"self":[{"href":"https:\/\/harlem-lifestyle.com\/de\/wp-json\/wp\/v2\/product\/8846","targetHints":{"allow":["GET"]}}],"collection":[{"href":"https:\/\/harlem-lifestyle.com\/de\/wp-json\/wp\/v2\/product"}],"about":[{"href":"https:\/\/harlem-lifestyle.com\/de\/wp-json\/wp\/v2\/types\/product"}],"wp:featuredmedia":[{"embeddable":true,"href":"https:\/\/harlem-lifestyle.com\/de\/wp-json\/wp\/v2\/media\/40624"}],"wp:attachment":[{"href":"https:\/\/harlem-lifestyle.com\/de\/wp-json\/wp\/v2\/media?parent=8846"}],"wp:term":[{"taxonomy":"product_brand","embeddable":true,"href":"https:\/\/harlem-lifestyle.com\/de\/wp-json\/wp\/v2\/product_brand?post=8846"},{"taxonomy":"product_cat","embeddable":true,"href":"https:\/\/harlem-lifestyle.com\/de\/wp-json\/wp\/v2\/product_cat?post=8846"},{"taxonomy":"product_tag","embeddable":true,"href":"https:\/\/harlem-lifestyle.com\/de\/wp-json\/wp\/v2\/product_tag?post=8846"}],"curies":[{"name":"wp","href":"https:\/\/api.w.org\/{rel}","templated":true}]}}