{"id":42,"date":"2011-08-01T13:15:33","date_gmt":"2011-08-01T11:15:33","guid":{"rendered":"http:\/\/harlem-lifestyle.com\/?page_id=42"},"modified":"2024-01-21T15:15:37","modified_gmt":"2024-01-21T14:15:37","slug":"secure-payment","status":"publish","type":"page","link":"https:\/\/harlem-lifestyle.com\/en\/secure-payment\/","title":{"rendered":"Secure payments"},"content":{"rendered":"<h3>Secure online payment by credit card <em>Payplug<\/em> or <em>Paypal<\/em><\/h3>\n<p>With this solution, your order is processed immediately. Cards accepted are: CB, Visa, MasterCard. Payment is completely secure and we have no access to any of your bank details, which will only be transmitted encrypted to the Payplug or PayPal payment module and for the transaction only.<\/p>\n<p>We provide you with a payment system on a secure server (PCI-DSS certified), which guarantees the confidentiality of information by means of protection and encryption procedures.<\/p>\n<p>Your credit card number does not pass unencrypted over the network; it is systematically encrypted. This number is not stored on our servers.<\/p>\n<h3>Find out more about\u00a0<strong><em>Payplug<\/em><\/strong><\/h3>\n<p>Natixis est devenu l&rsquo;actionnaire majoritaire de PayPlug en avril 2017.<\/p>\n<p>About Natixis Payments :<\/p>\n<p>As a payments technology player, Natixis Payments offers customised, user-oriented solutions to the retail sector, companies, SMEs, public authorities, associations, financial institutions, fintechs and individuals in Europe.<\/p>\n<p>Filiale du Groupe BPCE, Natixis Payments s&rsquo;appuie \u00e0 la fois sur un socle technologique robuste, sur ses fintechs et ses \u00e9quipes d&rsquo;experts pour d\u00e9velopper une gamme compl\u00e8te de solutions, en interne et avec des partenaires soigneusement s\u00e9lectionn\u00e9s. Elle intervient sur l&rsquo;ensemble de la cha\u00eene de valeur des paiements, de l&rsquo;\u00e9mission \u00e0 l&rsquo;acquisition, de l&rsquo;e-paiement aux portemonnaies \u00e9lectroniques, en passant par les cartes pr\u00e9pay\u00e9es.<\/p>\n<p>The first to operate Apple Pay, Samsung Pay and instant payment in France and the leading Visa card issuer in continental Europe, Natixis Payments manages 23 million cards and more than 8 billion transactions a year.<\/p>\n<h3>Payment with your account\u00a0<strong><em>PayPal<\/em><\/strong>\u00a0directly<\/h3>\n<p>With this solution, your order is processed immediately. Payment is made securely by connecting directly to your usual PayPal account. You do not provide your credit card details.<\/p>\n<h3>Find out more about\u00a0<strong><em>PayPal<\/em><\/strong><\/h3>\n<p>The undisputed leader in online payment,\u00a0<strong><em>PayPal<\/em><\/strong>\u00a0allows buyers and sellers to send and receive payments online. PayPal has more than 100 million accounts in 190 countries and regions around the world.<\/p>\n<p>It is accepted by all merchants and helps protect your credit card information with the best security and fraud prevention systems on the market.\u00a0<strong>When you use PayPal, your financial information is never shared with the merchant.<\/strong>. Make purchases or send payments with\u00a0<strong><em>PayPal<\/em><\/strong>\u00a0it's free. Buy and pay with complete peace of mind.\u00a0<strong><em>PayPal<\/em><\/strong>\u00a0is accepted by millions of merchants worldwide and is the most widely used payment method on eBay.<\/p>","protected":false},"excerpt":{"rendered":"<p>Secure online payment by credit card using Payplug or Paypal With this solution, your order is processed immediately. The<\/p>","protected":false},"author":2,"featured_media":0,"parent":0,"menu_order":21,"comment_status":"closed","ping_status":"closed","template":"","meta":{"footnotes":""},"class_list":["post-42","page","type-page","status-publish","hentry"],"_links":{"self":[{"href":"https:\/\/harlem-lifestyle.com\/en\/wp-json\/wp\/v2\/pages\/42","targetHints":{"allow":["GET"]}}],"collection":[{"href":"https:\/\/harlem-lifestyle.com\/en\/wp-json\/wp\/v2\/pages"}],"about":[{"href":"https:\/\/harlem-lifestyle.com\/en\/wp-json\/wp\/v2\/types\/page"}],"author":[{"embeddable":true,"href":"https:\/\/harlem-lifestyle.com\/en\/wp-json\/wp\/v2\/users\/2"}],"replies":[{"embeddable":true,"href":"https:\/\/harlem-lifestyle.com\/en\/wp-json\/wp\/v2\/comments?post=42"}],"version-history":[{"count":1,"href":"https:\/\/harlem-lifestyle.com\/en\/wp-json\/wp\/v2\/pages\/42\/revisions"}],"predecessor-version":[{"id":40221,"href":"https:\/\/harlem-lifestyle.com\/en\/wp-json\/wp\/v2\/pages\/42\/revisions\/40221"}],"wp:attachment":[{"href":"https:\/\/harlem-lifestyle.com\/en\/wp-json\/wp\/v2\/media?parent=42"}],"curies":[{"name":"wp","href":"https:\/\/api.w.org\/{rel}","templated":true}]}}