{"id":9145,"date":"2017-08-19T12:26:25","date_gmt":"2017-08-19T10:26:25","guid":{"rendered":"http:\/\/harlem-lifestyle.com\/?page_id=9145"},"modified":"2025-07-27T15:37:59","modified_gmt":"2025-07-27T13:37:59","slug":"legal-information","status":"publish","type":"page","link":"https:\/\/harlem-lifestyle.com\/en\/legal-information\/","title":{"rendered":"Legal information"},"content":{"rendered":"<h1>Legal information<\/h1>\n<p>Please read these terms of use carefully before using this site. By connecting to this site, you accept these terms and conditions without reservation. Also, in accordance with article 6 of Law no. 2004-575 of 21 June 2004 on confidence in the digital economy, the managers of this website <a href=\"http:\/\/harlem-lifestyle.com\/en\/\">harlem-lifestyle.com\/en\/<\/a> are :<\/p>\n<p style=\"color: #b51a00;\"><span style=\"color: #000000;\"><b>Site editor : <\/b><\/span><\/p>\n<p>Harlem Lifestyle. SIRET number: 910217223<br \/>\nEditorial manager: Harlem Lifestyle.<br \/>\n47 avenue Pierre Ziller 06700 Saint Laurent du Var<br \/>\nEmail : contact@harlem-lifestyle.com<br \/>\nWebsite : <a href=\"http:\/\/harlem-lifestyle.com\/en\/\">harlem-lifestyle.com<\/a><\/p>\n<p style=\"color: #b51a00;\"><b><span style=\"color: #000000;\">Accommodation :<\/span> <\/b><\/p>\n<p>Host : OVH<br \/>\n2 rue Kellermann - BP 80157 59053 ROUBAIX CEDEX 1<br \/>\nWebsite : <a href=\"http:\/\/www.ovh.com\/fr\/\" target=\"_blank\" rel=\"noopener\">www.ovh.com\/fr\/<\/a><\/p>\n<p style=\"color: #b51a00;\"><span style=\"color: #000000;\"><b>Development<\/b><b> : <\/b><\/span><\/p>\n<p>Harlem Lifestyle<br \/>\nAddress: 47 avenue Pierre Ziller 06700 Saint Laurent du Var<br \/>\nWebsite : <a href=\"http:\/\/harlem-lifestyle.com\/en\/\">harlem-lifestyle.com<\/a><\/p>\n<p style=\"color: #b51a00;\"><span style=\"color: #000000;\"><b>Terms and conditions of use : <\/b><\/span><\/p>\n<p>This site (<a href=\"http:\/\/harlem-lifestyle.com\/en\/\">harlem-lifestyle.com<\/a>) est propos\u00e9 en diff\u00e9rents langages web (HTML, HTML5, Javascript, CSS, etc\u2026) pour un meilleur confort d&rsquo;utilisation et un graphisme plus agr\u00e9able, nous vous recommandons de recourir \u00e0 des navigateurs modernes comme Internet explorer, Safari, Firefox, Google Chrome, etc\u2026<\/p>\n<p><span style=\"color: #323333;\">Harlem Lifestyle<b>\u00a0<\/b><\/span>met en \u0153uvre tous les moyens dont elle dispose, pour assurer une information fiable et une mise \u00e0 jour fiable de ses sites internet. Toutefois, des erreurs ou omissions peuvent survenir. L&rsquo;internaute devra donc s&rsquo;assurer de l&rsquo;exactitude des informations aupr\u00e8s de , et signaler toutes modifications du site qu&rsquo;il jugerait utile. n&rsquo;est en aucun cas responsable de l&rsquo;utilisation faite de ces informations, et de tout pr\u00e9judice direct ou indirect pouvant en d\u00e9couler.<\/p>\n<p><b>Cookies<\/b> The site <a href=\"http:\/\/harlem-lifestyle.com\/en\/\">harlem-lifestyle.com<\/a> peut-\u00eatre amen\u00e9 \u00e0 vous demander l\u2019acceptation des cookies pour des besoins de statistiques et d&rsquo;affichage. Un cookies est une information d\u00e9pos\u00e9e sur votre disque dur par le serveur du site que vous visitez. Il contient plusieurs donn\u00e9es qui sont stock\u00e9es sur votre ordinateur dans un simple fichier texte auquel un serveur acc\u00e8de pour lire et enregistrer des informations . Certaines parties de ce site ne peuvent \u00eatre fonctionnelles sans l\u2019acceptation de cookies.<\/p>\n<p><b>Hyperlinks :<\/b> Our websites may provide links to other websites or other resources available on the Internet. <span style=\"color: #323333;\">Harlem Lifestyle<\/span>\u00a0ne dispose d&rsquo;aucun moyen pour contr\u00f4ler les sites en connexion avec ses sites internet. ne r\u00e9pond pas de la disponibilit\u00e9 de tels sites et sources externes, ni ne la garantit. Elle ne peut \u00eatre tenue pour responsable de tout dommage, de quelque nature que ce soit, r\u00e9sultant du contenu de ces sites ou sources externes, et notamment des informations, produits ou services qu\u2019ils proposent, ou de tout usage qui peut \u00eatre fait de ces \u00e9l\u00e9ments. Les risques li\u00e9s \u00e0 cette utilisation incombent pleinement \u00e0 l&rsquo;internaute, qui doit se conformer \u00e0 leurs conditions d&rsquo;utilisation.<\/p>\n<p>Les utilisateurs, les abonn\u00e9s et les visiteurs des sites internet de ne peuvent mettre en place un hyperlien en direction de ce site sans l&rsquo;autorisation expresse et pr\u00e9alable de <span style=\"color: #323333;\">Harlem Lifestyle<\/span>.<\/p>\n<p>Dans l&rsquo;hypoth\u00e8se o\u00f9 un utilisateur ou visiteur souhaiterait mettre en place un hyperlien en direction d\u2019un des sites internet de <span style=\"color: #323333;\">Harlem Lifestyle<\/span>, il lui appartiendra d&rsquo;adresser un email accessible sur le site afin de formuler sa demande de mise en place d&rsquo;un hyperlien. <span style=\"color: #323333;\">Harlem Lifestyle<\/span>\u00a0reserves the right to accept or refuse a hyperlink without having to justify its decision.<\/p>\n<p style=\"color: #b51a00;\"><span style=\"color: #000000;\"><b>Services provided : <\/b><\/span><\/p>\n<p style=\"color: #323333;\">L&rsquo;ensemble des activit\u00e9s de la soci\u00e9t\u00e9 ainsi que ses informations sont pr\u00e9sent\u00e9s sur notre site <a href=\"http:\/\/harlem-lifestyle.com\/en\/\">harlem-lifestyle.com<\/a>.<\/p>\n<p style=\"color: #323333;\"><span style=\"color: #323333;\">Harlem Lifestyle<\/span>\u00a0makes every effort to provide the most accurate information possible on the harlem-lifestyle.com\/en\/ website. <a href=\"http:\/\/harlem-lifestyle.com\/en\/\">harlem-lifestyle.com<\/a> ne sont pas exhaustifs et les photos non contractuelles. Ils sont donn\u00e9s sous r\u00e9serve de modifications ayant \u00e9t\u00e9 apport\u00e9es depuis leur mise en ligne. Par ailleurs, tous les informations indiqu\u00e9es sur le site harlem-lifestyle.com<b>\u00a0<\/b>are given for information only and are subject to change or development without notice.<\/p>\n<p style=\"color: #b51a00;\"><span style=\"color: #000000;\"><b>Contractual limitations on data : <\/b><\/span><\/p>\n<p>The information contained on this site is as accurate as possible and the site is updated at different times of the year, but may contain inaccuracies or omissions. If you notice a gap, error or what appears to be a malfunction, please report it by email to contact@harlem-lifestyle.com, describing the problem as precisely as possible (page causing the problem, type of computer and browser used, etc.).<\/p>\n<p>Tout contenu t\u00e9l\u00e9charg\u00e9 se fait aux risques et p\u00e9rils de l&rsquo;utilisateur et sous sa seule responsabilit\u00e9. En cons\u00e9quence, ne saurait \u00eatre tenu responsable d&rsquo;un quelconque dommage subi par l&rsquo;ordinateur de l&rsquo;utilisateur ou d&rsquo;une quelconque perte de donn\u00e9es cons\u00e9cutives au t\u00e9l\u00e9chargement. <span style=\"color: #323333;\">In addition, users of the site undertake to access the site using recent, virus-free equipment with the latest updated browser.<\/span><\/p>\n<p>Les liens hypertextes mis en place dans le cadre du pr\u00e9sent site internet en direction d&rsquo;autres ressources pr\u00e9sentes sur le r\u00e9seau Internet ne sauraient engager la responsabilit\u00e9 de <span style=\"color: #323333;\">Harlem Lifestyle.\u00a0<\/span><\/p>\n<p style=\"color: #b51a00;\"><span style=\"color: #000000;\"><b>Intellectual property :<\/b><\/span><\/p>\n<p>All content on the site <a href=\"http:\/\/harlem-lifestyle.com\/en\/\">harlem-lifestyle.com <\/a>, incluant, de fa\u00e7on non limitative, les graphismes, images, textes, vid\u00e9os, animations, sons, logos, gifs et ic\u00f4nes ainsi que leur mise en forme sont la propri\u00e9t\u00e9 exclusive de la soci\u00e9t\u00e9 \u00e0 l&rsquo;exception des marques, logos ou contenus appartenant \u00e0 d&rsquo;autres soci\u00e9t\u00e9s partenaires ou auteurs.<\/p>\n<p>Toute reproduction, distribution, modification, adaptation, retransmission ou publication, m\u00eame partielle, de ces diff\u00e9rents \u00e9l\u00e9ments est strictement interdite sans l&rsquo;accord expr\u00e8s par \u00e9crit de la soci\u00e9t\u00e9\u00a0 Harlem Lifestyle. Cette repr\u00e9sentation ou reproduction, par quelque proc\u00e9d\u00e9 que ce soit, constitue une contrefa\u00e7on sanctionn\u00e9e par les articles L.335-2 et suivants du Code de la propri\u00e9t\u00e9 intellectuelle. Le non-respect de cette interdiction constitue une contrefa\u00e7on pouvant engager la responsabilit\u00e9 civile et p\u00e9nale du contrefacteur. En outre, les propri\u00e9taires des Contenus copi\u00e9s pourraient intenter une action en justice \u00e0 votre encontre.<\/p>\n<p style=\"color: #b51a00;\"><span style=\"color: #000000;\"><b>Declaration to the CNIL : <\/b><\/span><\/p>\n<p>Conform\u00e9ment \u00e0 la loi 78-17 du 6 janvier 1978 (modifi\u00e9e par la loi 2004-801 du 6 ao\u00fbt 2004 relative \u00e0 la protection des personnes physiques \u00e0 l&rsquo;\u00e9gard des traitements de donn\u00e9es \u00e0 caract\u00e8re personnel) relative \u00e0 l&rsquo;informatique, aux fichiers et aux libert\u00e9s, ce site n&rsquo;a pas fait l&rsquo;objet d&rsquo;une d\u00e9claration aupr\u00e8s de la Commission nationale de l&rsquo;informatique et des libert\u00e9s (<a href=\"http:\/\/www.cnil.fr\/\" target=\"_blank\" rel=\"noopener\">www.cnil.fr<\/a>).<\/p>\n<p style=\"color: #b51a00;\"><span style=\"color: #000000;\"><b>Disputes : <\/b><\/span><\/p>\n<p>These site conditions <a href=\"http:\/\/harlem-lifestyle.com\/en\/\">harlem-lifestyle.com<\/a> sont r\u00e9gies par les lois fran\u00e7aises et toute contestation ou litiges qui pourraient na\u00eetre de l&rsquo;interpr\u00e9tation ou de l&rsquo;ex\u00e9cution de celles-ci seront de la comp\u00e9tence exclusive des tribunaux dont d\u00e9pend le si\u00e8ge social de la soci\u00e9t\u00e9. La langue de r\u00e9f\u00e9rence, pour le r\u00e8glement de contentieux \u00e9ventuels, est le fran\u00e7ais.<\/p>\n<p style=\"color: #b51a00;\"><span style=\"color: #000000;\"><b>Personal data:<\/b><\/span><\/p>\n<p>In general, you are not obliged to provide us with your personal data when you visit our website. <a href=\"http:\/\/harlem-lifestyle.com\/en\/\">harlem-lifestyle.com<\/a>.<\/p>\n<p>However, there are certain exceptions to this principle. For certain services offered by our site, you may be asked to provide us with certain data such as: your name, your job title, the name of your company, your e-mail address and your telephone number. This is the case when you fill in the online form in the \"contact\" section. In all cases, you may refuse to provide your personal data. In this case, you will not be able to use the site's services, in particular to request information about our company or to receive our newsletters.<\/p>\n<p>Enfin, nous pouvons collecter de mani\u00e8re automatique certaines informations vous concernant lors d\u2019une simple navigation sur notre site Internet, notamment : des informations concernant l\u2019utilisation de notre site, comme les zones que vous visitez et les services auxquels vous acc\u00e9dez, votre adresse IP, le type de votre navigateur, vos temps d&rsquo;acc\u00e8s. De telles informations sont utilis\u00e9es exclusivement \u00e0 des fins de statistiques internes, de mani\u00e8re \u00e0 am\u00e9liorer la qualit\u00e9 des services qui vous sont propos\u00e9s. Les bases de donn\u00e9es sont prot\u00e9g\u00e9es par les dispositions de la loi du 1er juillet 1998 transposant la directive 96\/9 du 11 mars 1996 relative \u00e0 la protection juridique des bases de donn\u00e9es.<\/p>","protected":false},"excerpt":{"rendered":"<p>Legal information Please read the various terms and conditions of use of this site carefully before browsing its pages. Visit<\/p>","protected":false},"author":2,"featured_media":0,"parent":0,"menu_order":6,"comment_status":"closed","ping_status":"closed","template":"","meta":{"footnotes":""},"class_list":["post-9145","page","type-page","status-publish","hentry"],"_links":{"self":[{"href":"https:\/\/harlem-lifestyle.com\/en\/wp-json\/wp\/v2\/pages\/9145","targetHints":{"allow":["GET"]}}],"collection":[{"href":"https:\/\/harlem-lifestyle.com\/en\/wp-json\/wp\/v2\/pages"}],"about":[{"href":"https:\/\/harlem-lifestyle.com\/en\/wp-json\/wp\/v2\/types\/page"}],"author":[{"embeddable":true,"href":"https:\/\/harlem-lifestyle.com\/en\/wp-json\/wp\/v2\/users\/2"}],"replies":[{"embeddable":true,"href":"https:\/\/harlem-lifestyle.com\/en\/wp-json\/wp\/v2\/comments?post=9145"}],"version-history":[{"count":3,"href":"https:\/\/harlem-lifestyle.com\/en\/wp-json\/wp\/v2\/pages\/9145\/revisions"}],"predecessor-version":[{"id":50646,"href":"https:\/\/harlem-lifestyle.com\/en\/wp-json\/wp\/v2\/pages\/9145\/revisions\/50646"}],"wp:attachment":[{"href":"https:\/\/harlem-lifestyle.com\/en\/wp-json\/wp\/v2\/media?parent=9145"}],"curies":[{"name":"wp","href":"https:\/\/api.w.org\/{rel}","templated":true}]}}