{"id":40749,"date":"2024-01-26T08:56:48","date_gmt":"2024-01-26T07:56:48","guid":{"rendered":"https:\/\/harlem-lifestyle.com\/?post_type=product&#038;p=40749"},"modified":"2025-08-29T23:03:37","modified_gmt":"2025-08-29T21:03:37","slug":"t-shirt-pooping-f","status":"publish","type":"product","link":"https:\/\/harlem-lifestyle.com\/en\/product\/t-shirt-pooping-f\/","title":{"rendered":"Pooping T-shirt - F"},"content":{"rendered":"<p>Ce T-shirt femme est fabriqu\u00e9 en 100% coton pour les couleurs blanche ou autres et en 90% coton et 10% viscose pour la couleur grise, avec un col rond et des manches courtes. Bande de propret\u00e9 au col. Mati\u00e8re r\u00e9sistante et toucher ultra-doux. Le motif repr\u00e9sente un chat et l&rsquo;expression \u00ab\u00a0are you pooping\u00a0\u00bb.<\/p>","protected":false},"excerpt":{"rendered":"<p>This 190g women's T-shirt is made from 100% cotton, with a round neck and short sleeves. It has a lining strip on the collar. Durable fabric with an ultra-soft feel. Its slightly oversized cut will keep you comfortable all day long.<\/p>\n<p>\u25aa Short-sleeved T-shirt<br \/>\n\u25aa Round neck<br \/>\n\u25aa Collar cleanliness strip<br \/>\n\u25aa Durable material and ultra-soft feel<br \/>\n\u25aa Slightly oversized cut<br \/>\n\u25aa 190g\/m\u00b2<br \/>\n\u25aa imprim\u00e9 \u00ab\u00a0are you pooping\u00a0\u00bb<\/p>","protected":false},"featured_media":40744,"template":"","meta":[],"product_brand":[],"product_cat":[96,97],"product_tag":[],"class_list":{"0":"post-40749","1":"product","2":"type-product","3":"status-publish","4":"has-post-thumbnail","6":"product_cat-femme","7":"product_cat-t-shirts-col-rond-femme","9":"first","10":"instock","11":"sale","12":"shipping-taxable","13":"purchasable","14":"product-type-variable"},"_links":{"self":[{"href":"https:\/\/harlem-lifestyle.com\/en\/wp-json\/wp\/v2\/product\/40749","targetHints":{"allow":["GET"]}}],"collection":[{"href":"https:\/\/harlem-lifestyle.com\/en\/wp-json\/wp\/v2\/product"}],"about":[{"href":"https:\/\/harlem-lifestyle.com\/en\/wp-json\/wp\/v2\/types\/product"}],"wp:featuredmedia":[{"embeddable":true,"href":"https:\/\/harlem-lifestyle.com\/en\/wp-json\/wp\/v2\/media\/40744"}],"wp:attachment":[{"href":"https:\/\/harlem-lifestyle.com\/en\/wp-json\/wp\/v2\/media?parent=40749"}],"wp:term":[{"taxonomy":"product_brand","embeddable":true,"href":"https:\/\/harlem-lifestyle.com\/en\/wp-json\/wp\/v2\/product_brand?post=40749"},{"taxonomy":"product_cat","embeddable":true,"href":"https:\/\/harlem-lifestyle.com\/en\/wp-json\/wp\/v2\/product_cat?post=40749"},{"taxonomy":"product_tag","embeddable":true,"href":"https:\/\/harlem-lifestyle.com\/en\/wp-json\/wp\/v2\/product_tag?post=40749"}],"curies":[{"name":"wp","href":"https:\/\/api.w.org\/{rel}","templated":true}]}}