{"id":51773,"date":"2025-11-15T18:29:01","date_gmt":"2025-11-15T17:29:01","guid":{"rendered":"https:\/\/harlem-lifestyle.com\/?post_type=product&#038;p=51773"},"modified":"2026-03-01T19:51:31","modified_gmt":"2026-03-01T18:51:31","slug":"t-shirt-skull-papillons-v-f","status":"publish","type":"product","link":"https:\/\/harlem-lifestyle.com\/en\/product\/t-shirt-skull-papillons-v-f\/","title":{"rendered":"T-shirt Skull papillons &#8211; V &#8211; F"},"content":{"rendered":"<p>Ce T-shirt femme est fabriqu\u00e9 en 100% coton, avec un col V et des manches courtes. Bande de propret\u00e9 au col. Mati\u00e8re r\u00e9sistante et toucher ultra-doux. Le motif repr\u00e9sente une t\u00eate de mort en papillons.<\/p>","protected":false},"excerpt":{"rendered":"<p>Ce T-shirt femme est fabriqu\u00e9 en 100% coton avec un col v et des manches courtes. Bande de propret\u00e9 au col. Mati\u00e8re r\u00e9sistante et toucher ultra-doux. Sa coupe est droite.<\/p>\n<p>\u25aa Short-sleeved T-shirt<br \/>\n\u25aa Col V c\u00f4tel\u00e9<br \/>\n\u25aa White: 100 % Cotton<br \/>\n\u25aa Grey: 85% Cotton \/ 15% Viscose<br \/>\n\u25aa Collar cleanliness strip<br \/>\n\u25aa Durable material and ultra-soft feel<br \/>\n\u25aa Straight cut<br \/>\n\u25aa Imprim\u00e9 t\u00eate de mort papillons<\/p>","protected":false},"featured_media":51782,"template":"","meta":[],"product_brand":[],"product_cat":[96,243],"product_tag":[],"class_list":{"0":"post-51773","1":"product","2":"type-product","3":"status-publish","4":"has-post-thumbnail","6":"product_cat-femme","7":"product_cat-t-shirt-col-v","9":"first","10":"instock","11":"sale","12":"shipping-taxable","13":"purchasable","14":"product-type-variable"},"_links":{"self":[{"href":"https:\/\/harlem-lifestyle.com\/en\/wp-json\/wp\/v2\/product\/51773","targetHints":{"allow":["GET"]}}],"collection":[{"href":"https:\/\/harlem-lifestyle.com\/en\/wp-json\/wp\/v2\/product"}],"about":[{"href":"https:\/\/harlem-lifestyle.com\/en\/wp-json\/wp\/v2\/types\/product"}],"wp:featuredmedia":[{"embeddable":true,"href":"https:\/\/harlem-lifestyle.com\/en\/wp-json\/wp\/v2\/media\/51782"}],"wp:attachment":[{"href":"https:\/\/harlem-lifestyle.com\/en\/wp-json\/wp\/v2\/media?parent=51773"}],"wp:term":[{"taxonomy":"product_brand","embeddable":true,"href":"https:\/\/harlem-lifestyle.com\/en\/wp-json\/wp\/v2\/product_brand?post=51773"},{"taxonomy":"product_cat","embeddable":true,"href":"https:\/\/harlem-lifestyle.com\/en\/wp-json\/wp\/v2\/product_cat?post=51773"},{"taxonomy":"product_tag","embeddable":true,"href":"https:\/\/harlem-lifestyle.com\/en\/wp-json\/wp\/v2\/product_tag?post=51773"}],"curies":[{"name":"wp","href":"https:\/\/api.w.org\/{rel}","templated":true}]}}