{"id":52224,"date":"2025-12-07T13:46:15","date_gmt":"2025-12-07T12:46:15","guid":{"rendered":"https:\/\/harlem-lifestyle.com\/?post_type=product&#038;p=52224"},"modified":"2026-03-01T20:26:15","modified_gmt":"2026-03-01T19:26:15","slug":"t-shirt-cat-bandidos-h","status":"publish","type":"product","link":"https:\/\/harlem-lifestyle.com\/en\/product\/t-shirt-cat-bandidos-h\/","title":{"rendered":"T-shirt Cat Bandidos &#8211; H"},"content":{"rendered":"<p>Ce T-shirt homme est fabriqu\u00e9 en 100% coton, avec un col rond et des manches courtes. Bande de propret\u00e9 au col. Mati\u00e8re r\u00e9sistante et toucher ultra-doux. Le motif repr\u00e9sente un chat portant un bandana.<\/p>","protected":false},"excerpt":{"rendered":"<p>This men's T-shirt is made from 100% cotton for white or other colours and 90% cotton and 10% viscose for grey, with a round neck and short sleeves. Banded collar. Hard-wearing, 190g fabric with an ultra-soft feel.<\/p>\n<p>\u25aa White short-sleeved T-shirt<br \/>\n\u25aa Round neck<br \/>\n\u25aa Collar cleanliness strip<br \/>\n\u25aa Durable material and ultra-soft feel<br \/>\n\u25aa 190g\/m\u00b2<br \/>\n\u25aa Straight cut<br \/>\n\u25aa 100 % White or other combed cotton<br \/>\n\u25aa 90 % Cotton 10 % Viscose in grey<br \/>\n\u25aa imprim\u00e9 chat avec bandana<\/p>","protected":false},"featured_media":52285,"template":"","meta":[],"product_brand":[],"product_cat":[427,421,92,93],"product_tag":[],"class_list":{"0":"post-52224","1":"product","2":"type-product","3":"status-publish","4":"has-post-thumbnail","6":"product_cat-soldes-homme","7":"product_cat-new-arrivals-homme","8":"product_cat-homme","9":"product_cat-t-shirts-col-rond-homme","11":"first","12":"instock","13":"sale","14":"featured","15":"shipping-taxable","16":"purchasable","17":"product-type-variable"},"_links":{"self":[{"href":"https:\/\/harlem-lifestyle.com\/en\/wp-json\/wp\/v2\/product\/52224","targetHints":{"allow":["GET"]}}],"collection":[{"href":"https:\/\/harlem-lifestyle.com\/en\/wp-json\/wp\/v2\/product"}],"about":[{"href":"https:\/\/harlem-lifestyle.com\/en\/wp-json\/wp\/v2\/types\/product"}],"wp:featuredmedia":[{"embeddable":true,"href":"https:\/\/harlem-lifestyle.com\/en\/wp-json\/wp\/v2\/media\/52285"}],"wp:attachment":[{"href":"https:\/\/harlem-lifestyle.com\/en\/wp-json\/wp\/v2\/media?parent=52224"}],"wp:term":[{"taxonomy":"product_brand","embeddable":true,"href":"https:\/\/harlem-lifestyle.com\/en\/wp-json\/wp\/v2\/product_brand?post=52224"},{"taxonomy":"product_cat","embeddable":true,"href":"https:\/\/harlem-lifestyle.com\/en\/wp-json\/wp\/v2\/product_cat?post=52224"},{"taxonomy":"product_tag","embeddable":true,"href":"https:\/\/harlem-lifestyle.com\/en\/wp-json\/wp\/v2\/product_tag?post=52224"}],"curies":[{"name":"wp","href":"https:\/\/api.w.org\/{rel}","templated":true}]}}