{"id":53228,"date":"2026-01-17T21:08:28","date_gmt":"2026-01-17T20:08:28","guid":{"rendered":"https:\/\/harlem-lifestyle.com\/?post_type=product&#038;p=53228"},"modified":"2026-03-01T20:02:49","modified_gmt":"2026-03-01T19:02:49","slug":"t-shirt-batard-sensible-f","status":"publish","type":"product","link":"https:\/\/harlem-lifestyle.com\/en\/product\/t-shirt-batard-sensible-f\/","title":{"rendered":"T-shirt B\u00e2tard sensible &#8211; F"},"content":{"rendered":"<p>Ce T-shirt femme est fabriqu\u00e9 en 100% coton, avec un col rond et des manches courtes. Bande de propret\u00e9 au col. Mati\u00e8re r\u00e9sistante et toucher ultra-doux. Le motif repr\u00e9sente l&rsquo;inscription b\u00e2tard sensible.<\/p>","protected":false},"excerpt":{"rendered":"<p>This women's T-shirt is made from 100% cotton for white or other colours and 90% cotton and 10% viscose for grey, with a round neck and short sleeves. Banded collar. Hard-wearing, 190g fabric with an ultra-soft feel.<\/p>\n<p>\u25aa White short-sleeved T-shirt<br \/>\n\u25aa Round neck<br \/>\n\u25aa Collar cleanliness strip<br \/>\n\u25aa Durable material and ultra-soft feel<br \/>\n\u25aa 190g\/m\u00b2<br \/>\n\u25aa Straight cut<br \/>\n\u25aa 100 % White or other combed cotton<br \/>\n\u25aa 90 % Cotton 10 % Viscose in grey<br \/>\n\u25aa imprim\u00e9 b\u00e2tard sensible<\/p>","protected":false},"featured_media":53200,"template":"","meta":[],"product_brand":[],"product_cat":[422,96,97],"product_tag":[],"class_list":{"0":"post-53228","1":"product","2":"type-product","3":"status-publish","4":"has-post-thumbnail","6":"product_cat-new-arrivals-femme","7":"product_cat-femme","8":"product_cat-t-shirts-col-rond-femme","10":"first","11":"instock","12":"sale","13":"featured","14":"shipping-taxable","15":"product-type-variable"},"_links":{"self":[{"href":"https:\/\/harlem-lifestyle.com\/en\/wp-json\/wp\/v2\/product\/53228","targetHints":{"allow":["GET"]}}],"collection":[{"href":"https:\/\/harlem-lifestyle.com\/en\/wp-json\/wp\/v2\/product"}],"about":[{"href":"https:\/\/harlem-lifestyle.com\/en\/wp-json\/wp\/v2\/types\/product"}],"wp:featuredmedia":[{"embeddable":true,"href":"https:\/\/harlem-lifestyle.com\/en\/wp-json\/wp\/v2\/media\/53200"}],"wp:attachment":[{"href":"https:\/\/harlem-lifestyle.com\/en\/wp-json\/wp\/v2\/media?parent=53228"}],"wp:term":[{"taxonomy":"product_brand","embeddable":true,"href":"https:\/\/harlem-lifestyle.com\/en\/wp-json\/wp\/v2\/product_brand?post=53228"},{"taxonomy":"product_cat","embeddable":true,"href":"https:\/\/harlem-lifestyle.com\/en\/wp-json\/wp\/v2\/product_cat?post=53228"},{"taxonomy":"product_tag","embeddable":true,"href":"https:\/\/harlem-lifestyle.com\/en\/wp-json\/wp\/v2\/product_tag?post=53228"}],"curies":[{"name":"wp","href":"https:\/\/api.w.org\/{rel}","templated":true}]}}