{"id":8792,"date":"2017-08-13T10:52:00","date_gmt":"2017-08-13T08:52:00","guid":{"rendered":"http:\/\/harlem-lifestyle.com\/?post_type=product&#038;p=8792"},"modified":"2026-03-01T20:02:47","modified_gmt":"2026-03-01T19:02:47","slug":"t-shirt-bambi-round-f","status":"publish","type":"product","link":"https:\/\/harlem-lifestyle.com\/en\/product\/t-shirt-bambi-round-f\/","title":{"rendered":"Bambi T-shirt - F"},"content":{"rendered":"<p>Ce T-shirt femme est fabriqu\u00e9 en 100% coton pour les couleurs blanche ou autres et en 90% coton et 10% viscose pour la couleur grise, avec un col rond et des manches courtes. Bande de propret\u00e9 au col. Mati\u00e8re r\u00e9sistante et toucher ultra-doux. Le motif repr\u00e9sente bambi et l&rsquo;inscription bambi is a son of a biche.<\/p>","protected":false},"excerpt":{"rendered":"<p>This 190g women's T-shirt is made from 100% cotton, with a round neck and short sleeves. It has a lining strip on the collar. Durable fabric with an ultra-soft feel. Its slightly oversized cut will keep you comfortable all day long.<\/p>\n<p>\u25aa Short-sleeved T-shirt<br \/>\n\u25aa Round neck<br \/>\n\u25aa Collar cleanliness strip<br \/>\n\u25aa Durable material and ultra-soft feel<br \/>\n\u25aa Slightly oversized cut<br \/>\n\u25aa 190g\/m\u00b2<br \/>\n\u25aa printed bambi is a son of a biche<\/p>","protected":false},"featured_media":12374,"template":"","meta":[],"product_brand":[],"product_cat":[96,306,97],"product_tag":[],"class_list":{"0":"post-8792","1":"product","2":"type-product","3":"status-publish","4":"has-post-thumbnail","6":"product_cat-femme","7":"product_cat-collectors-femme","8":"product_cat-t-shirts-col-rond-femme","10":"first","11":"instock","12":"sale","13":"shipping-taxable","14":"purchasable","15":"product-type-variable"},"_links":{"self":[{"href":"https:\/\/harlem-lifestyle.com\/en\/wp-json\/wp\/v2\/product\/8792","targetHints":{"allow":["GET"]}}],"collection":[{"href":"https:\/\/harlem-lifestyle.com\/en\/wp-json\/wp\/v2\/product"}],"about":[{"href":"https:\/\/harlem-lifestyle.com\/en\/wp-json\/wp\/v2\/types\/product"}],"wp:featuredmedia":[{"embeddable":true,"href":"https:\/\/harlem-lifestyle.com\/en\/wp-json\/wp\/v2\/media\/12374"}],"wp:attachment":[{"href":"https:\/\/harlem-lifestyle.com\/en\/wp-json\/wp\/v2\/media?parent=8792"}],"wp:term":[{"taxonomy":"product_brand","embeddable":true,"href":"https:\/\/harlem-lifestyle.com\/en\/wp-json\/wp\/v2\/product_brand?post=8792"},{"taxonomy":"product_cat","embeddable":true,"href":"https:\/\/harlem-lifestyle.com\/en\/wp-json\/wp\/v2\/product_cat?post=8792"},{"taxonomy":"product_tag","embeddable":true,"href":"https:\/\/harlem-lifestyle.com\/en\/wp-json\/wp\/v2\/product_tag?post=8792"}],"curies":[{"name":"wp","href":"https:\/\/api.w.org\/{rel}","templated":true}]}}