{"id":9017,"date":"2017-08-13T15:34:15","date_gmt":"2017-08-13T13:34:15","guid":{"rendered":"http:\/\/harlem-lifestyle.com\/?post_type=product&#038;p=9017"},"modified":"2026-03-01T19:54:26","modified_gmt":"2026-03-01T18:54:26","slug":"sweat-life-is-a-biche-f","status":"publish","type":"product","link":"https:\/\/harlem-lifestyle.com\/en\/product\/sweat-life-is-a-biche-f\/","title":{"rendered":"Life is a biche sweatshirt - F"},"content":{"rendered":"<p>Sweat Femme Coupe Droite 270 g\/m\u00b2, 50% Coton 50% Polyester, afin de profiter \u00e0 la fois de la r\u00e9sistance et de la douceur au quotidien. Coutures lat\u00e9rales et double surpiq\u00fbre aux emmanchures et \u00e0 l&rsquo;encolure. le motif repr\u00e9sente l&rsquo;inscription life is a biche<\/p>","protected":false},"excerpt":{"rendered":"<p>270 g\/m\u00b2, 50% Cotton 50% Polyester women's straight-cut sweatshirt, so you can enjoy both durability and softness every day. Side seams and double topstitching on armholes and neckline.<\/p>\n<p>\u25aa Sweat Straight Cut<br \/>\n270 g\/m\u00b2 \u25aa<br \/>\n\u25aa 50% Cotton 50% Polyester<br \/>\n\u25aa Side seams<br \/>\n\u25aa Double topstitching<\/p>","protected":false},"featured_media":35336,"template":"","meta":[],"product_brand":[],"product_cat":[99],"product_tag":[],"class_list":{"0":"post-9017","1":"product","2":"type-product","3":"status-publish","4":"has-post-thumbnail","6":"product_cat-sweats-femme","8":"first","9":"instock","10":"shipping-taxable","11":"purchasable","12":"product-type-variable"},"_links":{"self":[{"href":"https:\/\/harlem-lifestyle.com\/en\/wp-json\/wp\/v2\/product\/9017","targetHints":{"allow":["GET"]}}],"collection":[{"href":"https:\/\/harlem-lifestyle.com\/en\/wp-json\/wp\/v2\/product"}],"about":[{"href":"https:\/\/harlem-lifestyle.com\/en\/wp-json\/wp\/v2\/types\/product"}],"wp:featuredmedia":[{"embeddable":true,"href":"https:\/\/harlem-lifestyle.com\/en\/wp-json\/wp\/v2\/media\/35336"}],"wp:attachment":[{"href":"https:\/\/harlem-lifestyle.com\/en\/wp-json\/wp\/v2\/media?parent=9017"}],"wp:term":[{"taxonomy":"product_brand","embeddable":true,"href":"https:\/\/harlem-lifestyle.com\/en\/wp-json\/wp\/v2\/product_brand?post=9017"},{"taxonomy":"product_cat","embeddable":true,"href":"https:\/\/harlem-lifestyle.com\/en\/wp-json\/wp\/v2\/product_cat?post=9017"},{"taxonomy":"product_tag","embeddable":true,"href":"https:\/\/harlem-lifestyle.com\/en\/wp-json\/wp\/v2\/product_tag?post=9017"}],"curies":[{"name":"wp","href":"https:\/\/api.w.org\/{rel}","templated":true}]}}