{"id":9047,"date":"2017-08-13T15:53:19","date_gmt":"2017-08-13T13:53:19","guid":{"rendered":"http:\/\/harlem-lifestyle.com\/?post_type=product&#038;p=9047"},"modified":"2026-03-01T19:54:30","modified_gmt":"2026-03-01T18:54:30","slug":"sweat-petit-f","status":"publish","type":"product","link":"https:\/\/harlem-lifestyle.com\/en\/product\/sweat-petit-f\/","title":{"rendered":"Sweat Small - F"},"content":{"rendered":"<p>Sweat Femme Coupe Droite 270 g\/m\u00b2, 50% Coton 50% Polyester, afin de profiter \u00e0 la fois de la r\u00e9sistance et de la douceur au quotidien. Coutures lat\u00e9rales et double surpiq\u00fbre aux emmanchures et \u00e0 l&rsquo;encolure.<\/p>","protected":false},"excerpt":{"rendered":"<p>270 g\/m\u00b2, 50% Cotton 50% Polyester women's straight-cut sweatshirt, so you can enjoy both durability and softness every day. Side seams and double topstitching on armholes and neckline.<\/p>\n<p>\u25aa Sweat Straight Cut<br \/>\n270 g\/m\u00b2 \u25aa<br \/>\n\u25aa 50% Cotton 50% Polyester<br \/>\n\u25aa Side seams<br \/>\n\u25aa Double topstitching<\/p>","protected":false},"featured_media":35337,"template":"","meta":[],"product_brand":[],"product_cat":[417,99],"product_tag":[],"class_list":{"0":"post-9047","1":"product","2":"type-product","3":"status-publish","4":"has-post-thumbnail","6":"product_cat-petit","7":"product_cat-sweats-femme","9":"first","10":"instock","11":"shipping-taxable","12":"product-type-variable"},"_links":{"self":[{"href":"https:\/\/harlem-lifestyle.com\/en\/wp-json\/wp\/v2\/product\/9047","targetHints":{"allow":["GET"]}}],"collection":[{"href":"https:\/\/harlem-lifestyle.com\/en\/wp-json\/wp\/v2\/product"}],"about":[{"href":"https:\/\/harlem-lifestyle.com\/en\/wp-json\/wp\/v2\/types\/product"}],"wp:featuredmedia":[{"embeddable":true,"href":"https:\/\/harlem-lifestyle.com\/en\/wp-json\/wp\/v2\/media\/35337"}],"wp:attachment":[{"href":"https:\/\/harlem-lifestyle.com\/en\/wp-json\/wp\/v2\/media?parent=9047"}],"wp:term":[{"taxonomy":"product_brand","embeddable":true,"href":"https:\/\/harlem-lifestyle.com\/en\/wp-json\/wp\/v2\/product_brand?post=9047"},{"taxonomy":"product_cat","embeddable":true,"href":"https:\/\/harlem-lifestyle.com\/en\/wp-json\/wp\/v2\/product_cat?post=9047"},{"taxonomy":"product_tag","embeddable":true,"href":"https:\/\/harlem-lifestyle.com\/en\/wp-json\/wp\/v2\/product_tag?post=9047"}],"curies":[{"name":"wp","href":"https:\/\/api.w.org\/{rel}","templated":true}]}}