{"id":9984,"date":"2017-09-18T17:53:49","date_gmt":"2017-09-18T15:53:49","guid":{"rendered":"http:\/\/harlem-lifestyle.com\/?post_type=product&#038;p=9984"},"modified":"2026-03-01T20:03:09","modified_gmt":"2026-03-01T19:03:09","slug":"t-shirt-finger-round-f","status":"publish","type":"product","link":"https:\/\/harlem-lifestyle.com\/en\/product\/t-shirt-finger-round-f\/","title":{"rendered":"Finger T-shirt - F"},"content":{"rendered":"<p>Ce T-shirt femme est fabriqu\u00e9 en 100% coton, avec un col rond et des manches courtes. Bande de propret\u00e9 au col. Mati\u00e8re r\u00e9sistante et toucher ultra-doux. Le motif repr\u00e9sente une femme faisant un doigt d&rsquo;honneur.<\/p>","protected":false},"excerpt":{"rendered":"<p>This 190g women's T-shirt is made from 100% cotton, with a round neck and short sleeves. It has a lining strip on the collar. Durable fabric with an ultra-soft feel. Its slightly oversized cut will keep you comfortable all day long.<\/p>\n<p>\u25aa Short-sleeved T-shirt<br \/>\n\u25aa Round neck<br \/>\n\u25aa Collar cleanliness strip<br \/>\n\u25aa Durable material and ultra-soft feel<br \/>\n\u25aa Slightly oversized cut<br \/>\n\u25aa 190g\/m\u00b2<br \/>\n\u25aa imprim\u00e9 femme doigt d&rsquo;honneur<\/p>","protected":false},"featured_media":33979,"template":"","meta":[],"product_brand":[],"product_cat":[96,97],"product_tag":[],"class_list":{"0":"post-9984","1":"product","2":"type-product","3":"status-publish","4":"has-post-thumbnail","6":"product_cat-femme","7":"product_cat-t-shirts-col-rond-femme","9":"first","10":"instock","11":"sale","12":"shipping-taxable","13":"purchasable","14":"product-type-variable"},"_links":{"self":[{"href":"https:\/\/harlem-lifestyle.com\/en\/wp-json\/wp\/v2\/product\/9984","targetHints":{"allow":["GET"]}}],"collection":[{"href":"https:\/\/harlem-lifestyle.com\/en\/wp-json\/wp\/v2\/product"}],"about":[{"href":"https:\/\/harlem-lifestyle.com\/en\/wp-json\/wp\/v2\/types\/product"}],"wp:featuredmedia":[{"embeddable":true,"href":"https:\/\/harlem-lifestyle.com\/en\/wp-json\/wp\/v2\/media\/33979"}],"wp:attachment":[{"href":"https:\/\/harlem-lifestyle.com\/en\/wp-json\/wp\/v2\/media?parent=9984"}],"wp:term":[{"taxonomy":"product_brand","embeddable":true,"href":"https:\/\/harlem-lifestyle.com\/en\/wp-json\/wp\/v2\/product_brand?post=9984"},{"taxonomy":"product_cat","embeddable":true,"href":"https:\/\/harlem-lifestyle.com\/en\/wp-json\/wp\/v2\/product_cat?post=9984"},{"taxonomy":"product_tag","embeddable":true,"href":"https:\/\/harlem-lifestyle.com\/en\/wp-json\/wp\/v2\/product_tag?post=9984"}],"curies":[{"name":"wp","href":"https:\/\/api.w.org\/{rel}","templated":true}]}}