{"id":33,"date":"2011-08-01T13:08:16","date_gmt":"2011-08-01T13:08:16","guid":{"rendered":"http:\/\/harlem-lifestyle.com\/?page_id=33"},"modified":"2022-03-03T17:40:25","modified_gmt":"2022-03-03T16:40:25","slug":"c-g-v","status":"publish","type":"page","link":"https:\/\/harlem-lifestyle.com\/es\/c-g-v\/","title":{"rendered":"Condiciones generales"},"content":{"rendered":"<p><em><strong>Pedidos<\/strong><\/em><br \/>\nLa gama de productos presentados en la tienda en l\u00ednea de Harlem Lifestyle constituye una oportunidad para que el cliente haga una oferta de compra a la empresa Harlem Lifestyle en relaci\u00f3n con dichos productos presentes en el sitio. Todos los precios se indican en euros.<\/p>\n<p><em><strong>Entrega y gastos de env\u00edo<\/strong>\u00a0<\/em><br \/>\nEl plazo de entrega suele ser <strong>48 a 72 horas <\/strong>a partir de la fecha del pedido. En caso de defectos aparentes de material o de fabricaci\u00f3n en los art\u00edculos entregados, incluidas las incidencias de transporte, le rogamos que nos lo comunique inmediatamente. La ejecuci\u00f3n o no de esta reclamaci\u00f3n no afecta a sus derechos legales.<\/p>\n<p><em><strong>Pago<\/strong><\/em><br \/>\nPuede elegir pagar con tarjeta de cr\u00e9dito (Visa, MasterCard) o PayPal. Harlem Lifestyle se reserva el derecho de aceptar un n\u00famero limitado de m\u00e9todos de pago en caso de resultado negativo de la comprobaci\u00f3n de direcci\u00f3n y\/o solvencia.<\/p>\n<p><strong><em>Protecci\u00f3n de la intimidad<\/em><\/strong><br \/>\nTodos los datos personales se tratar\u00e1n confidencialmente y se tendr\u00e1 en cuenta la protecci\u00f3n de sus intereses, de conformidad con los requisitos legales.<\/p>\n<p><em><strong>Devoluciones y reclamaciones<\/strong><\/em><br \/>\nEl cliente dispone de 14 d\u00edas a partir de la fecha de entrega para ejercer su derecho de retractaci\u00f3n, e iniciar un procedimiento de devoluci\u00f3n de los art\u00edculos, de conformidad con lo dispuesto en el C\u00f3digo del Consumo, art\u00edculo L 121-20. Para ello, el cliente deber\u00e1 informar a Harlem Lifestyle de su intenci\u00f3n de devolver los productos mediante un correo electr\u00f3nico enviado a contact@harlem-lifestyle.com con el asunto \"devoluci\u00f3n de art\u00edculos\". Los gastos inherentes al reenv\u00edo de los art\u00edculos correr\u00e1n a cargo del cliente. Los productos deben estar en su estado y embalaje originales y devolverse en un plazo de 7 d\u00edas a partir de la entrega. Los gastos de env\u00edo de la devoluci\u00f3n corren a cargo del cliente. Le recomendamos que env\u00ede sus devoluciones por colissimo certificado, ya que esto evita cualquier disputa en relaci\u00f3n con la recepci\u00f3n del paquete. Las devoluciones deben estar claramente identificadas (n\u00famero de pedido, apellidos, nombre y direcci\u00f3n) y dirigidas a :<\/p>\n<p><strong>Harlem Lifestyle<\/strong><br \/>\n<strong>47 avenue Pierre Ziller<\/strong><br \/>\n<strong>06700 Saint-Laurent-du-Var - Francia<\/strong><\/p>\n<p>Harlem Lifestyle se reserva el derecho a rechazar el reembolso de las devoluciones si los art\u00edculos han sido sometidos a un uso prolongado, si se devuelven da\u00f1ados, sucios, sin su embalaje original o en un estado que no permita su venta. La factura de venta original debe adjuntarse a los art\u00edculos devueltos, y es responsabilidad del cliente conservar una copia. Los reembolsos se efectuar\u00e1n directamente a trav\u00e9s de PayPal. En cualquier caso, los gastos de env\u00edo iniciales no se reembolsar\u00e1n y seguir\u00e1n siendo responsabilidad del cliente. Tenga en cuenta que s\u00f3lo podemos aceptar devoluciones de productos que hayan sido adquiridos en la tienda en l\u00ednea de Harlem Lifestyle. Si desea devolver productos adquiridos en otro lugar, p\u00f3ngase en contacto con la tienda donde adquiri\u00f3 los productos originalmente.<\/p>","protected":false},"excerpt":{"rendered":"<p>Pedidos La gama de productos presentada en la tienda en l\u00ednea de Harlem Lifestyle ofrece al cliente la posibilidad de hacernos un pedido.<\/p>","protected":false},"author":2,"featured_media":0,"parent":0,"menu_order":22,"comment_status":"closed","ping_status":"open","template":"template-fullwidth.php","meta":{"footnotes":""},"class_list":["post-33","page","type-page","status-publish","hentry"],"_links":{"self":[{"href":"https:\/\/harlem-lifestyle.com\/es\/wp-json\/wp\/v2\/pages\/33","targetHints":{"allow":["GET"]}}],"collection":[{"href":"https:\/\/harlem-lifestyle.com\/es\/wp-json\/wp\/v2\/pages"}],"about":[{"href":"https:\/\/harlem-lifestyle.com\/es\/wp-json\/wp\/v2\/types\/page"}],"author":[{"embeddable":true,"href":"https:\/\/harlem-lifestyle.com\/es\/wp-json\/wp\/v2\/users\/2"}],"replies":[{"embeddable":true,"href":"https:\/\/harlem-lifestyle.com\/es\/wp-json\/wp\/v2\/comments?post=33"}],"version-history":[{"count":0,"href":"https:\/\/harlem-lifestyle.com\/es\/wp-json\/wp\/v2\/pages\/33\/revisions"}],"wp:attachment":[{"href":"https:\/\/harlem-lifestyle.com\/es\/wp-json\/wp\/v2\/media?parent=33"}],"curies":[{"name":"wp","href":"https:\/\/api.w.org\/{rel}","templated":true}]}}