{"id":42,"date":"2011-08-01T13:15:33","date_gmt":"2011-08-01T11:15:33","guid":{"rendered":"http:\/\/harlem-lifestyle.com\/?page_id=42"},"modified":"2024-01-21T15:15:37","modified_gmt":"2024-01-21T14:15:37","slug":"paiement-securise","status":"publish","type":"page","link":"https:\/\/harlem-lifestyle.com\/es\/pago-seguro\/","title":{"rendered":"Pagos seguros"},"content":{"rendered":"<h3>Pago seguro en l\u00ednea con tarjeta de cr\u00e9dito <em>Payplug<\/em> o <em>Paypal<\/em><\/h3>\n<p>Con esta soluci\u00f3n, su pedido se procesa inmediatamente. Las tarjetas aceptadas son: CB, Visa, MasterCard. El pago es totalmente seguro y no tenemos acceso a ninguno de sus datos bancarios, que s\u00f3lo se transmitir\u00e1n encriptados al m\u00f3dulo de pago Payplug o PayPal y \u00fanicamente para la transacci\u00f3n.<\/p>\n<p>Ponemos a su disposici\u00f3n un sistema de pago en un servidor seguro (certificado PCI-DSS), que garantiza la confidencialidad de la informaci\u00f3n mediante procedimientos de protecci\u00f3n y encriptaci\u00f3n.<\/p>\n<p>Su n\u00famero de tarjeta de cr\u00e9dito no pasa sin cifrar por la red; se cifra sistem\u00e1ticamente. Este n\u00famero no se almacena en nuestros servidores.<\/p>\n<h3>M\u00e1s informaci\u00f3n\u00a0<strong><em>Payplug<\/em><\/strong><\/h3>\n<p>Natixis est devenu l&rsquo;actionnaire majoritaire de PayPlug en avril 2017.<\/p>\n<p>Acerca de Natixis Payments :<\/p>\n<p>Como actor tecnol\u00f3gico de pagos, Natixis Payments ofrece soluciones personalizadas y orientadas al usuario al sector minorista, empresas, pymes, autoridades p\u00fablicas, asociaciones, instituciones financieras, fintechs y particulares en Europa.<\/p>\n<p>Filiale du Groupe BPCE, Natixis Payments s&rsquo;appuie \u00e0 la fois sur un socle technologique robuste, sur ses fintechs et ses \u00e9quipes d&rsquo;experts pour d\u00e9velopper une gamme compl\u00e8te de solutions, en interne et avec des partenaires soigneusement s\u00e9lectionn\u00e9s. Elle intervient sur l&rsquo;ensemble de la cha\u00eene de valeur des paiements, de l&rsquo;\u00e9mission \u00e0 l&rsquo;acquisition, de l&rsquo;e-paiement aux portemonnaies \u00e9lectroniques, en passant par les cartes pr\u00e9pay\u00e9es.<\/p>\n<p>El primero en operar Apple Pay, Samsung Pay y el pago instant\u00e1neo en Francia y el principal emisor de tarjetas Visa en Europa continental, Natixis Payments gestiona 23 millones de tarjetas y m\u00e1s de 8.000 millones de transacciones al a\u00f1o.<\/p>\n<h3>Pago con su cuenta\u00a0<strong><em>PayPal<\/em><\/strong>\u00a0directamente<\/h3>\n<p>Con esta soluci\u00f3n, su pedido se procesa inmediatamente. El pago se realiza de forma segura conect\u00e1ndose directamente a su cuenta PayPal habitual. Usted no facilita los datos de su tarjeta de cr\u00e9dito.<\/p>\n<h3>M\u00e1s informaci\u00f3n\u00a0<strong><em>PayPal<\/em><\/strong><\/h3>\n<p>El l\u00edder indiscutible del pago en l\u00ednea,\u00a0<strong><em>PayPal<\/em><\/strong>\u00a0permite a compradores y vendedores enviar y recibir pagos en Internet. PayPal tiene m\u00e1s de 100 millones de cuentas en 190 pa\u00edses y regiones de todo el mundo.<\/p>\n<p>Es aceptada por todos los comercios y ayuda a proteger la informaci\u00f3n de su tarjeta de cr\u00e9dito con los mejores sistemas de seguridad y prevenci\u00f3n del fraude del mercado.\u00a0<strong>Cuando utiliza PayPal, su informaci\u00f3n financiera nunca se comparte con el vendedor.<\/strong>. Realice compras o env\u00ede pagos con\u00a0<strong><em>PayPal<\/em><\/strong>\u00a0es gratis. Compre y pague con total tranquilidad.\u00a0<strong><em>PayPal<\/em><\/strong>\u00a0es aceptado por millones de comercios de todo el mundo y es el m\u00e9todo de pago m\u00e1s utilizado en eBay.<\/p>","protected":false},"excerpt":{"rendered":"<p>Pago seguro en l\u00ednea con tarjeta de cr\u00e9dito mediante Payplug o Paypal Con esta soluci\u00f3n, su pedido se procesa inmediatamente. El sitio<\/p>","protected":false},"author":2,"featured_media":0,"parent":0,"menu_order":21,"comment_status":"closed","ping_status":"closed","template":"","meta":{"footnotes":""},"class_list":["post-42","page","type-page","status-publish","hentry"],"_links":{"self":[{"href":"https:\/\/harlem-lifestyle.com\/es\/wp-json\/wp\/v2\/pages\/42","targetHints":{"allow":["GET"]}}],"collection":[{"href":"https:\/\/harlem-lifestyle.com\/es\/wp-json\/wp\/v2\/pages"}],"about":[{"href":"https:\/\/harlem-lifestyle.com\/es\/wp-json\/wp\/v2\/types\/page"}],"author":[{"embeddable":true,"href":"https:\/\/harlem-lifestyle.com\/es\/wp-json\/wp\/v2\/users\/2"}],"replies":[{"embeddable":true,"href":"https:\/\/harlem-lifestyle.com\/es\/wp-json\/wp\/v2\/comments?post=42"}],"version-history":[{"count":1,"href":"https:\/\/harlem-lifestyle.com\/es\/wp-json\/wp\/v2\/pages\/42\/revisions"}],"predecessor-version":[{"id":40221,"href":"https:\/\/harlem-lifestyle.com\/es\/wp-json\/wp\/v2\/pages\/42\/revisions\/40221"}],"wp:attachment":[{"href":"https:\/\/harlem-lifestyle.com\/es\/wp-json\/wp\/v2\/media?parent=42"}],"curies":[{"name":"wp","href":"https:\/\/api.w.org\/{rel}","templated":true}]}}