{"id":5288,"date":"2021-08-25T09:00:10","date_gmt":"2021-08-25T09:00:10","guid":{"rendered":"http:\/\/dummy.xtemos.com\/woodmart2\/?page_id=5288"},"modified":"2024-01-23T21:37:49","modified_gmt":"2024-01-23T20:37:49","slug":"contact","status":"publish","type":"page","link":"https:\/\/harlem-lifestyle.com\/es\/contact\/","title":{"rendered":"P\u00f3ngase en contacto con"},"content":{"rendered":"<div class=\"wpb-content-wrapper\"><div class=\"vc_row wpb_row vc_row-fluid vc_custom_1496926452255 vc_row-o-equal-height vc_row-flex\"><div class=\"wpb_column vc_column_container vc_col-sm-12 vc_col-lg-6 vc_col-md-6 vc_col-has-fill\"><div class=\"vc_column-inner vc_custom_1496927710186\"><div class=\"wpb_wrapper\">\n\t\t<div id=\"wd-65ac0d0a9a56a\" class=\"title-wrapper wd-wpb wd-set-mb reset-last-child  wd-rs-65ac0d0a9a56a wd-title-color-default wd-title-style-default text-left  wd-underline-colored\">\n\t\t\t\t\t\t\t\n\t\t\t\t<div class=\"title-subtitle  subtitle-color-default font-default subtitle-style-default wd-font-weight- wd-fontsize-xs\">PREGUNTAS M\u00c1S FRECUENTES<\/div>\n\t\t\t\n\t\t\t<div class=\"liner-continer\">\n\t\t\t\t<h4 class=\"woodmart-title-container title  wd-font-weight- wd-fontsize-l\" >PREGUNTAS M\u00c1S FRECUENTES<\/h4>\n\t\t\t\t\t\t\t<\/div>\n\t\t\t\n\t\t\t\n\t\t\t\n\t\t<\/div>\n\t\t\n\t\t\n\t\t<div id=\"wd-61825698b13f0\" class=\"wd-accordion wd-wpb wd-rs-61825698b13f0  wd-style-default wd-titles-left wd-opener-pos-right wd-opener-style-arrow\" data-state=\"first\">\n\t\t\t\t\t\t\t\n\t\t\t\t\n\t\t\t\t<div class=\"wd-accordion-item\">\n\t\t\t\t\t<div class=\"wd-accordion-title wd-role-btn wd-active font-text wd-fontsize-s wd-font-weight-600\" data-accordion-index=\"0\" tabindex=\"0\">\n\t\t\t\t\t\t<div class=\"wd-accordion-title-text\">\n\t\t\t\t\t\t\t\t\t\t\t\t\t\t<span>\n\t\t\t\t\t\t\t\t\u00bfQu\u00e9 talla me recomienda?\t\t\t\t\t\t\t<\/span>\n\t\t\t\t\t\t<\/div>\n\t\t\t\t\t\t<span class=\"wd-accordion-opener\"><\/span>\n\t\t\t\t\t<\/div>\n\n\t\t\t\t\t<div class=\"wd-accordion-content wd-entry-content wd-active\" data-accordion-index=\"0\">\n\t\t\t\t\t\t\t\t\t\t\t\t\t\n<pre class=\"aLF-aPX-K0-aPE\">Consulte nuestra gu\u00eda de tallas.\r\n\r\nLa encontrar\u00e1s en la p\u00e1gina de cada producto haciendo clic en \"Gu\u00eda de tallas\".\r\n\r\nPara saber si tu pieza favorita te queda grande o peque\u00f1a, puedes consultar nuestras sugerencias de tallas encima del bot\u00f3n \"A\u00f1adir a la cesta\" de nuestra web.<\/pre>\n\t\t\t\t\t\t\t\t\t\t\t<\/div>\n\t\t\t\t<\/div>\n\t\t\t\t\t\t\t\n\t\t\t\t\n\t\t\t\t<div class=\"wd-accordion-item\">\n\t\t\t\t\t<div class=\"wd-accordion-title wd-role-btn font-text wd-fontsize-s wd-font-weight-600\" data-accordion-index=\"1\" tabindex=\"0\">\n\t\t\t\t\t\t<div class=\"wd-accordion-title-text\">\n\t\t\t\t\t\t\t\t\t\t\t\t\t\t<span>\n\t\t\t\t\t\t\t\t\u00bfCu\u00e1l es el estado de mi pedido?\t\t\t\t\t\t\t<\/span>\n\t\t\t\t\t\t<\/div>\n\t\t\t\t\t\t<span class=\"wd-accordion-opener\"><\/span>\n\t\t\t\t\t<\/div>\n\n\t\t\t\t\t<div class=\"wd-accordion-content wd-entry-content\" data-accordion-index=\"1\">\n\t\t\t\t\t\t\t\t\t\t\t\t\t\n<pre class=\"aLF-aPX-K0-aPE\">Para seguir el estado de entrega de su pedido, vaya a Mi cuenta &gt; Mis pedidos.\r\n\r\nHaga clic en el n\u00famero del pedido en cuesti\u00f3n y, a continuaci\u00f3n, en \"seguir mi pedido\" o \"seguir mi paquete\".\r\n\r\nEl plazo de preparaci\u00f3n de un pedido puede variar entre 1 y 2 d\u00edas laborables. El plazo de entrega (indicado al realizar el pedido) es efectivo una vez que el pedido ha sido enviado. Generalmente es de 48 a 72 horas en Francia, de 5 a 7 d\u00edas en Europa y de unos diez d\u00edas para los destinos internacionales.\r\n\r\nEl c\u00f3digo de barras de seguimiento debe ser escaneado por el transportista, por lo que el n\u00famero de seguimiento puede tardar entre 48 y 72 horas en hacerse efectivo. En este caso, vuelva a intentarlo m\u00e1s tarde.\r\n<\/pre>\n\t\t\t\t\t\t\t\t\t\t\t<\/div>\n\t\t\t\t<\/div>\n\t\t\t\t\t\t\t\n\t\t\t\t\n\t\t\t\t<div class=\"wd-accordion-item\">\n\t\t\t\t\t<div class=\"wd-accordion-title wd-role-btn font-text wd-fontsize-s wd-font-weight-600\" data-accordion-index=\"2\" tabindex=\"0\">\n\t\t\t\t\t\t<div class=\"wd-accordion-title-text\">\n\t\t\t\t\t\t\t\t\t\t\t\t\t\t<span>\n\t\t\t\t\t\t\t\t\u00bfC\u00f3mo hago un intercambio?\t\t\t\t\t\t\t<\/span>\n\t\t\t\t\t\t<\/div>\n\t\t\t\t\t\t<span class=\"wd-accordion-opener\"><\/span>\n\t\t\t\t\t<\/div>\n\n\t\t\t\t\t<div class=\"wd-accordion-content wd-entry-content\" data-accordion-index=\"2\">\n\t\t\t\t\t\t\t\t\t\t\t\t\t\n<pre class=\"aLF-aPX-K0-aPE\">A partir de la recepci\u00f3n de los productos, el consumidor dispone de un plazo legal de 14 (catorce) d\u00edas para solicitar un cambio. Para ejercer este derecho, el consumidor deber\u00e1 enviar un correo electr\u00f3nico especificando su n\u00famero de pedido, el\/los art\u00edculo(s) objeto del cambio, el\/los art\u00edculo(s) deseado(s) a cambio y los motivos de la solicitud de cambio al servicio de atenci\u00f3n al cliente a la siguiente direcci\u00f3n de correo electr\u00f3nico: contact@harlem-lifestyle.com . Los art\u00edculos deben devolverse en su estado original, sin usar.\r\n\r\nUn producto s\u00f3lo podr\u00e1 cambiarse por otro cuyo precio de venta no reembolsado sea inferior o igual al del producto inicialmente solicitado.\r\n\r\nLos art\u00edculos que se deseen cambiar deben devolverse a la siguiente direcci\u00f3n:\r\n\r\nHARLEM LIFESTYLE\r\n47 avenue Pierre Ziller\r\n06700 Saint Laurent du Var\r\nFRANCIA\r\n<\/pre>\n\t\t\t\t\t\t\t\t\t\t\t<\/div>\n\t\t\t\t<\/div>\n\t\t\t\t\t\t\t\n\t\t\t\t\n\t\t\t\t<div class=\"wd-accordion-item\">\n\t\t\t\t\t<div class=\"wd-accordion-title wd-role-btn font-text wd-fontsize-s wd-font-weight-600\" data-accordion-index=\"3\" tabindex=\"0\">\n\t\t\t\t\t\t<div class=\"wd-accordion-title-text\">\n\t\t\t\t\t\t\t\t\t\t\t\t\t\t<span>\n\t\t\t\t\t\t\t\t\u00bfC\u00f3mo hago una devoluci\u00f3n?\t\t\t\t\t\t\t<\/span>\n\t\t\t\t\t\t<\/div>\n\t\t\t\t\t\t<span class=\"wd-accordion-opener\"><\/span>\n\t\t\t\t\t<\/div>\n\n\t\t\t\t\t<div class=\"wd-accordion-content wd-entry-content\" data-accordion-index=\"3\">\n\t\t\t\t\t\t\t\t\t\t\t\t\t\n<pre>A partir de la fecha de recepci\u00f3n de los productos, el consumidor dispone de un plazo legal de reflexi\u00f3n de 14 (catorce) d\u00edas sin necesidad de justificaci\u00f3n.\r\n\r\nEl cliente s\u00f3lo ser\u00e1 responsable de los costes directos de devoluci\u00f3n de los productos. El m\u00e9todo de reembolso ser\u00e1 el mismo que el utilizado para la transacci\u00f3n inicial.\r\nPara ejercer este derecho, el consumidor deber\u00e1 enviar un correo electr\u00f3nico especificando su n\u00famero de pedido, los art\u00edculos objeto de la devoluci\u00f3n y los motivos de la misma al servicio de atenci\u00f3n al cliente a la siguiente direcci\u00f3n de correo electr\u00f3nico: contact@harlem-lifestyle.com.\r\n\r\nEl consumidor deber\u00e1 devolver los productos al vendedor sin demora indebida:\r\n\r\n<strong><em>ESTILO DE VIDA EN HARLEM\r\n<\/em>47 avenue Pierre Ziller<\/strong>\r\n<strong>06700 Saint Laurent du Var<\/strong>\r\n\r\nSi se prefiere el reembolso, se reembolsar\u00e1 al consumidor en un plazo de 7 a 10 d\u00edas a partir de la recepci\u00f3n de los productos, siempre que \u00e9stos hayan llegado a los locales del vendedor en su embalaje original, completos, en perfecto estado, sin usar, sin lavar y acompa\u00f1ados de la factura original. No se aceptar\u00e1 ninguna devoluci\u00f3n en la que no se cumpla alguno de estos criterios y el producto ser\u00e1 devuelto al consumidor.<\/pre>\n\t\t\t\t\t\t\t\t\t\t\t<\/div>\n\t\t\t\t<\/div>\n\t\t\t\t\t\t\t\t\t\t\t\t\t\t<\/div>\n\n\t\t<\/div><\/div><\/div><div class=\"wpb_column vc_column_container vc_col-sm-12 vc_col-lg-6 vc_col-md-6\"><div class=\"vc_column-inner vc_custom_1496927688909\"><div class=\"wpb_wrapper\">\n\t\t<div id=\"wd-65ac11a27181a\" class=\"title-wrapper wd-wpb wd-set-mb reset-last-child  wd-rs-65ac11a27181a wd-title-color-default wd-title-style-default text-left  wd-underline-colored\">\n\t\t\t\t\t\t\t\n\t\t\t\t<div class=\"title-subtitle  subtitle-color-default font-default subtitle-style-default wd-font-weight- wd-fontsize-xs\">CONTACTO<\/div>\n\t\t\t\n\t\t\t<div class=\"liner-continer\">\n\t\t\t\t<h4 class=\"woodmart-title-container title  wd-font-weight- wd-fontsize-l\" >\u00bfTIENE ALGUNA PREGUNTA?<\/h4>\n\t\t\t\t\t\t\t<\/div>\n\t\t\t\n\t\t\t\n\t\t\t\n\t\t<\/div>\n\t\t\n\t\t\n<div class=\"wpcf7 no-js\" id=\"wpcf7-f1938-o1\" lang=\"en-US\" dir=\"ltr\" data-wpcf7-id=\"1938\">\n<div class=\"screen-reader-response\"><p role=\"status\" aria-live=\"polite\" aria-atomic=\"true\"><\/p> <ul><\/ul><\/div>\n<form action=\"\/es\/wp-json\/wp\/v2\/pages\/5288#wpcf7-f1938-o1\" method=\"post\" class=\"wpcf7-form init\" aria-label=\"Formulario de contacto\" novalidate=\"novalidate\" data-status=\"init\" data-trp-original-action=\"\/es\/wp-json\/wp\/v2\/pages\/5288#wpcf7-f1938-o1\">\n<fieldset class=\"hidden-fields-container\"><input type=\"hidden\" name=\"_wpcf7\" value=\"1938\" \/><input type=\"hidden\" name=\"_wpcf7_version\" value=\"6.1.5\" \/><input type=\"hidden\" name=\"_wpcf7_locale\" value=\"en_US\" \/><input type=\"hidden\" name=\"_wpcf7_unit_tag\" value=\"wpcf7-f1938-o1\" \/><input type=\"hidden\" name=\"_wpcf7_container_post\" value=\"0\" \/><input type=\"hidden\" name=\"_wpcf7_posted_data_hash\" value=\"\" \/><input type=\"hidden\" name=\"_wpcf7_recaptcha_response\" value=\"\" \/>\n<\/fieldset>\n<div class=\"row\">\n\t<p class=\"col-md-6\"><label>Su nombre<\/label><span class=\"wpcf7-form-control-wrap\" data-name=\"your-name\"><input size=\"40\" maxlength=\"400\" class=\"wpcf7-form-control wpcf7-text wpcf7-validates-as-required\" aria-required=\"true\" aria-invalid=\"false\" value=\"\" type=\"text\" name=\"your-name\" \/><\/span>\n\t<\/p>\n\t<p class=\"col-md-6\"><label>Tu correo electr\u00f3nico<\/label><span class=\"wpcf7-form-control-wrap\" data-name=\"your-email\"><input size=\"40\" maxlength=\"400\" class=\"wpcf7-form-control wpcf7-email wpcf7-validates-as-required wpcf7-text wpcf7-validates-as-email\" aria-required=\"true\" aria-invalid=\"false\" value=\"\" type=\"email\" name=\"your-email\" \/><\/span>\n\t<\/p>\n<\/div>\n<p><label>Su mensaje<\/label><span class=\"wpcf7-form-control-wrap\" data-name=\"your-message\"><textarea cols=\"40\" rows=\"10\" maxlength=\"2000\" class=\"wpcf7-form-control wpcf7-textarea\" aria-invalid=\"false\" name=\"your-message\"><\/textarea><\/span>\n<\/p>\n<p><input class=\"wpcf7-form-control wpcf7-submit has-spinner btn-color-black\" type=\"submit\" value=\"ENVIAR\" \/>\n<\/p><div class=\"wpcf7-response-output\" aria-hidden=\"true\"><\/div>\n<input type=\"hidden\" name=\"trp-form-language\" value=\"es\"\/><\/form>\n<\/div>\n<\/div><\/div><\/div><\/div>\n<\/div>","protected":false},"excerpt":{"rendered":"PREGUNTAS FRECUENTES PREGUNTAS FRECUENTES \u00bfQu\u00e9 talla recomiendan? Consulte nuestra gu\u00eda de tallas. Puede encontrarla en","protected":false},"author":2001,"featured_media":0,"parent":0,"menu_order":0,"comment_status":"closed","ping_status":"closed","template":"","meta":{"footnotes":""},"class_list":["post-5288","page","type-page","status-publish","hentry"],"_links":{"self":[{"href":"https:\/\/harlem-lifestyle.com\/es\/wp-json\/wp\/v2\/pages\/5288","targetHints":{"allow":["GET"]}}],"collection":[{"href":"https:\/\/harlem-lifestyle.com\/es\/wp-json\/wp\/v2\/pages"}],"about":[{"href":"https:\/\/harlem-lifestyle.com\/es\/wp-json\/wp\/v2\/types\/page"}],"author":[{"embeddable":true,"href":"https:\/\/harlem-lifestyle.com\/es\/wp-json\/wp\/v2\/users\/2001"}],"replies":[{"embeddable":true,"href":"https:\/\/harlem-lifestyle.com\/es\/wp-json\/wp\/v2\/comments?post=5288"}],"version-history":[{"count":11,"href":"https:\/\/harlem-lifestyle.com\/es\/wp-json\/wp\/v2\/pages\/5288\/revisions"}],"predecessor-version":[{"id":40716,"href":"https:\/\/harlem-lifestyle.com\/es\/wp-json\/wp\/v2\/pages\/5288\/revisions\/40716"}],"wp:attachment":[{"href":"https:\/\/harlem-lifestyle.com\/es\/wp-json\/wp\/v2\/media?parent=5288"}],"curies":[{"name":"wp","href":"https:\/\/api.w.org\/{rel}","templated":true}]}}