{"id":5499,"date":"2014-03-02T09:30:53","date_gmt":"2014-03-02T08:30:53","guid":{"rendered":"http:\/\/harlem-lifestyle.com\/?page_id=5499"},"modified":"2026-02-04T17:47:30","modified_gmt":"2026-02-04T16:47:30","slug":"livraison-et-retour","status":"publish","type":"page","link":"https:\/\/harlem-lifestyle.com\/es\/livraison-et-retour\/","title":{"rendered":"Entregas y devoluciones"},"content":{"rendered":"<h2 style=\"text-align: center;\">ENTREGA<\/h2>\n<ul>\n<li>\n<h4>Entrega<strong> <span style=\"text-decoration: underline;\">Francia<\/span><\/strong> : 4,99<strong>\u00a0euros<\/strong> en Lockers ou Point relais et 6,99 euros \u00e0 domicile par Mondial relay * <span style=\"color: #ff00ff;\"><strong>Gratis a partir de 60 euros<\/strong><\/span>.<\/h4>\n<\/li>\n<li>\n<h4>Entrega <strong><span style=\"text-decoration: underline;\">Europa<\/span><\/strong> : 4,99<strong>\u00a0euros<\/strong> en Lockers ou Point relais et 6,99 euros \u00e0 domicile par Mondial relay ou par voie postale * <span style=\"color: #ff00ff;\"><strong>Gratis a partir de 60 euros<\/strong><\/span>.<\/h4>\n<\/li>\n<li>\n<h4>Resto de <strong><span style=\"text-decoration: underline;\">mundo<\/span><\/strong> : 11,99<strong>\u00a0euros<\/strong> por correo * <span style=\"color: #ff00ff;\"><strong>Gratis a partir de 60 euros<\/strong><\/span>.<\/h4>\n<\/li>\n<\/ul>\n<p>Una vez aceptado el pago,\u00a0<strong>a continuaci\u00f3n se env\u00eda su paquete<\/strong>\u00a0<strong>par Mondial relay ou La Poste sous forme de Courrier Suivi ou de Colissimo<\/strong> en fonction de la destination <strong>en un plazo de 24 a 48 horas<\/strong> (hors week-end et jours f\u00e9ri\u00e9s). Apr\u00e8s chaque envoi, vous recevrez un mail de notification avec votre num\u00e9ro de suivi vous permettant de tracker votre commande. Les d\u00e9lais\u00a0 de Mondial relay ou postaux en France m\u00e9tropolitaine sont de 3 \u00e0 5 jours ouvr\u00e9s heures hors weekend et jours f\u00e9ri\u00e9s. Pour les envois Hors France, il faut compter \u00a0entre 3 et 10 jours ouvr\u00e9s.<\/p>\n<p>Les d\u00e9lais sont indiqu\u00e9s \u00e0 titre indicatif, certaines livraisons n\u00e9cessitent plus de temps de pr\u00e9paration suite \u00e0 l\u2019attente d\u2019un r\u00e9assort de tailles par exemple ou d&rsquo;un rallongement du d\u00e9lai de livraison d\u00fb \u00e0 des difficult\u00e9s incombant aux transporteurs.<\/p>\n<hr \/>\n<hr \/>\n<p style=\"text-align: left;\">Nous informons notre client\u00e8le qu&rsquo;un colis suivi dont La Poste indique un tracking \u00e0 l&rsquo;\u00e9tat livr\u00e9 est consid\u00e9r\u00e9 comme tel d&rsquo;un point de vue l\u00e9gal.<\/p>\n<hr \/>\n<hr \/>\n<h2 style=\"text-align: center;\">INTERCAMBIO<\/h2>\n<p>A compter de la r\u00e9ception des produits, le consommateur dispose d\u2019un d\u00e9lai l\u00e9gal de 14 (quatorze) jours pour demander un \u00e9change. Pour exercer ce droit, le consommateur doit adresser un email pr\u00e9cisant son num\u00e9ro de commande, le ou les articles concern\u00e9(s) par l&rsquo;\u00e9change, le ou les article(s) souhait\u00e9s en \u00e9change et les raisons de la demande d&rsquo;\u00e9change au service client \u00e0 l&rsquo;adresse email suivante : contact@harlem-lifestyle.com . Un produit ne peut \u00eatre \u00e9chang\u00e9 que contre un autre article au prix de vente non-remis\u00e9 inf\u00e9rieur ou \u00e9gal ou produit initialement command\u00e9.<\/p>\n<p>El consumidor deber\u00e1 devolver sin demora indebida al vendedor los productos que desee cambiar:<\/p>\n<p><strong><em>ESTILO DE VIDA EN HARLEM<br \/>\n<\/em>47 avenue Pierre Ziller<\/strong><br \/>\n<strong> 06700 Saint Laurent du Var<br \/>\nFRANCIA<\/strong><\/p>\n<p>Los costes directos de devoluci\u00f3n de los bienes correr\u00e1n a cargo del consumidor. El consumidor deber\u00e1 devolver los bienes al vendedor sin demora indebida. Los riesgos asociados a la devoluci\u00f3n de un producto corren a cargo del consumidor. Es responsabilidad del consumidor tomar todas las medidas necesarias para garantizar la seguridad de la devoluci\u00f3n (embalaje, protecci\u00f3n). En el caso de devoluciones no firmadas y no recibidas por el vendedor, es responsabilidad del consumidor aportar un justificante de recepci\u00f3n del producto.<\/p>\n<p>Sin esta prueba, no podr\u00e1 efectuarse ning\u00fan cambio. No se realizar\u00e1 ning\u00fan cambio si el producto devuelto no ha llegado a las instalaciones del vendedor.<br \/>\nPor este motivo, recomendamos encarecidamente a todos los consumidores que deseen realizar un cambio que soliciten el env\u00edo certificado con declaraci\u00f3n del valor del producto y seguro, y la entrega contra firma.<\/p>\n<hr \/>\n<hr \/>\n<h2 style=\"text-align: center;\">DEVOLVER<\/h2>\n<p>A partir de la fecha de recepci\u00f3n de los productos, el consumidor dispone de un plazo legal de reflexi\u00f3n de 14 (catorce) d\u00edas sin necesidad de justificaci\u00f3n.<\/p>\n<p>El cliente s\u00f3lo ser\u00e1 responsable de los costes directos de devoluci\u00f3n de la mercanc\u00eda. El m\u00e9todo de reembolso ser\u00e1 el mismo que el m\u00e9todo de pago utilizado para la transacci\u00f3n inicial.<br \/>\nPour exercer ce droit, le consommateur doit\u00a0adresser un email pr\u00e9cisant son num\u00e9ro de commande, les articles concern\u00e9s par le retour, et les raisons du retour\u00a0au service client \u00e0 l&rsquo;adresse email suivante : contact@harlem-lifestyle.com<\/p>\n<p>El consumidor deber\u00e1 devolver los productos al vendedor sin demora indebida:<\/p>\n<p><strong><em>ESTILO DE VIDA EN HARLEM<br \/>\n<\/em>47 avenue Pierre Ziller<\/strong><br \/>\n<strong> 06700 Saint Laurent du Var<\/strong><\/p>\n<p>El consumidor recibir\u00e1 el reembolso en un plazo de 7 a 10 d\u00edas a partir de la recepci\u00f3n de los productos, siempre que \u00e9stos hayan llegado a los locales del vendedor en su embalaje original, completos, en perfecto estado, sin usar, sin lavar y acompa\u00f1ados de la factura original. No se aceptar\u00e1 ninguna devoluci\u00f3n en la que no se cumpla alguno de estos criterios y el producto ser\u00e1 devuelto al consumidor.<\/p>\n<p>Los riesgos derivados de la devoluci\u00f3n de un producto corren a cargo del consumidor. Es responsabilidad del consumidor tomar todas las medidas necesarias para garantizar la seguridad de la devoluci\u00f3n (embalaje, protecci\u00f3n). En el caso de devoluciones no firmadas y no recibidas por el vendedor, es responsabilidad del consumidor aportar un justificante de recepci\u00f3n del producto.<br \/>\nSin esta prueba, no podr\u00e1 efectuarse ning\u00fan reembolso. No se efectuar\u00e1 ning\u00fan reembolso si el producto devuelto no ha llegado a las instalaciones del vendedor.<br \/>\nPor ello, recomendamos encarecidamente a todos los consumidores que deseen realizar una devoluci\u00f3n que soliciten un env\u00edo certificado con declaraci\u00f3n del valor del producto y seguro, y la entrega contra firma.<\/p>","protected":false},"excerpt":{"rendered":"<p>LIVRAISON Livraison France : 4,99\u00a0euros en Lockers ou Point relais et 6,99 euros \u00e0 domicile par Mondial relay * Offerte<\/p>","protected":false},"author":2,"featured_media":0,"parent":0,"menu_order":14,"comment_status":"closed","ping_status":"closed","template":"","meta":{"footnotes":""},"class_list":["post-5499","page","type-page","status-publish","hentry"],"_links":{"self":[{"href":"https:\/\/harlem-lifestyle.com\/es\/wp-json\/wp\/v2\/pages\/5499","targetHints":{"allow":["GET"]}}],"collection":[{"href":"https:\/\/harlem-lifestyle.com\/es\/wp-json\/wp\/v2\/pages"}],"about":[{"href":"https:\/\/harlem-lifestyle.com\/es\/wp-json\/wp\/v2\/types\/page"}],"author":[{"embeddable":true,"href":"https:\/\/harlem-lifestyle.com\/es\/wp-json\/wp\/v2\/users\/2"}],"replies":[{"embeddable":true,"href":"https:\/\/harlem-lifestyle.com\/es\/wp-json\/wp\/v2\/comments?post=5499"}],"version-history":[{"count":10,"href":"https:\/\/harlem-lifestyle.com\/es\/wp-json\/wp\/v2\/pages\/5499\/revisions"}],"predecessor-version":[{"id":53769,"href":"https:\/\/harlem-lifestyle.com\/es\/wp-json\/wp\/v2\/pages\/5499\/revisions\/53769"}],"wp:attachment":[{"href":"https:\/\/harlem-lifestyle.com\/es\/wp-json\/wp\/v2\/media?parent=5499"}],"curies":[{"name":"wp","href":"https:\/\/api.w.org\/{rel}","templated":true}]}}