{"id":10077,"date":"2017-10-05T10:59:34","date_gmt":"2017-10-05T08:59:34","guid":{"rendered":"http:\/\/harlem-lifestyle.com\/?post_type=product&#038;p=10077"},"modified":"2026-03-01T20:31:37","modified_gmt":"2026-03-01T19:31:37","slug":"t-shirt-va-mickey-ta-mere-round","status":"publish","type":"product","link":"https:\/\/harlem-lifestyle.com\/es\/producto\/t-shirt-va-mickey-ta-mere-round\/","title":{"rendered":"Camiseta Go mickey your mother - H"},"content":{"rendered":"<p>Esta camiseta de 190 g para hombre est\u00e1 confeccionada en algod\u00f3n peinado 100%, con cuello redondo y manga corta. Con cinta para el cuello. Tejido duradero y tacto ultrasuave.<\/p>","protected":false},"excerpt":{"rendered":"<p>Esta camiseta de hombre est\u00e1 confeccionada en algod\u00f3n 100% para el blanco u otros colores y en algod\u00f3n 90% y viscosa 10% para el gris, con cuello redondo y manga corta. Cuello con banda. Tejido resistente de 190 g de tacto ultrasuave.<\/p>\n<p>\u25aa Camiseta blanca de manga corta<br \/>\n\u25aa Cuello redondo<br \/>\n\u25aa Cuello tira de limpieza<br \/>\n\u25aa Material duradero y tacto ultrasuave.<br \/>\n\u25aa 190g\/m\u00b2<br \/>\n\u25aa Corte recto<br \/>\n\u25aa 100 % Algod\u00f3n blanco u otro algod\u00f3n peinado<br \/>\n\u25aa 90 % Algod\u00f3n 10 % Viscosa en gris<br \/>\n\u25aa impreso mickey go mickey tu madre<\/p>","protected":false},"featured_media":35200,"template":"","meta":[],"product_brand":[],"product_cat":[92,419,307,93],"product_tag":[],"class_list":{"0":"post-10077","1":"product","2":"type-product","3":"status-publish","4":"has-post-thumbnail","6":"product_cat-homme","7":"product_cat-best-of","8":"product_cat-collectors-homme","9":"product_cat-t-shirts-col-rond-homme","11":"first","12":"instock","13":"sale","14":"featured","15":"shipping-taxable","16":"product-type-variable"},"_links":{"self":[{"href":"https:\/\/harlem-lifestyle.com\/es\/wp-json\/wp\/v2\/product\/10077","targetHints":{"allow":["GET"]}}],"collection":[{"href":"https:\/\/harlem-lifestyle.com\/es\/wp-json\/wp\/v2\/product"}],"about":[{"href":"https:\/\/harlem-lifestyle.com\/es\/wp-json\/wp\/v2\/types\/product"}],"wp:featuredmedia":[{"embeddable":true,"href":"https:\/\/harlem-lifestyle.com\/es\/wp-json\/wp\/v2\/media\/35200"}],"wp:attachment":[{"href":"https:\/\/harlem-lifestyle.com\/es\/wp-json\/wp\/v2\/media?parent=10077"}],"wp:term":[{"taxonomy":"product_brand","embeddable":true,"href":"https:\/\/harlem-lifestyle.com\/es\/wp-json\/wp\/v2\/product_brand?post=10077"},{"taxonomy":"product_cat","embeddable":true,"href":"https:\/\/harlem-lifestyle.com\/es\/wp-json\/wp\/v2\/product_cat?post=10077"},{"taxonomy":"product_tag","embeddable":true,"href":"https:\/\/harlem-lifestyle.com\/es\/wp-json\/wp\/v2\/product_tag?post=10077"}],"curies":[{"name":"wp","href":"https:\/\/api.w.org\/{rel}","templated":true}]}}