{"id":30857,"date":"2021-01-13T19:55:02","date_gmt":"2021-01-13T18:55:02","guid":{"rendered":"http:\/\/harlem-lifestyle.com\/?post_type=product&#038;p=30857"},"modified":"2026-03-01T20:39:19","modified_gmt":"2026-03-01T19:39:19","slug":"jersey-redondo-de-tortuga","status":"publish","type":"product","link":"https:\/\/harlem-lifestyle.com\/es\/producto\/jersey-redondo-de-tortuga\/","title":{"rendered":"Sudadera Tortuga - H"},"content":{"rendered":"<p><em>Sweat Homme Coupe Droite 270 g\/m\u00b2, 50% Coton 50% Polyester, afin de profiter \u00e0 la fois de la r\u00e9sistance et de la douceur au quotidien. Coutures lat\u00e9rales et double surpiq\u00fbre aux emmanchures et \u00e0 l&rsquo;encolure. Le motif repr\u00e9sente tortue g\u00e9niale.<\/em><\/p>","protected":false},"excerpt":{"rendered":"<p>Sudadera para hombre de 270 g\/m\u00b2, algod\u00f3n 50% y poli\u00e9ster 50%, para que pueda disfrutar a diario tanto de durabilidad como de suavidad. Costuras laterales y doble pespunte en sisas y escote.<\/p>\n<p>\u25aa Sudadera de 270 g\/m\u00b2.<\/p>\n<p>\u25aa 50% Algod\u00f3n 50% Poli\u00e9ster<\/p>\n<p>Costuras laterales<\/p>\n<p>\u25aa Costura a doble aguja en mangas y cuello.<\/p>\n<p>\u25aa brillante estampado de tortugas<\/p>","protected":false},"featured_media":51272,"template":"","meta":[],"product_brand":[],"product_cat":[92,94],"product_tag":[],"class_list":{"0":"post-30857","1":"product","2":"type-product","3":"status-publish","4":"has-post-thumbnail","6":"product_cat-homme","7":"product_cat-sweats-homme","9":"first","10":"instock","11":"shipping-taxable","12":"purchasable","13":"product-type-variable"},"_links":{"self":[{"href":"https:\/\/harlem-lifestyle.com\/es\/wp-json\/wp\/v2\/product\/30857","targetHints":{"allow":["GET"]}}],"collection":[{"href":"https:\/\/harlem-lifestyle.com\/es\/wp-json\/wp\/v2\/product"}],"about":[{"href":"https:\/\/harlem-lifestyle.com\/es\/wp-json\/wp\/v2\/types\/product"}],"wp:featuredmedia":[{"embeddable":true,"href":"https:\/\/harlem-lifestyle.com\/es\/wp-json\/wp\/v2\/media\/51272"}],"wp:attachment":[{"href":"https:\/\/harlem-lifestyle.com\/es\/wp-json\/wp\/v2\/media?parent=30857"}],"wp:term":[{"taxonomy":"product_brand","embeddable":true,"href":"https:\/\/harlem-lifestyle.com\/es\/wp-json\/wp\/v2\/product_brand?post=30857"},{"taxonomy":"product_cat","embeddable":true,"href":"https:\/\/harlem-lifestyle.com\/es\/wp-json\/wp\/v2\/product_cat?post=30857"},{"taxonomy":"product_tag","embeddable":true,"href":"https:\/\/harlem-lifestyle.com\/es\/wp-json\/wp\/v2\/product_tag?post=30857"}],"curies":[{"name":"wp","href":"https:\/\/api.w.org\/{rel}","templated":true}]}}