{"id":30939,"date":"2021-01-17T20:27:54","date_gmt":"2021-01-17T19:27:54","guid":{"rendered":"http:\/\/harlem-lifestyle.com\/?post_type=product&#038;p=30939"},"modified":"2026-03-01T20:03:02","modified_gmt":"2026-03-01T19:03:02","slug":"t-shirt-do-it-later-round-f","status":"publish","type":"product","link":"https:\/\/harlem-lifestyle.com\/es\/producto\/t-shirt-do-it-later-round-f\/","title":{"rendered":"Hazlo m\u00e1s tarde Camiseta - F"},"content":{"rendered":"<p>Esta camiseta para mujer est\u00e1 confeccionada en algod\u00f3n 100%, con cuello redondo y manga corta. Con cinta para el cuello. Tejido duradero y tacto ultrasuave. El dise\u00f1o presenta omer simpson.<\/p>","protected":false},"excerpt":{"rendered":"<p>Esta camiseta de 190 g para mujer est\u00e1 confeccionada en algod\u00f3n 100%, con cuello redondo y manga corta. Tiene una tira de forro en el cuello. Tejido duradero con un tacto ultrasuave. Su corte ligeramente oversize te mantendr\u00e1 c\u00f3moda todo el d\u00eda.<\/p>\n<p>\u25aa Camiseta de manga corta<br \/>\n\u25aa Cuello redondo<br \/>\n\u25aa Cuello tira de limpieza<br \/>\n\u25aa Material duradero y tacto ultrasuave.<br \/>\n\u25aa Corte ligeramente sobredimensionado.<br \/>\n\u25aa 190g\/m\u00b2<br \/>\n\u25aa omer simpson print<\/p>","protected":false},"featured_media":49656,"template":"","meta":[],"product_brand":[],"product_cat":[420,96,97],"product_tag":[],"class_list":{"0":"post-30939","1":"product","2":"type-product","3":"status-publish","4":"has-post-thumbnail","6":"product_cat-new-arrivals","7":"product_cat-femme","8":"product_cat-t-shirts-col-rond-femme","10":"first","11":"instock","12":"sale","13":"shipping-taxable","14":"purchasable","15":"product-type-variable"},"_links":{"self":[{"href":"https:\/\/harlem-lifestyle.com\/es\/wp-json\/wp\/v2\/product\/30939","targetHints":{"allow":["GET"]}}],"collection":[{"href":"https:\/\/harlem-lifestyle.com\/es\/wp-json\/wp\/v2\/product"}],"about":[{"href":"https:\/\/harlem-lifestyle.com\/es\/wp-json\/wp\/v2\/types\/product"}],"wp:featuredmedia":[{"embeddable":true,"href":"https:\/\/harlem-lifestyle.com\/es\/wp-json\/wp\/v2\/media\/49656"}],"wp:attachment":[{"href":"https:\/\/harlem-lifestyle.com\/es\/wp-json\/wp\/v2\/media?parent=30939"}],"wp:term":[{"taxonomy":"product_brand","embeddable":true,"href":"https:\/\/harlem-lifestyle.com\/es\/wp-json\/wp\/v2\/product_brand?post=30939"},{"taxonomy":"product_cat","embeddable":true,"href":"https:\/\/harlem-lifestyle.com\/es\/wp-json\/wp\/v2\/product_cat?post=30939"},{"taxonomy":"product_tag","embeddable":true,"href":"https:\/\/harlem-lifestyle.com\/es\/wp-json\/wp\/v2\/product_tag?post=30939"}],"curies":[{"name":"wp","href":"https:\/\/api.w.org\/{rel}","templated":true}]}}