{"id":32659,"date":"2021-09-19T14:09:09","date_gmt":"2021-09-19T12:09:09","guid":{"rendered":"http:\/\/harlem-lifestyle.com\/?post_type=product&#038;p=32659"},"modified":"2026-03-01T19:54:31","modified_gmt":"2026-03-01T18:54:31","slug":"sweat-thug-life-f","status":"publish","type":"product","link":"https:\/\/harlem-lifestyle.com\/es\/producto\/sweat-thug-life-f\/","title":{"rendered":"Sudadera Thug Life - F"},"content":{"rendered":"<p>Sweat Femme Coupe Droite 270 g\/m\u00b2, 50% Coton 50% Polyester, afin de profiter \u00e0 la fois de la r\u00e9sistance et de la douceur au quotidien. Coutures lat\u00e9rales et double surpiq\u00fbre aux emmanchures et \u00e0 l&rsquo;encolure. Le motif repr\u00e9sente amy whinehouse et kurt cobain<\/p>","protected":false},"excerpt":{"rendered":"<p>Sudadera de corte recto para mujer de 270 g\/m\u00b2, algod\u00f3n 50% y poli\u00e9ster 50%, para que disfrute a diario de durabilidad y suavidad. Costuras laterales y doble pespunte en sisas y escote.<\/p>\n<p>\u25aa Sweat Straight Cut<br \/>\n270 g\/m\u00b2 \u25aa<br \/>\n\u25aa 50% Algod\u00f3n 50% Poli\u00e9ster<br \/>\nCosturas laterales<br \/>\n\u25aa Doble pespunte<\/p>","protected":false},"featured_media":32665,"template":"","meta":[],"product_brand":[],"product_cat":[99],"product_tag":[],"class_list":{"0":"post-32659","1":"product","2":"type-product","3":"status-publish","4":"has-post-thumbnail","6":"product_cat-sweats-femme","8":"first","9":"instock","10":"shipping-taxable","11":"purchasable","12":"product-type-variable"},"_links":{"self":[{"href":"https:\/\/harlem-lifestyle.com\/es\/wp-json\/wp\/v2\/product\/32659","targetHints":{"allow":["GET"]}}],"collection":[{"href":"https:\/\/harlem-lifestyle.com\/es\/wp-json\/wp\/v2\/product"}],"about":[{"href":"https:\/\/harlem-lifestyle.com\/es\/wp-json\/wp\/v2\/types\/product"}],"wp:featuredmedia":[{"embeddable":true,"href":"https:\/\/harlem-lifestyle.com\/es\/wp-json\/wp\/v2\/media\/32665"}],"wp:attachment":[{"href":"https:\/\/harlem-lifestyle.com\/es\/wp-json\/wp\/v2\/media?parent=32659"}],"wp:term":[{"taxonomy":"product_brand","embeddable":true,"href":"https:\/\/harlem-lifestyle.com\/es\/wp-json\/wp\/v2\/product_brand?post=32659"},{"taxonomy":"product_cat","embeddable":true,"href":"https:\/\/harlem-lifestyle.com\/es\/wp-json\/wp\/v2\/product_cat?post=32659"},{"taxonomy":"product_tag","embeddable":true,"href":"https:\/\/harlem-lifestyle.com\/es\/wp-json\/wp\/v2\/product_tag?post=32659"}],"curies":[{"name":"wp","href":"https:\/\/api.w.org\/{rel}","templated":true}]}}