{"id":32796,"date":"2021-10-07T17:42:39","date_gmt":"2021-10-07T15:42:39","guid":{"rendered":"http:\/\/harlem-lifestyle.com\/?post_type=product&#038;p=32796"},"modified":"2025-08-29T23:03:40","modified_gmt":"2025-08-29T21:03:40","slug":"camiseta-steve-urkel-redonda-f","status":"publish","type":"product","link":"https:\/\/harlem-lifestyle.com\/es\/producto\/camiseta-steve-urkel-redonda-f\/","title":{"rendered":"Camiseta Steve Urkel - F"},"content":{"rendered":"<p>Esta camiseta para mujer est\u00e1 confeccionada en algod\u00f3n 100%, con cuello redondo y manga corta. Con cinta para el cuello. Tejido resistente y tacto ultrasuave. El dise\u00f1o presenta a Steve Urkel.<\/p>","protected":false},"excerpt":{"rendered":"<p>Esta camiseta de 190 g para mujer est\u00e1 confeccionada en algod\u00f3n 100%, con cuello redondo y manga corta. Tiene una tira de forro en el cuello. Tejido duradero con un tacto ultrasuave. Su corte ligeramente oversize te mantendr\u00e1 c\u00f3moda todo el d\u00eda. <\/p>\n<p>\u25aa Camiseta de manga corta<br \/>\n\u25aa Cuello redondo<br \/>\n\u25aa Cuello tira de limpieza<br \/>\n\u25aa Material duradero y tacto ultrasuave.<br \/>\n\u25aa Corte ligeramente sobredimensionado.<br \/>\n\u25aa 190g\/m\u00b2<br \/>\n\u25aa imprimir steve urkel<\/p>","protected":false},"featured_media":12347,"template":"","meta":[],"product_brand":[],"product_cat":[96,97],"product_tag":[],"class_list":{"0":"post-32796","1":"product","2":"type-product","3":"status-publish","4":"has-post-thumbnail","6":"product_cat-femme","7":"product_cat-t-shirts-col-rond-femme","9":"first","10":"instock","11":"sale","12":"shipping-taxable","13":"purchasable","14":"product-type-variable"},"_links":{"self":[{"href":"https:\/\/harlem-lifestyle.com\/es\/wp-json\/wp\/v2\/product\/32796","targetHints":{"allow":["GET"]}}],"collection":[{"href":"https:\/\/harlem-lifestyle.com\/es\/wp-json\/wp\/v2\/product"}],"about":[{"href":"https:\/\/harlem-lifestyle.com\/es\/wp-json\/wp\/v2\/types\/product"}],"wp:featuredmedia":[{"embeddable":true,"href":"https:\/\/harlem-lifestyle.com\/es\/wp-json\/wp\/v2\/media\/12347"}],"wp:attachment":[{"href":"https:\/\/harlem-lifestyle.com\/es\/wp-json\/wp\/v2\/media?parent=32796"}],"wp:term":[{"taxonomy":"product_brand","embeddable":true,"href":"https:\/\/harlem-lifestyle.com\/es\/wp-json\/wp\/v2\/product_brand?post=32796"},{"taxonomy":"product_cat","embeddable":true,"href":"https:\/\/harlem-lifestyle.com\/es\/wp-json\/wp\/v2\/product_cat?post=32796"},{"taxonomy":"product_tag","embeddable":true,"href":"https:\/\/harlem-lifestyle.com\/es\/wp-json\/wp\/v2\/product_tag?post=32796"}],"curies":[{"name":"wp","href":"https:\/\/api.w.org\/{rel}","templated":true}]}}