{"id":32811,"date":"2021-10-11T16:45:33","date_gmt":"2021-10-11T14:45:33","guid":{"rendered":"http:\/\/harlem-lifestyle.com\/?post_type=product&#038;p=32811"},"modified":"2026-03-01T20:31:34","modified_gmt":"2026-03-01T19:31:34","slug":"t-shirt-queen-elisabeth-round-h","status":"publish","type":"product","link":"https:\/\/harlem-lifestyle.com\/es\/producto\/camiseta-reina-elisabeth-redonda-h\/","title":{"rendered":"Camiseta Queen Elizabeth - H"},"content":{"rendered":"<p>Esta camiseta de 190 g para hombre est\u00e1 confeccionada en algod\u00f3n peinado 100%, con cuello redondo y manga corta. Con cinta para el cuello. Tejido duradero y tacto ultrasuave.<\/p>","protected":false},"excerpt":{"rendered":"<p>Esta camiseta de hombre est\u00e1 confeccionada en algod\u00f3n 100% para el blanco u otros colores y en algod\u00f3n 90% y viscosa 10% para el gris, con cuello redondo y manga corta. Cuello con banda. Tejido resistente de 190 g de tacto ultrasuave.<\/p>\n<p>\u25aa Camiseta blanca de manga corta<br \/>\n\u25aa Cuello redondo<br \/>\n\u25aa Cuello tira de limpieza<br \/>\n\u25aa Material duradero y tacto ultrasuave.<br \/>\n\u25aa 190g\/m\u00b2<br \/>\n\u25aa Corte recto<br \/>\n\u25aa 100 % Algod\u00f3n blanco u otro algod\u00f3n peinado<br \/>\n\u25aa 90 % Algod\u00f3n 10 % Viscosa en gris<br \/>\n\u25aa reina elisabeth estampada<\/p>","protected":false},"featured_media":32819,"template":"","meta":[],"product_brand":[],"product_cat":[92,93],"product_tag":[],"class_list":{"0":"post-32811","1":"product","2":"type-product","3":"status-publish","4":"has-post-thumbnail","6":"product_cat-homme","7":"product_cat-t-shirts-col-rond-homme","9":"first","10":"instock","11":"sale","12":"featured","13":"shipping-taxable","14":"purchasable","15":"product-type-variable"},"_links":{"self":[{"href":"https:\/\/harlem-lifestyle.com\/es\/wp-json\/wp\/v2\/product\/32811","targetHints":{"allow":["GET"]}}],"collection":[{"href":"https:\/\/harlem-lifestyle.com\/es\/wp-json\/wp\/v2\/product"}],"about":[{"href":"https:\/\/harlem-lifestyle.com\/es\/wp-json\/wp\/v2\/types\/product"}],"wp:featuredmedia":[{"embeddable":true,"href":"https:\/\/harlem-lifestyle.com\/es\/wp-json\/wp\/v2\/media\/32819"}],"wp:attachment":[{"href":"https:\/\/harlem-lifestyle.com\/es\/wp-json\/wp\/v2\/media?parent=32811"}],"wp:term":[{"taxonomy":"product_brand","embeddable":true,"href":"https:\/\/harlem-lifestyle.com\/es\/wp-json\/wp\/v2\/product_brand?post=32811"},{"taxonomy":"product_cat","embeddable":true,"href":"https:\/\/harlem-lifestyle.com\/es\/wp-json\/wp\/v2\/product_cat?post=32811"},{"taxonomy":"product_tag","embeddable":true,"href":"https:\/\/harlem-lifestyle.com\/es\/wp-json\/wp\/v2\/product_tag?post=32811"}],"curies":[{"name":"wp","href":"https:\/\/api.w.org\/{rel}","templated":true}]}}