{"id":33804,"date":"2022-02-17T19:55:21","date_gmt":"2022-02-17T18:55:21","guid":{"rendered":"http:\/\/harlem-lifestyle.com\/?post_type=product&#038;p=33804"},"modified":"2026-03-01T20:03:55","modified_gmt":"2026-03-01T19:03:55","slug":"t-shirt-parental-advisory-round-f","status":"publish","type":"product","link":"https:\/\/harlem-lifestyle.com\/es\/producto\/camiseta-asesoramiento-parental-ronda-f\/","title":{"rendered":"Camiseta Parental Advisory - F"},"content":{"rendered":"<p>Esta camiseta de mujer est\u00e1 confeccionada en algod\u00f3n 100% para el blanco u otros colores y en algod\u00f3n 90% y viscosa 10% para el gris, con cuello redondo y manga corta. Cuello con banda. Tejido resistente y tacto ultrasuave. En el motivo figura el logotipo de asesoramiento a los padres.<\/p>","protected":false},"excerpt":{"rendered":"<p>Esta camiseta de 190 g para mujer est\u00e1 confeccionada en algod\u00f3n 100%, con cuello redondo y manga corta. Tiene una tira de forro en el cuello. Tejido duradero con un tacto ultrasuave. Su corte ligeramente oversize te mantendr\u00e1 c\u00f3moda todo el d\u00eda.<\/p>\n<p>\u25aa Camiseta de manga corta<br \/>\n\u25aa Cuello redondo<br \/>\n\u25aa Cuello tira de limpieza<br \/>\n\u25aa Material duradero y tacto ultrasuave.<br \/>\n\u25aa Corte ligeramente sobredimensionado.<br \/>\n\u25aa 190g\/m\u00b2<br \/>\n\u25aa Logotipo impreso de asesoramiento a los padres.<\/p>","protected":false},"featured_media":33769,"template":"","meta":[],"product_brand":[],"product_cat":[426,96,97],"product_tag":[],"class_list":{"0":"post-33804","1":"product","2":"type-product","3":"status-publish","4":"has-post-thumbnail","6":"product_cat-slodes-femme","7":"product_cat-femme","8":"product_cat-t-shirts-col-rond-femme","10":"first","11":"instock","12":"sale","13":"shipping-taxable","14":"purchasable","15":"product-type-variable"},"_links":{"self":[{"href":"https:\/\/harlem-lifestyle.com\/es\/wp-json\/wp\/v2\/product\/33804","targetHints":{"allow":["GET"]}}],"collection":[{"href":"https:\/\/harlem-lifestyle.com\/es\/wp-json\/wp\/v2\/product"}],"about":[{"href":"https:\/\/harlem-lifestyle.com\/es\/wp-json\/wp\/v2\/types\/product"}],"wp:featuredmedia":[{"embeddable":true,"href":"https:\/\/harlem-lifestyle.com\/es\/wp-json\/wp\/v2\/media\/33769"}],"wp:attachment":[{"href":"https:\/\/harlem-lifestyle.com\/es\/wp-json\/wp\/v2\/media?parent=33804"}],"wp:term":[{"taxonomy":"product_brand","embeddable":true,"href":"https:\/\/harlem-lifestyle.com\/es\/wp-json\/wp\/v2\/product_brand?post=33804"},{"taxonomy":"product_cat","embeddable":true,"href":"https:\/\/harlem-lifestyle.com\/es\/wp-json\/wp\/v2\/product_cat?post=33804"},{"taxonomy":"product_tag","embeddable":true,"href":"https:\/\/harlem-lifestyle.com\/es\/wp-json\/wp\/v2\/product_tag?post=33804"}],"curies":[{"name":"wp","href":"https:\/\/api.w.org\/{rel}","templated":true}]}}