{"id":34096,"date":"2022-03-16T15:59:22","date_gmt":"2022-03-16T14:59:22","guid":{"rendered":"http:\/\/harlem-lifestyle.com\/?post_type=product&#038;p=34096"},"modified":"2025-08-29T23:03:41","modified_gmt":"2025-08-29T21:03:41","slug":"t-shirt-swag-steve-f","status":"publish","type":"product","link":"https:\/\/harlem-lifestyle.com\/es\/producto\/camiseta-swag-steve-f\/","title":{"rendered":"Camiseta Swag Steve - F"},"content":{"rendered":"<p>Esta camiseta para mujer est\u00e1 confeccionada en algod\u00f3n 100%, con cuello redondo y manga corta. Con cinta para el cuello. Tejido resistente y tacto ultrasuave. El dise\u00f1o presenta a steve urkel de la serie family life.<\/p>","protected":false},"excerpt":{"rendered":"<p>Esta camiseta de 190 g para mujer est\u00e1 confeccionada en algod\u00f3n 100%, con cuello redondo y manga corta. Tiene una tira de forro en el cuello. Tejido duradero con un tacto ultrasuave. Su corte ligeramente oversize te mantendr\u00e1 c\u00f3moda todo el d\u00eda. <\/p>\n<p>\u25aa Camiseta de manga corta<br \/>\n\u25aa Cuello redondo<br \/>\n\u25aa Cuello tira de limpieza<br \/>\n\u25aa Material duradero y tacto ultrasuave.<br \/>\n\u25aa Corte ligeramente sobredimensionado.<br \/>\n\u25aa 190g\/m\u00b2<br \/>\n\u25aa steve urkel impresi\u00f3n de la serie vida familiar<\/p>","protected":false},"featured_media":34108,"template":"","meta":[],"product_brand":[],"product_cat":[96,97],"product_tag":[],"class_list":{"0":"post-34096","1":"product","2":"type-product","3":"status-publish","4":"has-post-thumbnail","6":"product_cat-femme","7":"product_cat-t-shirts-col-rond-femme","9":"first","10":"instock","11":"sale","12":"shipping-taxable","13":"purchasable","14":"product-type-variable"},"_links":{"self":[{"href":"https:\/\/harlem-lifestyle.com\/es\/wp-json\/wp\/v2\/product\/34096","targetHints":{"allow":["GET"]}}],"collection":[{"href":"https:\/\/harlem-lifestyle.com\/es\/wp-json\/wp\/v2\/product"}],"about":[{"href":"https:\/\/harlem-lifestyle.com\/es\/wp-json\/wp\/v2\/types\/product"}],"wp:featuredmedia":[{"embeddable":true,"href":"https:\/\/harlem-lifestyle.com\/es\/wp-json\/wp\/v2\/media\/34108"}],"wp:attachment":[{"href":"https:\/\/harlem-lifestyle.com\/es\/wp-json\/wp\/v2\/media?parent=34096"}],"wp:term":[{"taxonomy":"product_brand","embeddable":true,"href":"https:\/\/harlem-lifestyle.com\/es\/wp-json\/wp\/v2\/product_brand?post=34096"},{"taxonomy":"product_cat","embeddable":true,"href":"https:\/\/harlem-lifestyle.com\/es\/wp-json\/wp\/v2\/product_cat?post=34096"},{"taxonomy":"product_tag","embeddable":true,"href":"https:\/\/harlem-lifestyle.com\/es\/wp-json\/wp\/v2\/product_tag?post=34096"}],"curies":[{"name":"wp","href":"https:\/\/api.w.org\/{rel}","templated":true}]}}