{"id":39532,"date":"2023-11-24T18:52:34","date_gmt":"2023-11-24T17:52:34","guid":{"rendered":"http:\/\/harlem-lifestyle.com\/?post_type=product&#038;p=39532"},"modified":"2026-04-16T14:43:35","modified_gmt":"2026-04-16T12:43:35","slug":"camiseta-coreana-fuck-you-h","status":"publish","type":"product","link":"https:\/\/harlem-lifestyle.com\/es\/producto\/camiseta-coreana-fuck-you-h\/","title":{"rendered":"Camiseta coreana Fuck you - H"},"content":{"rendered":"<p>Esta camiseta de 190 g para hombre est\u00e1 confeccionada en algod\u00f3n peinado 100%, con cuello redondo y manga corta. Con cinta para el cuello. Tejido duradero y tacto ultrasuave.<\/p>","protected":false},"excerpt":{"rendered":"<p>Esta camiseta de hombre est\u00e1 confeccionada en algod\u00f3n 100% para el blanco u otros colores y en algod\u00f3n 90% y viscosa 10% para el gris, con cuello redondo y manga corta. Cuello con banda. Tejido resistente de 190 g de tacto ultrasuave.<\/p>\n<p>&#x25aa; T-Shirt blanc manches courtes<br \/>\n&#x25aa; Col Rond<br \/>\n&#x25aa; Bande de propret\u00e9 au col<br \/>\n&#x25aa; Mati\u00e8re r\u00e9sistante et toucher ultra-doux<br \/>\n&#x25aa; 190g\/m\u00b2<br \/>\n&#x25aa; Coupe droite<br \/>\n&#x25aa; 100 % Coton peign\u00e9 en blanc ou autres<br \/>\n&#x25aa; 90 % Coton 10 % Viscose en gris<br \/>\n&#x25aa; imprim\u00e9 Korean fuck you<\/p>","protected":false},"featured_media":39538,"template":"","meta":[],"product_brand":[],"product_cat":[427,92,93],"product_tag":[],"class_list":{"0":"post-39532","1":"product","2":"type-product","3":"status-publish","4":"has-post-thumbnail","6":"product_cat-soldes-homme","7":"product_cat-homme","8":"product_cat-t-shirts-col-rond-homme","10":"first","11":"instock","12":"sale","13":"featured","14":"shipping-taxable","15":"purchasable","16":"product-type-variable"},"_links":{"self":[{"href":"https:\/\/harlem-lifestyle.com\/es\/wp-json\/wp\/v2\/product\/39532","targetHints":{"allow":["GET"]}}],"collection":[{"href":"https:\/\/harlem-lifestyle.com\/es\/wp-json\/wp\/v2\/product"}],"about":[{"href":"https:\/\/harlem-lifestyle.com\/es\/wp-json\/wp\/v2\/types\/product"}],"wp:featuredmedia":[{"embeddable":true,"href":"https:\/\/harlem-lifestyle.com\/es\/wp-json\/wp\/v2\/media\/39538"}],"wp:attachment":[{"href":"https:\/\/harlem-lifestyle.com\/es\/wp-json\/wp\/v2\/media?parent=39532"}],"wp:term":[{"taxonomy":"product_brand","embeddable":true,"href":"https:\/\/harlem-lifestyle.com\/es\/wp-json\/wp\/v2\/product_brand?post=39532"},{"taxonomy":"product_cat","embeddable":true,"href":"https:\/\/harlem-lifestyle.com\/es\/wp-json\/wp\/v2\/product_cat?post=39532"},{"taxonomy":"product_tag","embeddable":true,"href":"https:\/\/harlem-lifestyle.com\/es\/wp-json\/wp\/v2\/product_tag?post=39532"}],"curies":[{"name":"wp","href":"https:\/\/api.w.org\/{rel}","templated":true}]}}