{"id":40312,"date":"2024-01-22T14:23:30","date_gmt":"2024-01-22T13:23:30","guid":{"rendered":"https:\/\/harlem-lifestyle.com\/produit\/sac-shopping-friends-horror\/"},"modified":"2025-08-29T23:05:38","modified_gmt":"2025-08-29T21:05:38","slug":"sac-shopping-tg","status":"publish","type":"product","link":"https:\/\/harlem-lifestyle.com\/es\/producto\/sac-shopping-tg\/","title":{"rendered":"Sac shopping TG"},"content":{"rendered":"<p>Ce grand sac shopping est tr\u00e8s pratique pour faire vos courses et pour vous accompagner durant vos sessions de shopping. Avec un grammage de 140 g\/m\u00b2, il est \u00e0 la fois l\u00e9ger et pliable tout en \u00e9tant suffisamment r\u00e9sistant pour tout ce que vous aurez \u00e0 porter. Fabriqu\u00e9 \u00e0 100% en coton, il poss\u00e8de un tissu de qualit\u00e9 et b\u00e9n\u00e9ficie d&rsquo;une tr\u00e8s bonne long\u00e9vit\u00e9. D&rsquo;une dimension de 38x42cm, ce grand sac shopping dispose d&rsquo;anses tr\u00e8s longues de 70cm pour permettre de le porter aussi bien \u00e0 la main qu&rsquo;\u00e0 l&rsquo;\u00e9paule pour un meilleur confort.<\/p>\n<p>Composici\u00f3n: algod\u00f3n 100%<br \/>\nAsas largas: 70 cm<br \/>\nGramaje: 140 g\/m\u00b2.<br \/>\nDimensiones: 38x42cm<\/p>","protected":false},"excerpt":{"rendered":"<p>Ce grand sac shopping est tr\u00e8s pratique pour faire vos courses et pour vous accompagner durant vos sessions de shopping. Avec un grammage de 140 g\/m\u00b2, il est \u00e0 la fois l\u00e9ger et pliable tout en \u00e9tant suffisamment r\u00e9sistant pour tout ce que vous aurez \u00e0 porter. Fabriqu\u00e9 \u00e0 100% en coton, il poss\u00e8de un tissu de qualit\u00e9 et b\u00e9n\u00e9ficie d&rsquo;une tr\u00e8s bonne long\u00e9vit\u00e9. D&rsquo;une dimension de 38x42cm, ce grand sac shopping dispose d&rsquo;anses tr\u00e8s longues de 70cm pour permettre de le porter aussi bien \u00e0 la main qu&rsquo;\u00e0 l&rsquo;\u00e9paule pour un meilleur confort.<\/p>\n<p>Composici\u00f3n: algod\u00f3n 100%<br \/>\nAsas largas: 70 cm<br \/>\nGramaje: 140 g\/m\u00b2.<br \/>\nDimensiones: 38x42cm<\/p>","protected":false},"featured_media":50126,"template":"","meta":[],"product_brand":[],"product_cat":[310],"product_tag":[311],"class_list":{"0":"post-40312","1":"product","2":"type-product","3":"status-publish","4":"has-post-thumbnail","6":"product_cat-sacs-shopping","7":"product_tag-sacs-shopping","9":"first","10":"instock","11":"sale","12":"product-type-simple"},"_links":{"self":[{"href":"https:\/\/harlem-lifestyle.com\/es\/wp-json\/wp\/v2\/product\/40312","targetHints":{"allow":["GET"]}}],"collection":[{"href":"https:\/\/harlem-lifestyle.com\/es\/wp-json\/wp\/v2\/product"}],"about":[{"href":"https:\/\/harlem-lifestyle.com\/es\/wp-json\/wp\/v2\/types\/product"}],"wp:featuredmedia":[{"embeddable":true,"href":"https:\/\/harlem-lifestyle.com\/es\/wp-json\/wp\/v2\/media\/50126"}],"wp:attachment":[{"href":"https:\/\/harlem-lifestyle.com\/es\/wp-json\/wp\/v2\/media?parent=40312"}],"wp:term":[{"taxonomy":"product_brand","embeddable":true,"href":"https:\/\/harlem-lifestyle.com\/es\/wp-json\/wp\/v2\/product_brand?post=40312"},{"taxonomy":"product_cat","embeddable":true,"href":"https:\/\/harlem-lifestyle.com\/es\/wp-json\/wp\/v2\/product_cat?post=40312"},{"taxonomy":"product_tag","embeddable":true,"href":"https:\/\/harlem-lifestyle.com\/es\/wp-json\/wp\/v2\/product_tag?post=40312"}],"curies":[{"name":"wp","href":"https:\/\/api.w.org\/{rel}","templated":true}]}}