{"id":40558,"date":"2024-01-22T14:24:10","date_gmt":"2024-01-22T13:24:10","guid":{"rendered":"https:\/\/harlem-lifestyle.com\/produit\/t-shirt-nun-f\/"},"modified":"2026-03-01T20:03:51","modified_gmt":"2026-03-01T19:03:51","slug":"t-shirt-nun-f","status":"publish","type":"product","link":"https:\/\/harlem-lifestyle.com\/es\/producto\/camiseta-monja-f\/","title":{"rendered":"Camiseta Monja - F"},"content":{"rendered":"<p><em>Esta camiseta de 190 g para mujer est\u00e1 confeccionada en algod\u00f3n 100%, con cuello redondo y manga corta. Tiene una tira de forro en el cuello. Tejido duradero con un tacto ultrasuave. Su corte ligeramente oversize te mantendr\u00e1 c\u00f3moda todo el d\u00eda.<br \/>\n<\/em><\/p>\n<p><span data-mce-fragment=\"1\">\u25aa Camiseta de manga corta<\/span><br data-mce-fragment=\"1\" \/><span data-mce-fragment=\"1\">\u25aa Cuello redondo<\/span><br data-mce-fragment=\"1\" \/><span data-mce-fragment=\"1\">\u25aa Cuello tira de limpieza<\/span><br data-mce-fragment=\"1\" \/><span data-mce-fragment=\"1\">\u25aa Material duradero y tacto ultrasuave.<\/span><br data-mce-fragment=\"1\" \/><span data-mce-fragment=\"1\">\u25aa Corte ligeramente sobredimensionado.<br \/>\n\u25aa 190g\/m\u00b2<\/span><br data-mce-fragment=\"1\" \/><span data-mce-fragment=\"1\">\u25aa impreso\u00a0<\/span>\u00a0\u00ab\u00a0nonne\u00a0\u00bb<\/p>","protected":false},"excerpt":{"rendered":"<p><em>Esta camiseta de 190 g para mujer est\u00e1 confeccionada en algod\u00f3n 100%, con cuello redondo y manga corta. Tiene una tira de forro en el cuello. Tejido duradero con un tacto ultrasuave. Su corte ligeramente oversize te mantendr\u00e1 c\u00f3moda todo el d\u00eda.<br \/>\n<\/em><\/p>\n<p><span data-mce-fragment=\"1\">\u25aa Camiseta de manga corta<\/span><br data-mce-fragment=\"1\" \/><span data-mce-fragment=\"1\">\u25aa Cuello redondo<\/span><br data-mce-fragment=\"1\" \/><span data-mce-fragment=\"1\">\u25aa Cuello tira de limpieza<\/span><br data-mce-fragment=\"1\" \/><span data-mce-fragment=\"1\">\u25aa Material duradero y tacto ultrasuave.<\/span><br data-mce-fragment=\"1\" \/><span data-mce-fragment=\"1\">\u25aa Corte ligeramente sobredimensionado.<br \/>\n\u25aa 190g\/m\u00b2<\/span><br data-mce-fragment=\"1\" \/><span data-mce-fragment=\"1\">\u25aa impreso\u00a0<\/span>\u00a0\u00ab\u00a0nonne\u00a0\u00bb<\/p>","protected":false},"featured_media":44978,"template":"","meta":[],"product_brand":[],"product_cat":[96,306,97],"product_tag":[318,247,248],"class_list":{"0":"post-40558","1":"product","2":"type-product","3":"status-publish","4":"has-post-thumbnail","6":"product_cat-femme","7":"product_cat-collectors-femme","8":"product_cat-t-shirts-col-rond-femme","9":"product_tag-best-seller-femme","10":"product_tag-femme","11":"product_tag-t-shirts-femme","13":"first","14":"instock","15":"sale","16":"purchasable","17":"product-type-variable"},"_links":{"self":[{"href":"https:\/\/harlem-lifestyle.com\/es\/wp-json\/wp\/v2\/product\/40558","targetHints":{"allow":["GET"]}}],"collection":[{"href":"https:\/\/harlem-lifestyle.com\/es\/wp-json\/wp\/v2\/product"}],"about":[{"href":"https:\/\/harlem-lifestyle.com\/es\/wp-json\/wp\/v2\/types\/product"}],"wp:featuredmedia":[{"embeddable":true,"href":"https:\/\/harlem-lifestyle.com\/es\/wp-json\/wp\/v2\/media\/44978"}],"wp:attachment":[{"href":"https:\/\/harlem-lifestyle.com\/es\/wp-json\/wp\/v2\/media?parent=40558"}],"wp:term":[{"taxonomy":"product_brand","embeddable":true,"href":"https:\/\/harlem-lifestyle.com\/es\/wp-json\/wp\/v2\/product_brand?post=40558"},{"taxonomy":"product_cat","embeddable":true,"href":"https:\/\/harlem-lifestyle.com\/es\/wp-json\/wp\/v2\/product_cat?post=40558"},{"taxonomy":"product_tag","embeddable":true,"href":"https:\/\/harlem-lifestyle.com\/es\/wp-json\/wp\/v2\/product_tag?post=40558"}],"curies":[{"name":"wp","href":"https:\/\/api.w.org\/{rel}","templated":true}]}}