{"id":41114,"date":"2024-02-10T21:53:45","date_gmt":"2024-02-10T20:53:45","guid":{"rendered":"https:\/\/harlem-lifestyle.com\/?post_type=product&#038;p=41114"},"modified":"2026-03-04T20:47:05","modified_gmt":"2026-03-04T19:47:05","slug":"t-shirt-you-talkin-to-me-f","status":"publish","type":"product","link":"https:\/\/harlem-lifestyle.com\/es\/producto\/t-shirt-you-talkin-to-me-f\/","title":{"rendered":"T-shirt You talkin&rsquo;to me &#8211; F"},"content":{"rendered":"<p>Esta camiseta de 190 g para mujer est\u00e1 confeccionada en algod\u00f3n peinado 100%, con cuello redondo y manga corta. Con cinta para el cuello. Tejido duradero y tacto ultrasuave.<\/p>","protected":false},"excerpt":{"rendered":"<p>Esta camiseta de mujer est\u00e1 confeccionada en algod\u00f3n 100% para el blanco u otros colores y en algod\u00f3n 90% y viscosa 10% para el gris, con cuello redondo y manga corta. Cuello con banda. Tejido resistente de 190 g de tacto ultrasuave.<\/p>\n<p>&#x25aa; T-Shirt blanc manches courtes<br \/>\n&#x25aa; Col Rond<br \/>\n&#x25aa; Bande de propret\u00e9 au col<br \/>\n&#x25aa; Mati\u00e8re r\u00e9sistante et toucher ultra-doux<br \/>\n&#x25aa; 190g\/m\u00b2<br \/>\n&#x25aa; Coupe droite<br \/>\n&#x25aa; 100 % Coton peign\u00e9 en blanc ou autres<br \/>\n&#x25aa; 90 % Coton 10 % Viscose en gris<br \/>\n&#x25aa; imprim\u00e9 \u00ab\u00a0Mister bean\u00a0\u00bb<\/p>","protected":false},"featured_media":41091,"template":"","meta":[],"product_brand":[],"product_cat":[96,306,97],"product_tag":[],"class_list":{"0":"post-41114","1":"product","2":"type-product","3":"status-publish","4":"has-post-thumbnail","6":"product_cat-femme","7":"product_cat-collectors-femme","8":"product_cat-t-shirts-col-rond-femme","10":"first","11":"instock","12":"sale","13":"featured","14":"shipping-taxable","15":"purchasable","16":"product-type-variable"},"_links":{"self":[{"href":"https:\/\/harlem-lifestyle.com\/es\/wp-json\/wp\/v2\/product\/41114","targetHints":{"allow":["GET"]}}],"collection":[{"href":"https:\/\/harlem-lifestyle.com\/es\/wp-json\/wp\/v2\/product"}],"about":[{"href":"https:\/\/harlem-lifestyle.com\/es\/wp-json\/wp\/v2\/types\/product"}],"wp:featuredmedia":[{"embeddable":true,"href":"https:\/\/harlem-lifestyle.com\/es\/wp-json\/wp\/v2\/media\/41091"}],"wp:attachment":[{"href":"https:\/\/harlem-lifestyle.com\/es\/wp-json\/wp\/v2\/media?parent=41114"}],"wp:term":[{"taxonomy":"product_brand","embeddable":true,"href":"https:\/\/harlem-lifestyle.com\/es\/wp-json\/wp\/v2\/product_brand?post=41114"},{"taxonomy":"product_cat","embeddable":true,"href":"https:\/\/harlem-lifestyle.com\/es\/wp-json\/wp\/v2\/product_cat?post=41114"},{"taxonomy":"product_tag","embeddable":true,"href":"https:\/\/harlem-lifestyle.com\/es\/wp-json\/wp\/v2\/product_tag?post=41114"}],"curies":[{"name":"wp","href":"https:\/\/api.w.org\/{rel}","templated":true}]}}